{"id":9371,"date":"2021-07-16T20:33:25","date_gmt":"2021-07-16T20:33:25","guid":{"rendered":"https:\/\/alvosinternational.com\/palmares\/"},"modified":"2025-12-01T04:14:34","modified_gmt":"2025-12-01T04:14:34","slug":"palmares","status":"publish","type":"page","link":"https:\/\/alvosinternational.com\/pt-br\/palmares\/","title":{"rendered":"PRODUTOS"},"content":{"rendered":"\t\t<div data-elementor-type=\"wp-page\" data-elementor-id=\"9371\" class=\"elementor elementor-9371 elementor-91\" data-elementor-post-type=\"page\">\n\t\t\t\t\t\t<section class=\"elementor-section elementor-top-section elementor-element elementor-element-17ead15 elementor-section-boxed elementor-section-height-default elementor-section-height-default\" data-id=\"17ead15\" data-element_type=\"section\" data-e-type=\"section\">\n\t\t\t\t\t\t<div class=\"elementor-container elementor-column-gap-default\">\n\t\t\t\t\t<div class=\"elementor-column elementor-col-33 elementor-top-column elementor-element elementor-element-c0b44ed\" data-id=\"c0b44ed\" data-element_type=\"column\" data-e-type=\"column\">\n\t\t\t<div class=\"elementor-widget-wrap elementor-element-populated\">\n\t\t\t\t\t\t<div class=\"elementor-element elementor-element-e15cbfe elementor-hidden-mobile elementor-widget elementor-widget-image\" data-id=\"e15cbfe\" data-element_type=\"widget\" data-e-type=\"widget\" data-widget_type=\"image.default\">\n\t\t\t\t<div class=\"elementor-widget-container\">\n\t\t\t\t\t\t\t\t\t\t\t\t\t\t\t<img fetchpriority=\"high\" decoding=\"async\" width=\"800\" height=\"534\" src=\"https:\/\/alvosinternational.com\/wp-content\/uploads\/2025\/11\/vecteezy_industrial-interior-of-manufacturing-plant-showing-storage_59239827-1024x683.jpg\" class=\"attachment-large size-large wp-image-9372\" alt=\"\" srcset=\"https:\/\/alvosinternational.com\/wp-content\/uploads\/2025\/11\/vecteezy_industrial-interior-of-manufacturing-plant-showing-storage_59239827-1024x683.jpg 1024w, https:\/\/alvosinternational.com\/wp-content\/uploads\/2025\/11\/vecteezy_industrial-interior-of-manufacturing-plant-showing-storage_59239827-300x200.jpg 300w, https:\/\/alvosinternational.com\/wp-content\/uploads\/2025\/11\/vecteezy_industrial-interior-of-manufacturing-plant-showing-storage_59239827-768x512.jpg 768w, https:\/\/alvosinternational.com\/wp-content\/uploads\/2025\/11\/vecteezy_industrial-interior-of-manufacturing-plant-showing-storage_59239827-1536x1024.jpg 1536w, https:\/\/alvosinternational.com\/wp-content\/uploads\/2025\/11\/vecteezy_industrial-interior-of-manufacturing-plant-showing-storage_59239827-2048x1365.jpg 2048w\" sizes=\"(max-width: 800px) 100vw, 800px\" \/>\t\t\t\t\t\t\t\t\t\t\t\t\t\t\t<\/div>\n\t\t\t\t<\/div>\n\t\t\t\t\t<\/div>\n\t\t<\/div>\n\t\t\t\t<div class=\"elementor-column elementor-col-33 elementor-top-column elementor-element elementor-element-f5bfa2a\" data-id=\"f5bfa2a\" data-element_type=\"column\" data-e-type=\"column\">\n\t\t\t<div class=\"elementor-widget-wrap elementor-element-populated\">\n\t\t\t\t\t\t<div class=\"elementor-element elementor-element-281914e elementor-widget elementor-widget-image\" data-id=\"281914e\" data-element_type=\"widget\" data-e-type=\"widget\" data-widget_type=\"image.default\">\n\t\t\t\t<div class=\"elementor-widget-container\">\n\t\t\t\t\t\t\t\t\t\t\t\t\t\t\t<img decoding=\"async\" width=\"2560\" height=\"1707\" src=\"https:\/\/alvosinternational.com\/wp-content\/uploads\/2025\/11\/vecteezy_laboratory-glassware-containing-colorful-chemical-liquid-on_68886642-scaled.jpeg\" class=\"attachment-full size-full wp-image-9373\" alt=\"\" srcset=\"https:\/\/alvosinternational.com\/wp-content\/uploads\/2025\/11\/vecteezy_laboratory-glassware-containing-colorful-chemical-liquid-on_68886642-scaled.jpeg 2560w, https:\/\/alvosinternational.com\/wp-content\/uploads\/2025\/11\/vecteezy_laboratory-glassware-containing-colorful-chemical-liquid-on_68886642-300x200.jpeg 300w, https:\/\/alvosinternational.com\/wp-content\/uploads\/2025\/11\/vecteezy_laboratory-glassware-containing-colorful-chemical-liquid-on_68886642-1024x683.jpeg 1024w, https:\/\/alvosinternational.com\/wp-content\/uploads\/2025\/11\/vecteezy_laboratory-glassware-containing-colorful-chemical-liquid-on_68886642-768x512.jpeg 768w, https:\/\/alvosinternational.com\/wp-content\/uploads\/2025\/11\/vecteezy_laboratory-glassware-containing-colorful-chemical-liquid-on_68886642-1536x1024.jpeg 1536w, https:\/\/alvosinternational.com\/wp-content\/uploads\/2025\/11\/vecteezy_laboratory-glassware-containing-colorful-chemical-liquid-on_68886642-2048x1365.jpeg 2048w\" sizes=\"(max-width: 2560px) 100vw, 2560px\" \/>\t\t\t\t\t\t\t\t\t\t\t\t\t\t\t<\/div>\n\t\t\t\t<\/div>\n\t\t\t\t\t<\/div>\n\t\t<\/div>\n\t\t\t\t<div class=\"elementor-column elementor-col-33 elementor-top-column elementor-element elementor-element-0916a12\" data-id=\"0916a12\" data-element_type=\"column\" data-e-type=\"column\">\n\t\t\t<div class=\"elementor-widget-wrap elementor-element-populated\">\n\t\t\t\t\t\t<div class=\"elementor-element elementor-element-3f585c9 elementor-hidden-mobile elementor-widget elementor-widget-image\" data-id=\"3f585c9\" data-element_type=\"widget\" data-e-type=\"widget\" data-widget_type=\"image.default\">\n\t\t\t\t<div class=\"elementor-widget-container\">\n\t\t\t\t\t\t\t\t\t\t\t\t\t\t\t<img decoding=\"async\" width=\"2560\" height=\"1707\" src=\"https:\/\/alvosinternational.com\/wp-content\/uploads\/2025\/11\/vecteezy_colorful-powder-pigments-in-glass-bottles-for-science-art-or_70280839-scaled.jpg\" class=\"attachment-full size-full wp-image-9374\" alt=\"\" srcset=\"https:\/\/alvosinternational.com\/wp-content\/uploads\/2025\/11\/vecteezy_colorful-powder-pigments-in-glass-bottles-for-science-art-or_70280839-scaled.jpg 2560w, https:\/\/alvosinternational.com\/wp-content\/uploads\/2025\/11\/vecteezy_colorful-powder-pigments-in-glass-bottles-for-science-art-or_70280839-300x200.jpg 300w, https:\/\/alvosinternational.com\/wp-content\/uploads\/2025\/11\/vecteezy_colorful-powder-pigments-in-glass-bottles-for-science-art-or_70280839-1024x683.jpg 1024w, https:\/\/alvosinternational.com\/wp-content\/uploads\/2025\/11\/vecteezy_colorful-powder-pigments-in-glass-bottles-for-science-art-or_70280839-768x512.jpg 768w, https:\/\/alvosinternational.com\/wp-content\/uploads\/2025\/11\/vecteezy_colorful-powder-pigments-in-glass-bottles-for-science-art-or_70280839-1536x1024.jpg 1536w, https:\/\/alvosinternational.com\/wp-content\/uploads\/2025\/11\/vecteezy_colorful-powder-pigments-in-glass-bottles-for-science-art-or_70280839-2048x1365.jpg 2048w\" sizes=\"(max-width: 2560px) 100vw, 2560px\" \/>\t\t\t\t\t\t\t\t\t\t\t\t\t\t\t<\/div>\n\t\t\t\t<\/div>\n\t\t\t\t\t<\/div>\n\t\t<\/div>\n\t\t\t\t\t<\/div>\n\t\t<\/section>\n\t\t\t\t<section class=\"elementor-section elementor-top-section elementor-element elementor-element-d4200fc elementor-section-boxed elementor-section-height-default elementor-section-height-default\" data-id=\"d4200fc\" data-element_type=\"section\" data-e-type=\"section\">\n\t\t\t\t\t\t<div class=\"elementor-container elementor-column-gap-default\">\n\t\t\t\t\t<div class=\"elementor-column elementor-col-100 elementor-top-column elementor-element elementor-element-f7bf3a8\" data-id=\"f7bf3a8\" data-element_type=\"column\" data-e-type=\"column\">\n\t\t\t<div class=\"elementor-widget-wrap elementor-element-populated\">\n\t\t\t\t\t\t<div class=\"elementor-element elementor-element-0c8f493 elementor-widget elementor-widget-heading\" data-id=\"0c8f493\" data-element_type=\"widget\" data-e-type=\"widget\" data-widget_type=\"heading.default\">\n\t\t\t\t<div class=\"elementor-widget-container\">\n\t\t\t\t\t<h2 class=\"elementor-heading-title elementor-size-default\">Lista Completa de Produtos <\/h2>\t\t\t\t<\/div>\n\t\t\t\t<\/div>\n\t\t\t\t\t<\/div>\n\t\t<\/div>\n\t\t\t\t\t<\/div>\n\t\t<\/section>\n\t\t\t\t<section class=\"elementor-section elementor-top-section elementor-element elementor-element-af3329d elementor-section-boxed elementor-section-height-default elementor-section-height-default\" data-id=\"af3329d\" data-element_type=\"section\" data-e-type=\"section\">\n\t\t\t\t\t\t<div class=\"elementor-container elementor-column-gap-default\">\n\t\t\t\t\t<div class=\"elementor-column elementor-col-100 elementor-top-column elementor-element elementor-element-0f3f6d9\" data-id=\"0f3f6d9\" data-element_type=\"column\" data-e-type=\"column\">\n\t\t\t<div class=\"elementor-widget-wrap elementor-element-populated\">\n\t\t\t\t\t\t<div class=\"elementor-element elementor-element-722d77f elementor-widget elementor-widget-heading\" data-id=\"722d77f\" data-element_type=\"widget\" data-e-type=\"widget\" data-widget_type=\"heading.default\">\n\t\t\t\t<div class=\"elementor-widget-container\">\n\t\t\t\t\t<h2 class=\"elementor-heading-title elementor-size-default\">\u00c1cido Ac\u00e9tico Glacial <br>\nFluoreto de Alum\u00ednio <br>\nBifluoreto de Am\u00f4nio <br>\nCloreto de Am\u00f4nio <br>\nPersulfato de Am\u00f4nio <br>\nPolifosfato de Am\u00f4nio <br>\nSulfamato de Am\u00f4nio <br>\nATMP 50% <br>\nSulfato de B\u00e1rio Natural 1,5-2 m\u00edcrons <br>\nSulfato de B\u00e1rio Natural 3-4 m\u00edcrons <br>\nSulfato de B\u00e1rio Precipitado 0,7 m\u00edcron <br>\nSulfato de B\u00e1rio Precipitado 1 m\u00edcron <br>\nSulfato de B\u00e1rio Natural 17 m\u00edcrons <br>\n\u00c1cido B\u00f3rico <br>\nCloreto de C\u00e1lcio 74% P\u00e9rolas <br>\nCloreto de C\u00e1lcio 77% Flocos <br>\nCloreto de C\u00e1lcio 94% P\u00f3 <br>\nCloreto de C\u00e1lcio 94% Gr\u00e2nulos <br>\nFormiato de C\u00e1lcio <br>\nNitrato de C\u00e1lcio em Gr\u00e2nulos <br>\nNitrato de C\u00e1lcio Cristais (Livre de Am\u00f4nia) <br>\nNitrato de C\u00e1lcio Tetrahidratado - \u00cdndia <br>\nSal de C\u00e1lcio de \u00c1cido Palm\u00edtico <br>\nMistura de \u00c1cido Capr\u00edlico-C\u00e1prico C8-C10 <br>\nSoda C\u00e1ustica em P\u00e9rolas <br>\nCloreto de Colina 70% l\u00edquido <br>\n\u00c1cido C\u00edtrico Anidro <br>\nCarbonato de Cobre <br>\nHidr\u00f3xido de Cobre <br>\nOxicloreto de Cobre <br>\nSulfato de Cobre Pentahidratado <br>\nFosfato Diam\u00f4nico <br>\nDicianodiamida <br>\n\u00c1cido DTPA <br>\nDTPA Fe 11% <br>\nDTPA Mn 10% <br>\nDTPA Zn <br>\nEDDHA Fe 6% - 4,8% orto-orto <br>\nEDDHA Fe 6% - 5,2% orto-orto <br>\n\u00c1cido EDTA <br>\nEDTA Ca <br>\nEDTA Cu 15% <br>\nEDTA Diss\u00f3dico <br>\nEDTA Fe 13% <br>\nEDTA Mn 13% <br>\nEDTA Tetrass\u00f3dico <br>\nEDTA Tetrass\u00f3dico 40% L\u00edquido <br>\nEDTA Tetrass\u00f3dico em P\u00f3 <br>\nEDTA Zn 15% <br>\nSulfato Ferroso Heptahidratado 20% <br>\nSulfato Ferroso Monohidratado Granular 30% <br>\nSulfato Ferroso Monohidratado em P\u00f3 30% <br>\nSulfato Ferroso Monohidratado Granular 30% Grau Aliment\u00edcio 24-60 Mesh\n<br>\n\u00c1cido F\u00f3rmico <br>\nBeta\u00edna Glicina (Beta\u00edna Anidra) <br>\nGlioxal 40% <br>\n\u00c1cido Gliox\u00edlico <br>\nBoro Granular 10% <br>\nBoro Granular 15% <br>\nGoma Guar 35-40 <br>\nGoma Guar 40-45 <br>\nGoma Guar em P\u00f3 200 mesh <br>\n\u00d3xido de Ferro Vermelho 110 <br>\nCloreto de Magn\u00e9sio em Flocos <br>\nNitrato de Magn\u00e9sio em Gr\u00e2nulos <br>\nNitrato de Magn\u00e9sio Cristal <br>\nSulfato de Magn\u00e9sio 9,8% Heptahidratado <br>\nSulfato de Magn\u00e9sio Anidro Granular <br>\nSulfato de Magn\u00e9sio Anidro em P\u00f3 <br>\nSulfato de Magn\u00e9sio Trihidratado <br>\nSulfato de Magn\u00e9sio Monohidratado em P\u00f3 Grau Aliment\u00edcio <br>\nAnidrido Maleico em Briquetes <br>\nCarbonato de Mangan\u00eas 44% <br>\n\u00d3xido de Mangan\u00eas 60% <br>\nSulfato de Mangan\u00eas Granular 31,5% <br>\n\nSulfato de Mangan\u00eas em P\u00f3 32% <br>\nFosfato Monoam\u00f4nico <br>\nMonoetanolamina <br>\nMGDA Triss\u00f3dico 40% <br>\nUreia Microprilada <br>\nMonopentaeritritol 98% <br>\nFosfato Monoss\u00f3dico <br>\nNBPT <br>\nN-ETIL-2-PIRROLIDONA <br>\nNTA 3Na <br>\n\u00c1cido Ox\u00e1lico <br>\nGordura de Palma <br>\n\u00c1cido P-Aminobenz\u00f3ico <br>\n\u00c1cido Para-Hidroxibenz\u00f3ico <br>\nPBTC 50% <br>\n\u00c1cido Fosf\u00f3rico 75% <br>\n\u00c1cido Fosf\u00f3rico 85% <br>\n\u00c1cido Fosforoso 98,5% <br>\n\u00c1cido Fosforoso 99% <br>\nPoliacrilamida <br>\nCelulose Poliani\u00f4nica PAC LV <br>\nCelulose Poliani\u00f4nica PAC R <br>\n\u00c1cido Polifosf\u00f3rico 105% <br>\nPolissorbato 80 - Monooleato de Sorbitano Etoxilado <br>\nAcetato de Pot\u00e1ssio <br>\nBicarbonato de Pot\u00e1ssio <br>\nCarbonato de Pot\u00e1ssio <br>\nFormiato de Pot\u00e1ssio 75% L\u00edquido <br>\nFormiato de Pot\u00e1ssio 97% Flocos <br>\nHidr\u00f3xido de Pot\u00e1ssio 90% Flocos <br>\nNitrato de Pot\u00e1ssio <br>\nSulfato de Pot\u00e1ssio <br>\nCarbonato de Propileno <br>\nHidrolisado de Prote\u00edna 90% <br>\n\u00c1cido Salic\u00edlico <br>\nSAPP <br>\nCitrato de S\u00f3dio <br>\nEritorbato de S\u00f3dio <br>\nFerrocianeto de S\u00f3dio <br>\nFluorsilicato de S\u00f3dio <br>\nFormiato de S\u00f3dio <br>\nGluconato de S\u00f3dio <br>\nMetabissulfito de S\u00f3dio <br>\nMetassilicato de S\u00f3dio Anidro <br>\nMetassilicato de S\u00f3dio Pentahidratado <br>\nPerborato de S\u00f3dio Tetrahidratado <br>\nPersulfato de S\u00f3dio <br>\nSulfito de S\u00f3dio Anidro <br>\nBoro Sol\u00favel (Octoborato Diss\u00f3dico) <br>\nSTPP Denso <br>\nSTPP Leve <br>\nSTPP M\u00e9dio <br>\n\u00c1cido Sulf\u00e2mico <br>\n\u00d3leo de R\u00edcino Sulfatado 75% <br>\nAsfalto Sulfonado <br>\nTHPS 75% <br>\nDi\u00f3xido de Tit\u00e2nio Cloreto RC 800 PG + <br>\nDi\u00f3xido de Tit\u00e2nio Cloreto RC 822 <br>\nDi\u00f3xido de Tit\u00e2nio CR-810 <br>\nDi\u00f3xido de Tit\u00e2nio CR-811 <br>\nDi\u00f3xido de Tit\u00e2nio R-213 <br>\nDi\u00f3xido de Tit\u00e2nio SR-801 <br>\nDi\u00f3xido de Tit\u00e2nio SR-802 <br>\nDi\u00f3xido de Tit\u00e2nio SR-803 <br>\nDi\u00f3xido de Tit\u00e2nio SR-804 <br>\nDi\u00f3xido de Tit\u00e2nio SR-805 <br>     \n\nFosfato Triss\u00f3dico Dodecahidratado <br>\nFosfato de Ureia <br>\nGoma Xantana grau API <br>\nCarbonato de Zinco <br>\nCloreto de Zinco 98% <br>\n\u00d3xido de Zinco Grau Aliment\u00edcio 72% <br>\n\u00d3xido de Zinco Grau Gold Seal - Grau Puro <br>\nSulfato de Zinco Granular 35,5% <br>\nSulfato de Zinco Monohidratado 35,5% em P\u00f3 <br><\/h2>\t\t\t\t<\/div>\n\t\t\t\t<\/div>\n\t\t\t\t\t<\/div>\n\t\t<\/div>\n\t\t\t\t\t<\/div>\n\t\t<\/section>\n\t\t\t\t<\/div>\n\t\t","protected":false},"excerpt":{"rendered":"<p>Lista Completa de Produtos \u00c1cido Ac\u00e9tico Glacial Fluoreto de Alum\u00ednio Bifluoreto de Am\u00f4nio Cloreto de Am\u00f4nio Persulfato de Am\u00f4nio Polifosfato de Am\u00f4nio Sulfamato de Am\u00f4nio ATMP 50% Sulfato de B\u00e1rio Natural 1,5-2 m\u00edcrons Sulfato de B\u00e1rio Natural 3-4 m\u00edcrons Sulfato de B\u00e1rio Precipitado 0,7 m\u00edcron Sulfato de B\u00e1rio Precipitado 1 m\u00edcron Sulfato de B\u00e1rio Natural [&hellip;]<\/p>\n","protected":false},"author":1,"featured_media":0,"parent":0,"menu_order":0,"comment_status":"closed","ping_status":"closed","template":"","meta":{"_acf_changed":false,"footnotes":""},"class_list":["post-9371","page","type-page","status-publish","hentry"],"acf":[],"_links":{"self":[{"href":"https:\/\/alvosinternational.com\/pt-br\/wp-json\/wp\/v2\/pages\/9371","targetHints":{"allow":["GET"]}}],"collection":[{"href":"https:\/\/alvosinternational.com\/pt-br\/wp-json\/wp\/v2\/pages"}],"about":[{"href":"https:\/\/alvosinternational.com\/pt-br\/wp-json\/wp\/v2\/types\/page"}],"author":[{"embeddable":true,"href":"https:\/\/alvosinternational.com\/pt-br\/wp-json\/wp\/v2\/users\/1"}],"replies":[{"embeddable":true,"href":"https:\/\/alvosinternational.com\/pt-br\/wp-json\/wp\/v2\/comments?post=9371"}],"version-history":[{"count":4,"href":"https:\/\/alvosinternational.com\/pt-br\/wp-json\/wp\/v2\/pages\/9371\/revisions"}],"predecessor-version":[{"id":9573,"href":"https:\/\/alvosinternational.com\/pt-br\/wp-json\/wp\/v2\/pages\/9371\/revisions\/9573"}],"wp:attachment":[{"href":"https:\/\/alvosinternational.com\/pt-br\/wp-json\/wp\/v2\/media?parent=9371"}],"curies":[{"name":"wp","href":"https:\/\/api.w.org\/{rel}","templated":true}]}}