{"id":9065,"date":"2024-08-15T02:05:17","date_gmt":"2024-08-15T02:05:17","guid":{"rendered":"https:\/\/alvosinternational.com\/juri\/"},"modified":"2025-12-01T02:54:58","modified_gmt":"2025-12-01T02:54:58","slug":"juri","status":"publish","type":"page","link":"https:\/\/alvosinternational.com\/pt-br\/juri\/","title":{"rendered":"POR QUE ESCOLHER A ALVOS?"},"content":{"rendered":"\t\t<div data-elementor-type=\"wp-page\" data-elementor-id=\"9065\" class=\"elementor elementor-9065 elementor-7840\" data-elementor-post-type=\"page\">\n\t\t\t\t\t\t<section class=\"elementor-section elementor-top-section elementor-element elementor-element-767305eb elementor-section-boxed elementor-section-height-default elementor-section-height-default\" data-id=\"767305eb\" data-element_type=\"section\" data-e-type=\"section\">\n\t\t\t\t\t\t<div class=\"elementor-container elementor-column-gap-default\">\n\t\t\t\t\t<div class=\"elementor-column elementor-col-100 elementor-top-column elementor-element elementor-element-5e74911c\" data-id=\"5e74911c\" data-element_type=\"column\" data-e-type=\"column\">\n\t\t\t<div class=\"elementor-widget-wrap elementor-element-populated\">\n\t\t\t\t\t\t<div class=\"elementor-element elementor-element-61f888c5 elementor-widget elementor-widget-heading\" data-id=\"61f888c5\" data-element_type=\"widget\" data-e-type=\"widget\" data-widget_type=\"heading.default\">\n\t\t\t\t<div class=\"elementor-widget-container\">\n\t\t\t\t\t<h2 class=\"elementor-heading-title elementor-size-default\">Por que escolher a Alvos?<br><\/h2>\t\t\t\t<\/div>\n\t\t\t\t<\/div>\n\t\t\t\t\t<\/div>\n\t\t<\/div>\n\t\t\t\t\t<\/div>\n\t\t<\/section>\n\t\t\t\t<section class=\"elementor-section elementor-top-section elementor-element elementor-element-3967e9e elementor-section-boxed elementor-section-height-default elementor-section-height-default\" data-id=\"3967e9e\" data-element_type=\"section\" data-e-type=\"section\">\n\t\t\t\t\t\t<div class=\"elementor-container elementor-column-gap-default\">\n\t\t\t\t\t<div class=\"elementor-column elementor-col-100 elementor-top-column elementor-element elementor-element-1a0ef03\" data-id=\"1a0ef03\" data-element_type=\"column\" data-e-type=\"column\">\n\t\t\t<div class=\"elementor-widget-wrap elementor-element-populated\">\n\t\t\t\t\t\t<div class=\"elementor-element elementor-element-df1cf9d elementor-widget elementor-widget-heading\" data-id=\"df1cf9d\" data-element_type=\"widget\" data-e-type=\"widget\" data-widget_type=\"heading.default\">\n\t\t\t\t<div class=\"elementor-widget-container\">\n\t\t\t\t\t<h2 class=\"elementor-heading-title elementor-size-default\">Somos centrados no cliente. Nosso objetivo \u00e9 criar vantagens competitivas para nossos clientes. <\/h2>\t\t\t\t<\/div>\n\t\t\t\t<\/div>\n\t\t\t\t<div class=\"elementor-element elementor-element-9b05d13 elementor-widget elementor-widget-heading\" data-id=\"9b05d13\" data-element_type=\"widget\" data-e-type=\"widget\" data-widget_type=\"heading.default\">\n\t\t\t\t<div class=\"elementor-widget-container\">\n\t\t\t\t\t<h2 class=\"elementor-heading-title elementor-size-default\">Operamos com uma filosofia de prioridade ao cliente e um compromisso em criar vantagens competitivas para cada cliente que atendemos. Como especialistas em sourcing global de produtos qu\u00edmicos especiais e otimiza\u00e7\u00e3o da cadeia de suprimentos, identificamos sistematicamente inefici\u00eancias em toda a cadeia de suprimentos\u2014repassando as economias resultantes diretamente aos nossos clientes. Nossas margens s\u00e3o limitadas a uma porcentagem fixa dos custos do produto, refor\u00e7ando nossa dedica\u00e7\u00e3o a parcerias de longo prazo em vez de ganhos de curto prazo.  <\/h2>\t\t\t\t<\/div>\n\t\t\t\t<\/div>\n\t\t\t\t\t<\/div>\n\t\t<\/div>\n\t\t\t\t\t<\/div>\n\t\t<\/section>\n\t\t\t\t<section class=\"elementor-section elementor-top-section elementor-element elementor-element-4f1d31e elementor-section-boxed elementor-section-height-default elementor-section-height-default\" data-id=\"4f1d31e\" data-element_type=\"section\" data-e-type=\"section\">\n\t\t\t\t\t\t<div class=\"elementor-container elementor-column-gap-default\">\n\t\t\t\t\t<div class=\"elementor-column elementor-col-100 elementor-top-column elementor-element elementor-element-6922699\" data-id=\"6922699\" data-element_type=\"column\" data-e-type=\"column\">\n\t\t\t<div class=\"elementor-widget-wrap elementor-element-populated\">\n\t\t\t\t\t\t<div class=\"elementor-element elementor-element-c39d3fc elementor-widget elementor-widget-heading\" data-id=\"c39d3fc\" data-element_type=\"widget\" data-e-type=\"widget\" data-widget_type=\"heading.default\">\n\t\t\t\t<div class=\"elementor-widget-container\">\n\t\t\t\t\t<h2 class=\"elementor-heading-title elementor-size-default\">Sourcing direto.<\/h2>\t\t\t\t<\/div>\n\t\t\t\t<\/div>\n\t\t\t\t<div class=\"elementor-element elementor-element-55e4e3f elementor-widget elementor-widget-heading\" data-id=\"55e4e3f\" data-element_type=\"widget\" data-e-type=\"widget\" data-widget_type=\"heading.default\">\n\t\t\t\t<div class=\"elementor-widget-container\">\n\t\t\t\t\t<h2 class=\"elementor-heading-title elementor-size-default\">Ao fazer o sourcing diretamente de fabricantes globais l\u00edderes, garantimos a qualidade consistente dos produtos. <\/h2>\t\t\t\t<\/div>\n\t\t\t\t<\/div>\n\t\t\t\t\t<\/div>\n\t\t<\/div>\n\t\t\t\t\t<\/div>\n\t\t<\/section>\n\t\t\t\t<section class=\"elementor-section elementor-top-section elementor-element elementor-element-b9e8fff elementor-section-boxed elementor-section-height-default elementor-section-height-default\" data-id=\"b9e8fff\" data-element_type=\"section\" data-e-type=\"section\">\n\t\t\t\t\t\t<div class=\"elementor-container elementor-column-gap-default\">\n\t\t\t\t\t<div class=\"elementor-column elementor-col-100 elementor-top-column elementor-element elementor-element-fc6c98b\" data-id=\"fc6c98b\" data-element_type=\"column\" data-e-type=\"column\">\n\t\t\t<div class=\"elementor-widget-wrap elementor-element-populated\">\n\t\t\t\t\t\t<div class=\"elementor-element elementor-element-878ac18 elementor-widget elementor-widget-heading\" data-id=\"878ac18\" data-element_type=\"widget\" data-e-type=\"widget\" data-widget_type=\"heading.default\">\n\t\t\t\t<div class=\"elementor-widget-container\">\n\t\t\t\t\t<h2 class=\"elementor-heading-title elementor-size-default\">Insights transparentes e acion\u00e1veis sobre produtos e mercados.<\/h2>\t\t\t\t<\/div>\n\t\t\t\t<\/div>\n\t\t\t\t<div class=\"elementor-element elementor-element-5221c25 elementor-widget elementor-widget-heading\" data-id=\"5221c25\" data-element_type=\"widget\" data-e-type=\"widget\" data-widget_type=\"heading.default\">\n\t\t\t\t<div class=\"elementor-widget-container\">\n\t\t\t\t\t<h2 class=\"elementor-heading-title elementor-size-default\">Nosso profundo conhecimento da din\u00e2mica de oferta, demanda, capacidade, log\u00edstica e pre\u00e7os nos permite antecipar mudan\u00e7as de mercado e entregar proativamente insights que capacitam os clientes a planejar com confian\u00e7a.<\/h2>\t\t\t\t<\/div>\n\t\t\t\t<\/div>\n\t\t\t\t\t<\/div>\n\t\t<\/div>\n\t\t\t\t\t<\/div>\n\t\t<\/section>\n\t\t\t\t<section class=\"elementor-section elementor-top-section elementor-element elementor-element-0a59491 elementor-section-boxed elementor-section-height-default elementor-section-height-default\" data-id=\"0a59491\" data-element_type=\"section\" data-e-type=\"section\">\n\t\t\t\t\t\t<div class=\"elementor-container elementor-column-gap-default\">\n\t\t\t\t\t<div class=\"elementor-column elementor-col-100 elementor-top-column elementor-element elementor-element-22d66e5\" data-id=\"22d66e5\" data-element_type=\"column\" data-e-type=\"column\">\n\t\t\t<div class=\"elementor-widget-wrap elementor-element-populated\">\n\t\t\t\t\t\t<div class=\"elementor-element elementor-element-f20083b elementor-widget elementor-widget-heading\" data-id=\"f20083b\" data-element_type=\"widget\" data-e-type=\"widget\" data-widget_type=\"heading.default\">\n\t\t\t\t<div class=\"elementor-widget-container\">\n\t\t\t\t\t<h2 class=\"elementor-heading-title elementor-size-default\">Conformidade com as regulamenta\u00e7\u00f5es alfandeg\u00e1rias e de importa\u00e7\u00e3o.<\/h2>\t\t\t\t<\/div>\n\t\t\t\t<\/div>\n\t\t\t\t<div class=\"elementor-element elementor-element-99d2a89 elementor-widget elementor-widget-heading\" data-id=\"99d2a89\" data-element_type=\"widget\" data-e-type=\"widget\" data-widget_type=\"heading.default\">\n\t\t\t\t<div class=\"elementor-widget-container\">\n\t\t\t\t\t<h2 class=\"elementor-heading-title elementor-size-default\">Cumprimos todos os requisitos de conformidade alfandeg\u00e1ria e de importa\u00e7\u00e3o, garantindo que cada remessa atenda \u00e0s regulamenta\u00e7\u00f5es governamentais aplic\u00e1veis. Nossa equipe monitora continuamente as pol\u00edticas tarif\u00e1rias em r\u00e1pida evolu\u00e7\u00e3o que afetam os produtos qu\u00edmicos especiais\u2014incluindo a\u00e7\u00f5es recentes sem precedentes\u2014para que possamos guiar os clientes atrav\u00e9s da complexidade, mitigar riscos e entregar importa\u00e7\u00f5es totalmente conformes e otimizadas em termos de custo.  <\/h2>\t\t\t\t<\/div>\n\t\t\t\t<\/div>\n\t\t\t\t\t<\/div>\n\t\t<\/div>\n\t\t\t\t\t<\/div>\n\t\t<\/section>\n\t\t\t\t<section class=\"elementor-section elementor-top-section elementor-element elementor-element-1bce469 elementor-section-boxed elementor-section-height-default elementor-section-height-default\" data-id=\"1bce469\" data-element_type=\"section\" data-e-type=\"section\">\n\t\t\t\t\t\t<div class=\"elementor-container elementor-column-gap-default\">\n\t\t\t\t\t<div class=\"elementor-column elementor-col-100 elementor-top-column elementor-element elementor-element-763ff34\" data-id=\"763ff34\" data-element_type=\"column\" data-e-type=\"column\">\n\t\t\t<div class=\"elementor-widget-wrap elementor-element-populated\">\n\t\t\t\t\t\t<div class=\"elementor-element elementor-element-7c113a2 elementor-widget elementor-widget-heading\" data-id=\"7c113a2\" data-element_type=\"widget\" data-e-type=\"widget\" data-widget_type=\"heading.default\">\n\t\t\t\t<div class=\"elementor-widget-container\">\n\t\t\t\t\t<h2 class=\"elementor-heading-title elementor-size-default\">Fortalecendo o abastecimento norte-americano para produtos n\u00e3o fabricados internamente.<\/h2>\t\t\t\t<\/div>\n\t\t\t\t<\/div>\n\t\t\t\t<div class=\"elementor-element elementor-element-0e1c4a0 elementor-widget elementor-widget-heading\" data-id=\"0e1c4a0\" data-element_type=\"widget\" data-e-type=\"widget\" data-widget_type=\"heading.default\">\n\t\t\t\t<div class=\"elementor-widget-container\">\n\t\t\t\t\t<h2 class=\"elementor-heading-title elementor-size-default\">Muitos dos produtos que fornecemos n\u00e3o s\u00e3o produzidos na Am\u00e9rica do Norte, ou os fabricantes nacionais n\u00e3o conseguem atender \u00e0 demanda total dos clientes norte-americanos. Preenchemos essa lacuna com sourcing global confi\u00e1vel que atende a todos os requisitos de qualidade e regulamentares. Oferecemos entrega cont\u00ednua em seu cais com a mesma confiabilidade e qualidade esperadas de produtos fabricados internamente.   <\/h2>\t\t\t\t<\/div>\n\t\t\t\t<\/div>\n\t\t\t\t\t<\/div>\n\t\t<\/div>\n\t\t\t\t\t<\/div>\n\t\t<\/section>\n\t\t\t\t<\/div>\n\t\t","protected":false},"excerpt":{"rendered":"<p>Por que escolher a Alvos? Somos centrados no cliente. Nosso objetivo \u00e9 criar vantagens competitivas para nossos clientes. Operamos com uma filosofia de prioridade ao cliente e um compromisso em criar vantagens competitivas para cada cliente que atendemos. Como especialistas em sourcing global de produtos qu\u00edmicos especiais e otimiza\u00e7\u00e3o da cadeia de suprimentos, identificamos sistematicamente [&hellip;]<\/p>\n","protected":false},"author":1,"featured_media":0,"parent":0,"menu_order":0,"comment_status":"closed","ping_status":"closed","template":"","meta":{"_acf_changed":false,"footnotes":""},"class_list":["post-9065","page","type-page","status-publish","hentry"],"acf":[],"_links":{"self":[{"href":"https:\/\/alvosinternational.com\/pt-br\/wp-json\/wp\/v2\/pages\/9065","targetHints":{"allow":["GET"]}}],"collection":[{"href":"https:\/\/alvosinternational.com\/pt-br\/wp-json\/wp\/v2\/pages"}],"about":[{"href":"https:\/\/alvosinternational.com\/pt-br\/wp-json\/wp\/v2\/types\/page"}],"author":[{"embeddable":true,"href":"https:\/\/alvosinternational.com\/pt-br\/wp-json\/wp\/v2\/users\/1"}],"replies":[{"embeddable":true,"href":"https:\/\/alvosinternational.com\/pt-br\/wp-json\/wp\/v2\/comments?post=9065"}],"version-history":[{"count":3,"href":"https:\/\/alvosinternational.com\/pt-br\/wp-json\/wp\/v2\/pages\/9065\/revisions"}],"predecessor-version":[{"id":9465,"href":"https:\/\/alvosinternational.com\/pt-br\/wp-json\/wp\/v2\/pages\/9065\/revisions\/9465"}],"wp:attachment":[{"href":"https:\/\/alvosinternational.com\/pt-br\/wp-json\/wp\/v2\/media?parent=9065"}],"curies":[{"name":"wp","href":"https:\/\/api.w.org\/{rel}","templated":true}]}}