{"id":9011,"date":"2025-11-30T04:50:05","date_gmt":"2025-11-30T04:50:05","guid":{"rendered":"https:\/\/alvosinternational.com\/fertilizante\/"},"modified":"2025-12-01T01:57:05","modified_gmt":"2025-12-01T01:57:05","slug":"fertilizante","status":"publish","type":"page","link":"https:\/\/alvosinternational.com\/pt-br\/fertilizante\/","title":{"rendered":"FERTILIZANTE"},"content":{"rendered":"\t\t<div data-elementor-type=\"wp-page\" data-elementor-id=\"9011\" class=\"elementor elementor-9011 elementor-8623\" data-elementor-post-type=\"page\">\n\t\t\t\t\t\t<section class=\"elementor-section elementor-top-section elementor-element elementor-element-7b76f4f elementor-section-boxed elementor-section-height-default elementor-section-height-default\" data-id=\"7b76f4f\" data-element_type=\"section\" data-e-type=\"section\" data-settings=\"{&quot;background_background&quot;:&quot;classic&quot;}\">\n\t\t\t\t\t\t\t<div class=\"elementor-background-overlay\"><\/div>\n\t\t\t\t\t\t\t<div class=\"elementor-container elementor-column-gap-default\">\n\t\t\t\t\t<div class=\"elementor-column elementor-col-100 elementor-top-column elementor-element elementor-element-2413d14\" data-id=\"2413d14\" data-element_type=\"column\" data-e-type=\"column\">\n\t\t\t<div class=\"elementor-widget-wrap\">\n\t\t\t\t\t\t\t<\/div>\n\t\t<\/div>\n\t\t\t\t\t<\/div>\n\t\t<\/section>\n\t\t\t\t<section class=\"elementor-section elementor-top-section elementor-element elementor-element-a3bf638 elementor-section-boxed elementor-section-height-default elementor-section-height-default\" data-id=\"a3bf638\" data-element_type=\"section\" data-e-type=\"section\">\n\t\t\t\t\t\t<div class=\"elementor-container elementor-column-gap-default\">\n\t\t\t\t\t<div class=\"elementor-column elementor-col-100 elementor-top-column elementor-element elementor-element-f3ba3d6\" data-id=\"f3ba3d6\" data-element_type=\"column\" data-e-type=\"column\">\n\t\t\t<div class=\"elementor-widget-wrap elementor-element-populated\">\n\t\t\t\t\t\t<div class=\"elementor-element elementor-element-3f28c2a elementor-widget elementor-widget-heading\" data-id=\"3f28c2a\" data-element_type=\"widget\" data-e-type=\"widget\" data-widget_type=\"heading.default\">\n\t\t\t\t<div class=\"elementor-widget-container\">\n\t\t\t\t\t<h2 class=\"elementor-heading-title elementor-size-default\">Ingredientes para Fertilizantes<\/h2>\t\t\t\t<\/div>\n\t\t\t\t<\/div>\n\t\t\t\t\t<\/div>\n\t\t<\/div>\n\t\t\t\t\t<\/div>\n\t\t<\/section>\n\t\t\t\t<section class=\"elementor-section elementor-top-section elementor-element elementor-element-9462451 elementor-section-boxed elementor-section-height-default elementor-section-height-default\" data-id=\"9462451\" data-element_type=\"section\" data-e-type=\"section\">\n\t\t\t\t\t\t<div class=\"elementor-container elementor-column-gap-default\">\n\t\t\t\t\t<div class=\"elementor-column elementor-col-100 elementor-top-column elementor-element elementor-element-5209b56\" data-id=\"5209b56\" data-element_type=\"column\" data-e-type=\"column\">\n\t\t\t<div class=\"elementor-widget-wrap elementor-element-populated\">\n\t\t\t\t\t\t<div class=\"elementor-element elementor-element-fc53e67 elementor-widget elementor-widget-heading\" data-id=\"fc53e67\" data-element_type=\"widget\" data-e-type=\"widget\" data-widget_type=\"heading.default\">\n\t\t\t\t<div class=\"elementor-widget-container\">\n\t\t\t\t\t<h2 class=\"elementor-heading-title elementor-size-default\">\u00c1cido Ac\u00e9tico Glacial\n\n<br>\n\nCloreto de Am\u00f4nio\n\n<br>\n\n\u00c1cido B\u00f3rico\n\n<br>\n\nCloreto de C\u00e1lcio 77% Flocos\n\n<br>\n\nCloreto de C\u00e1lcio 94% P\u00f3\n\n<br>\n\nCloreto de C\u00e1lcio 94% P\u00e9rolas\n\n<br>\n\nFormiato de C\u00e1lcio\n\n<br>\n\nNitrato de C\u00e1lcio P\u00e9rolas\n\n<br>\n\nNitrato de C\u00e1lcio Cristais (Livre de Am\u00f4nio)\n\n<br>\n\nGr\u00e2nulos de Soda C\u00e1ustica\n\n<br>\n\n\u00c1cido C\u00edtrico Anidro\n\n<br>\n\nCarbonato de Cobre\n\n<br>\n\nHidr\u00f3xido de Cobre\n\n<br>\n\nOxicloreto de Cobre\n\n<br>\n\nSulfato de Cobre Penta-hidratado\n\n<br>\n\nFosfato Diam\u00f4nico\n\n<br>\n\nDic\u00edandiamida\n\n<br>\n\n\u00c1cido DTPA\n\n<br>\n\nDTPA Fe 11%\n\n<br>\n\nDTPA Mn 10%\n\n<br>\n\nDTPA Zn\n\n<br>\n\nEDDHA Fe 6% - 4,8% orto-orto\n\n<br>\n\nEDDHA Fe 6% - 5,2% orto-orto\n\n<br>\n\n\u00c1cido EDTA\n\n<br>\n\nEDTA Ca\n\n<br>\n\nEDTA Cu 15%\n\n<br>\n\nEDTA Diss\u00f3dico\n\n<br>\n\nEDTA Fe 13% \n\n<br>\n\nEDTA Mn 13%\n\n<br>\n\nEDTA Zn 15% \n\n<br>\n\nSulfato Ferroso Hepta-hidratado 20%\n\n<br>\n\nSulfato Ferroso Monoidratado Granular 30%\n\n<br>\n\nSulfato Ferroso Monoidratado em P\u00f3 30%\n\n<br>\n\n\u00c1cido F\u00f3rmico\n\n<br>\n\nGlicina Beta\u00edna (Beta\u00edna Anidra)\n\n<br>\n\n\u00c1cido Gliox\u00edlico\n\n<br>\n\nBoro Granular 10%\n\n<br>\n\nBoro Granular 15%\n\n<br>\n\nGoma Guar em P\u00f3 200 mesh\n\n<br>\n\nCloreto de Magn\u00e9sio Flocos\n\n<br>\n\nNitrato de Magn\u00e9sio P\u00e9rolas\n\n<br>\n\nNitrato de Magn\u00e9sio Cristal\n\n<br>\n\nSulfato de Magn\u00e9sio 9,8% Hepta-hidratado\n\n<br>\n\nSulfato de Magn\u00e9sio Anidro Granular\n\n<br>\n\nSulfato de Magn\u00e9sio Anidro em P\u00f3\n\n<br>\n\nSulfato de Magn\u00e9sio Tri-hidratado\n\n<br>\n\nSulfato de Magn\u00e9sio Monoidratado em P\u00f3\n\n<br>\n\nCarbonato de Mangan\u00eas 44% \n\n<br>\n\n\u00d3xido de Mangan\u00eas 60%\n\n<br>\n\nSulfato de Mangan\u00eas Granular 31,5%\n\n<br>\n\nSulfato de Mangan\u00eas em P\u00f3 32%\n\n<br>\n\nFosfato Monoam\u00f4nico\n\n<br>\n\nMonoetanolamina\n\n<br>\n\nMGDA Triss\u00f3dico 40%\n\n<br>\n\nUreia Microperolada\n\n<br>\n\nNBPT\n\n<br>\n\n\u00c1cido P-Aminobenzoico\n\n<br>\n\n\u00c1cido Para-Hidroxibenzoico\n\n<br>\n\n\u00c1cido Fosf\u00f3rico 75%\n\n<br>\n\n\u00c1cido Fosf\u00f3rico 85%\n\n<br>\n\n\u00c1cido Fosforoso 98,5%\n\n<br>\n\n\u00c1cido Fosforoso 99%\n\n<br>\n\n\u00c1cido Polifosf\u00f3rico 105%\n\n<br>\n\nAcetato de Pot\u00e1ssio\n\n<br>\n\nBicarbonato de Pot\u00e1ssio\n\n<br>\n\nCarbonato de Pot\u00e1ssio\n\n<br>\n\nFormiato de Pot\u00e1ssio 75% L\u00edquido\n\n<br>\n\nFormiato de Pot\u00e1ssio 97% Flocos\n\n<br>\n\nHidr\u00f3xido de Pot\u00e1ssio 90% em Escamas\n\n<br>\n\nNitrato de Pot\u00e1ssio\n\n<br>\n\nSulfato de Pot\u00e1ssio\n\n<br>\n\nCarbonato de Propileno\n\n<br>\n\nHidrolisado Proteico 90%\n\n<br>\n\n\u00c1cido Salic\u00edlico\n\n<br>\n\nCitrato de S\u00f3dio\n\n<br>\n\nFormiato de S\u00f3dio\n\n<br>\n\nGluconato de S\u00f3dio\n\n<br>\n\nBoro Sol\u00favel (Octoborato Diss\u00f3dico)\n\n<br>\n\nUreia Fosfato\n\n<br>\n\nCarbonato de Zinco\n\n<br>\n\nCloreto de Zinco 98%\n\n<br>\n\n\u00d3xido de Zinco 72%\n\n<br>\n\n\u00d3xido de Zinco Gold Seal 99,5%\n\n<br>\n\nSulfato de Zinco Granular 35,5%\n\n<br>\n\nSulfato de Zinco Monohidratado 35,5% em P\u00f3 \n\n<br>\n<\/h2>\t\t\t\t<\/div>\n\t\t\t\t<\/div>\n\t\t\t\t\t<\/div>\n\t\t<\/div>\n\t\t\t\t\t<\/div>\n\t\t<\/section>\n\t\t\t\t<section class=\"elementor-section elementor-top-section elementor-element elementor-element-bd17656 elementor-section-boxed elementor-section-height-default elementor-section-height-default\" data-id=\"bd17656\" data-element_type=\"section\" data-e-type=\"section\">\n\t\t\t\t\t\t<div class=\"elementor-container elementor-column-gap-default\">\n\t\t\t\t\t<div class=\"elementor-column elementor-col-100 elementor-top-column elementor-element elementor-element-0ca3451\" data-id=\"0ca3451\" data-element_type=\"column\" data-e-type=\"column\">\n\t\t\t<div class=\"elementor-widget-wrap\">\n\t\t\t\t\t\t\t<\/div>\n\t\t<\/div>\n\t\t\t\t\t<\/div>\n\t\t<\/section>\n\t\t\t\t<\/div>\n\t\t","protected":false},"excerpt":{"rendered":"<p>Ingredientes para Fertilizantes \u00c1cido Ac\u00e9tico Glacial Cloreto de Am\u00f4nio \u00c1cido B\u00f3rico Cloreto de C\u00e1lcio 77% Flocos Cloreto de C\u00e1lcio 94% P\u00f3 Cloreto de C\u00e1lcio 94% P\u00e9rolas Formiato de C\u00e1lcio Nitrato de C\u00e1lcio P\u00e9rolas Nitrato de C\u00e1lcio Cristais (Livre de Am\u00f4nio) Gr\u00e2nulos de Soda C\u00e1ustica \u00c1cido C\u00edtrico Anidro Carbonato de Cobre Hidr\u00f3xido de Cobre Oxicloreto de [&hellip;]<\/p>\n","protected":false},"author":1,"featured_media":0,"parent":0,"menu_order":0,"comment_status":"closed","ping_status":"closed","template":"","meta":{"_acf_changed":false,"footnotes":""},"class_list":["post-9011","page","type-page","status-publish","hentry"],"acf":[],"_links":{"self":[{"href":"https:\/\/alvosinternational.com\/pt-br\/wp-json\/wp\/v2\/pages\/9011","targetHints":{"allow":["GET"]}}],"collection":[{"href":"https:\/\/alvosinternational.com\/pt-br\/wp-json\/wp\/v2\/pages"}],"about":[{"href":"https:\/\/alvosinternational.com\/pt-br\/wp-json\/wp\/v2\/types\/page"}],"author":[{"embeddable":true,"href":"https:\/\/alvosinternational.com\/pt-br\/wp-json\/wp\/v2\/users\/1"}],"replies":[{"embeddable":true,"href":"https:\/\/alvosinternational.com\/pt-br\/wp-json\/wp\/v2\/comments?post=9011"}],"version-history":[{"count":1,"href":"https:\/\/alvosinternational.com\/pt-br\/wp-json\/wp\/v2\/pages\/9011\/revisions"}],"predecessor-version":[{"id":9013,"href":"https:\/\/alvosinternational.com\/pt-br\/wp-json\/wp\/v2\/pages\/9011\/revisions\/9013"}],"wp:attachment":[{"href":"https:\/\/alvosinternational.com\/pt-br\/wp-json\/wp\/v2\/media?parent=9011"}],"curies":[{"name":"wp","href":"https:\/\/api.w.org\/{rel}","templated":true}]}}