{"id":8910,"date":"2025-11-30T15:00:20","date_gmt":"2025-11-30T15:00:20","guid":{"rendered":"https:\/\/alvosinternational.com\/tintas-e-revestimentos\/"},"modified":"2025-12-01T04:07:22","modified_gmt":"2025-12-01T04:07:22","slug":"tintas-e-revestimentos","status":"publish","type":"page","link":"https:\/\/alvosinternational.com\/pt-br\/tintas-e-revestimentos\/","title":{"rendered":"TINTAS E REVESTIMENTOS"},"content":{"rendered":"\t\t<div data-elementor-type=\"wp-page\" data-elementor-id=\"8910\" class=\"elementor elementor-8910 elementor-8691\" data-elementor-post-type=\"page\">\n\t\t\t\t\t\t<section class=\"elementor-section elementor-top-section elementor-element elementor-element-7b76f4f elementor-hidden-tablet elementor-hidden-mobile elementor-section-boxed elementor-section-height-default elementor-section-height-default\" data-id=\"7b76f4f\" data-element_type=\"section\" data-e-type=\"section\" data-settings=\"{&quot;background_background&quot;:&quot;classic&quot;}\">\n\t\t\t\t\t\t\t<div class=\"elementor-background-overlay\"><\/div>\n\t\t\t\t\t\t\t<div class=\"elementor-container elementor-column-gap-default\">\n\t\t\t\t\t<div class=\"elementor-column elementor-col-100 elementor-top-column elementor-element elementor-element-2413d14\" data-id=\"2413d14\" data-element_type=\"column\" data-e-type=\"column\">\n\t\t\t<div class=\"elementor-widget-wrap\">\n\t\t\t\t\t\t\t<\/div>\n\t\t<\/div>\n\t\t\t\t\t<\/div>\n\t\t<\/section>\n\t\t\t\t<section class=\"elementor-section elementor-top-section elementor-element elementor-element-a3bf638 elementor-section-boxed elementor-section-height-default elementor-section-height-default\" data-id=\"a3bf638\" data-element_type=\"section\" data-e-type=\"section\">\n\t\t\t\t\t\t<div class=\"elementor-container elementor-column-gap-default\">\n\t\t\t\t\t<div class=\"elementor-column elementor-col-100 elementor-top-column elementor-element elementor-element-f3ba3d6\" data-id=\"f3ba3d6\" data-element_type=\"column\" data-e-type=\"column\">\n\t\t\t<div class=\"elementor-widget-wrap elementor-element-populated\">\n\t\t\t\t\t\t<div class=\"elementor-element elementor-element-3f28c2a elementor-widget elementor-widget-heading\" data-id=\"3f28c2a\" data-element_type=\"widget\" data-e-type=\"widget\" data-widget_type=\"heading.default\">\n\t\t\t\t<div class=\"elementor-widget-container\">\n\t\t\t\t\t<h2 class=\"elementor-heading-title elementor-size-default\">Pigmentos e extensores para tintas e revestimentos<\/h2>\t\t\t\t<\/div>\n\t\t\t\t<\/div>\n\t\t\t\t\t<\/div>\n\t\t<\/div>\n\t\t\t\t\t<\/div>\n\t\t<\/section>\n\t\t\t\t<section class=\"elementor-section elementor-top-section elementor-element elementor-element-9462451 elementor-section-boxed elementor-section-height-default elementor-section-height-default\" data-id=\"9462451\" data-element_type=\"section\" data-e-type=\"section\">\n\t\t\t\t\t\t<div class=\"elementor-container elementor-column-gap-default\">\n\t\t\t\t\t<div class=\"elementor-column elementor-col-100 elementor-top-column elementor-element elementor-element-5209b56\" data-id=\"5209b56\" data-element_type=\"column\" data-e-type=\"column\">\n\t\t\t<div class=\"elementor-widget-wrap elementor-element-populated\">\n\t\t\t\t\t\t<div class=\"elementor-element elementor-element-fc53e67 elementor-widget elementor-widget-heading\" data-id=\"fc53e67\" data-element_type=\"widget\" data-e-type=\"widget\" data-widget_type=\"heading.default\">\n\t\t\t\t<div class=\"elementor-widget-container\">\n\t\t\t\t\t<h2 class=\"elementor-heading-title elementor-size-default\">Sulfato de b\u00e1rio natural 1,5-2 m\u00edcrons\n<br>Sulfato de b\u00e1rio natural 3-4 m\u00edcrons\n<br>Sulfato de b\u00e1rio natural 17 m\u00edcrons\n<br>Sulfato de b\u00e1rio precipitado 0,7 m\u00edcron\n<br>Sulfato de b\u00e1rio precipitado 1 m\u00edcron\n<br>\u00d3xido de ferro vermelho 110\n<br>\u00d3xido de ferro vermelho 130\n<br>Di\u00f3xido de tit\u00e2nio processo cloreto RC 822\n<br>Di\u00f3xido de tit\u00e2nio processo cloreto CR-810\n<br>Di\u00f3xido de tit\u00e2nio SR-802\n<br>Di\u00f3xido de tit\u00e2nio SR-803\n<br>Di\u00f3xido de tit\u00e2nio SR-804\n<br><\/h2>\t\t\t\t<\/div>\n\t\t\t\t<\/div>\n\t\t\t\t\t<\/div>\n\t\t<\/div>\n\t\t\t\t\t<\/div>\n\t\t<\/section>\n\t\t\t\t<section class=\"elementor-section elementor-top-section elementor-element elementor-element-bd17656 elementor-section-boxed elementor-section-height-default elementor-section-height-default\" data-id=\"bd17656\" data-element_type=\"section\" data-e-type=\"section\">\n\t\t\t\t\t\t<div class=\"elementor-container elementor-column-gap-default\">\n\t\t\t\t\t<div class=\"elementor-column elementor-col-100 elementor-top-column elementor-element elementor-element-0ca3451\" data-id=\"0ca3451\" data-element_type=\"column\" data-e-type=\"column\">\n\t\t\t<div class=\"elementor-widget-wrap\">\n\t\t\t\t\t\t\t<\/div>\n\t\t<\/div>\n\t\t\t\t\t<\/div>\n\t\t<\/section>\n\t\t\t\t<\/div>\n\t\t","protected":false},"excerpt":{"rendered":"<p>Pigmentos e extensores para tintas e revestimentos Sulfato de b\u00e1rio natural 1,5-2 m\u00edcrons Sulfato de b\u00e1rio natural 3-4 m\u00edcrons Sulfato de b\u00e1rio natural 17 m\u00edcrons Sulfato de b\u00e1rio precipitado 0,7 m\u00edcron Sulfato de b\u00e1rio precipitado 1 m\u00edcron \u00d3xido de ferro vermelho 110 \u00d3xido de ferro vermelho 130 Di\u00f3xido de tit\u00e2nio processo cloreto RC 822 Di\u00f3xido [&hellip;]<\/p>\n","protected":false},"author":1,"featured_media":0,"parent":0,"menu_order":0,"comment_status":"closed","ping_status":"closed","template":"","meta":{"_acf_changed":false,"footnotes":""},"class_list":["post-8910","page","type-page","status-publish","hentry"],"acf":[],"_links":{"self":[{"href":"https:\/\/alvosinternational.com\/pt-br\/wp-json\/wp\/v2\/pages\/8910","targetHints":{"allow":["GET"]}}],"collection":[{"href":"https:\/\/alvosinternational.com\/pt-br\/wp-json\/wp\/v2\/pages"}],"about":[{"href":"https:\/\/alvosinternational.com\/pt-br\/wp-json\/wp\/v2\/types\/page"}],"author":[{"embeddable":true,"href":"https:\/\/alvosinternational.com\/pt-br\/wp-json\/wp\/v2\/users\/1"}],"replies":[{"embeddable":true,"href":"https:\/\/alvosinternational.com\/pt-br\/wp-json\/wp\/v2\/comments?post=8910"}],"version-history":[{"count":3,"href":"https:\/\/alvosinternational.com\/pt-br\/wp-json\/wp\/v2\/pages\/8910\/revisions"}],"predecessor-version":[{"id":9543,"href":"https:\/\/alvosinternational.com\/pt-br\/wp-json\/wp\/v2\/pages\/8910\/revisions\/9543"}],"wp:attachment":[{"href":"https:\/\/alvosinternational.com\/pt-br\/wp-json\/wp\/v2\/media?parent=8910"}],"curies":[{"name":"wp","href":"https:\/\/api.w.org\/{rel}","templated":true}]}}