{"id":8832,"date":"2025-11-30T17:03:21","date_gmt":"2025-11-30T17:03:21","guid":{"rendered":"https:\/\/alvosinternational.com\/detergentes-e-produtos-de-limpeza\/"},"modified":"2025-12-01T04:11:47","modified_gmt":"2025-12-01T04:11:47","slug":"detergentes-e-produtos-de-limpeza","status":"publish","type":"page","link":"https:\/\/alvosinternational.com\/pt-br\/detergentes-e-produtos-de-limpeza\/","title":{"rendered":"DETERGENTES E PRODUTOS DE LIMPEZA"},"content":{"rendered":"\t\t<div data-elementor-type=\"wp-page\" data-elementor-id=\"8832\" class=\"elementor elementor-8832 elementor-8784\" data-elementor-post-type=\"page\">\n\t\t\t\t\t\t<section class=\"elementor-section elementor-top-section elementor-element elementor-element-7b76f4f elementor-hidden-mobile elementor-section-boxed elementor-section-height-default elementor-section-height-default\" data-id=\"7b76f4f\" data-element_type=\"section\" data-e-type=\"section\" data-settings=\"{&quot;background_background&quot;:&quot;classic&quot;}\">\n\t\t\t\t\t\t\t<div class=\"elementor-background-overlay\"><\/div>\n\t\t\t\t\t\t\t<div class=\"elementor-container elementor-column-gap-default\">\n\t\t\t\t\t<div class=\"elementor-column elementor-col-100 elementor-top-column elementor-element elementor-element-2413d14\" data-id=\"2413d14\" data-element_type=\"column\" data-e-type=\"column\">\n\t\t\t<div class=\"elementor-widget-wrap\">\n\t\t\t\t\t\t\t<\/div>\n\t\t<\/div>\n\t\t\t\t\t<\/div>\n\t\t<\/section>\n\t\t\t\t<section class=\"elementor-section elementor-top-section elementor-element elementor-element-a3bf638 elementor-section-boxed elementor-section-height-default elementor-section-height-default\" data-id=\"a3bf638\" data-element_type=\"section\" data-e-type=\"section\">\n\t\t\t\t\t\t<div class=\"elementor-container elementor-column-gap-default\">\n\t\t\t\t\t<div class=\"elementor-column elementor-col-100 elementor-top-column elementor-element elementor-element-f3ba3d6\" data-id=\"f3ba3d6\" data-element_type=\"column\" data-e-type=\"column\">\n\t\t\t<div class=\"elementor-widget-wrap elementor-element-populated\">\n\t\t\t\t\t\t<div class=\"elementor-element elementor-element-3f28c2a elementor-widget elementor-widget-heading\" data-id=\"3f28c2a\" data-element_type=\"widget\" data-e-type=\"widget\" data-widget_type=\"heading.default\">\n\t\t\t\t<div class=\"elementor-widget-container\">\n\t\t\t\t\t<h2 class=\"elementor-heading-title elementor-size-default\">Detergentes e Produtos de Limpeza<\/h2>\t\t\t\t<\/div>\n\t\t\t\t<\/div>\n\t\t\t\t\t<\/div>\n\t\t<\/div>\n\t\t\t\t\t<\/div>\n\t\t<\/section>\n\t\t\t\t<section class=\"elementor-section elementor-top-section elementor-element elementor-element-9462451 elementor-section-boxed elementor-section-height-default elementor-section-height-default\" data-id=\"9462451\" data-element_type=\"section\" data-e-type=\"section\">\n\t\t\t\t\t\t<div class=\"elementor-container elementor-column-gap-default\">\n\t\t\t\t\t<div class=\"elementor-column elementor-col-100 elementor-top-column elementor-element elementor-element-5209b56\" data-id=\"5209b56\" data-element_type=\"column\" data-e-type=\"column\">\n\t\t\t<div class=\"elementor-widget-wrap elementor-element-populated\">\n\t\t\t\t\t\t<div class=\"elementor-element elementor-element-fc53e67 elementor-widget elementor-widget-heading\" data-id=\"fc53e67\" data-element_type=\"widget\" data-e-type=\"widget\" data-widget_type=\"heading.default\">\n\t\t\t\t<div class=\"elementor-widget-container\">\n\t\t\t\t\t<h2 class=\"elementor-heading-title elementor-size-default\">Bifluoreto de Am\u00f4nio\n<br>Gr\u00e2nulos de Soda C\u00e1ustica\n<br>\u00c1cido C\u00edtrico Anidro\n<br>EDTA Tetrass\u00f3dico 40% L\u00edquido\n<br>EDTA Tetrass\u00f3dico em P\u00f3\n<br>Monoetanolamina\n<br>NTA Triss\u00f3dico\n<br>\u00c1cido Ox\u00e1lico\n<br>\u00c1cido Fosf\u00f3rico 75%\n<br>\u00c1cido Fosf\u00f3rico 85%\n<br>Polissorbato 80 - Monooleato de Sorbitano Etoxilado\n<br>Hidr\u00f3xido de Pot\u00e1ssio 90% em Escamas\n<br>SAPP\n<br>Citrato de S\u00f3dio\n<br>Gluconato de S\u00f3dio\n<br>Metassilicato de S\u00f3dio Pentahidratado\n<br>Perborato de S\u00f3dio Tetrahidratado\n<br>STPP Denso\n<br>STPP Leve\n<br>STPP M\u00e9dio\n<br>\u00c1cido Sulf\u00e2mico\n<br>\u00d3leo de R\u00edcino Sulfatado 75%\n<br>Fosfato Triss\u00f3dico Dodecahidratado\n<br><\/h2>\t\t\t\t<\/div>\n\t\t\t\t<\/div>\n\t\t\t\t\t<\/div>\n\t\t<\/div>\n\t\t\t\t\t<\/div>\n\t\t<\/section>\n\t\t\t\t<section class=\"elementor-section elementor-top-section elementor-element elementor-element-bd17656 elementor-section-boxed elementor-section-height-default elementor-section-height-default\" data-id=\"bd17656\" data-element_type=\"section\" data-e-type=\"section\">\n\t\t\t\t\t\t<div class=\"elementor-container elementor-column-gap-default\">\n\t\t\t\t\t<div class=\"elementor-column elementor-col-100 elementor-top-column elementor-element elementor-element-0ca3451\" data-id=\"0ca3451\" data-element_type=\"column\" data-e-type=\"column\">\n\t\t\t<div class=\"elementor-widget-wrap\">\n\t\t\t\t\t\t\t<\/div>\n\t\t<\/div>\n\t\t\t\t\t<\/div>\n\t\t<\/section>\n\t\t\t\t<\/div>\n\t\t","protected":false},"excerpt":{"rendered":"<p>Detergentes e Produtos de Limpeza Bifluoreto de Am\u00f4nio Gr\u00e2nulos de Soda C\u00e1ustica \u00c1cido C\u00edtrico Anidro EDTA Tetrass\u00f3dico 40% L\u00edquido EDTA Tetrass\u00f3dico em P\u00f3 Monoetanolamina NTA Triss\u00f3dico \u00c1cido Ox\u00e1lico \u00c1cido Fosf\u00f3rico 75% \u00c1cido Fosf\u00f3rico 85% Polissorbato 80 &#8211; Monooleato de Sorbitano Etoxilado Hidr\u00f3xido de Pot\u00e1ssio 90% em Escamas SAPP Citrato de S\u00f3dio Gluconato de S\u00f3dio Metassilicato [&hellip;]<\/p>\n","protected":false},"author":1,"featured_media":0,"parent":0,"menu_order":0,"comment_status":"closed","ping_status":"closed","template":"","meta":{"_acf_changed":false,"footnotes":""},"class_list":["post-8832","page","type-page","status-publish","hentry"],"acf":[],"_links":{"self":[{"href":"https:\/\/alvosinternational.com\/pt-br\/wp-json\/wp\/v2\/pages\/8832","targetHints":{"allow":["GET"]}}],"collection":[{"href":"https:\/\/alvosinternational.com\/pt-br\/wp-json\/wp\/v2\/pages"}],"about":[{"href":"https:\/\/alvosinternational.com\/pt-br\/wp-json\/wp\/v2\/types\/page"}],"author":[{"embeddable":true,"href":"https:\/\/alvosinternational.com\/pt-br\/wp-json\/wp\/v2\/users\/1"}],"replies":[{"embeddable":true,"href":"https:\/\/alvosinternational.com\/pt-br\/wp-json\/wp\/v2\/comments?post=8832"}],"version-history":[{"count":6,"href":"https:\/\/alvosinternational.com\/pt-br\/wp-json\/wp\/v2\/pages\/8832\/revisions"}],"predecessor-version":[{"id":9561,"href":"https:\/\/alvosinternational.com\/pt-br\/wp-json\/wp\/v2\/pages\/8832\/revisions\/9561"}],"wp:attachment":[{"href":"https:\/\/alvosinternational.com\/pt-br\/wp-json\/wp\/v2\/media?parent=8832"}],"curies":[{"name":"wp","href":"https:\/\/api.w.org\/{rel}","templated":true}]}}