{"id":9376,"date":"2021-07-16T20:33:25","date_gmt":"2021-07-16T20:33:25","guid":{"rendered":"https:\/\/alvosinternational.com\/palmares\/"},"modified":"2025-12-01T11:56:38","modified_gmt":"2025-12-01T11:56:38","slug":"palmares","status":"publish","type":"page","link":"https:\/\/alvosinternational.com\/fr\/palmares\/","title":{"rendered":"PRODUITS"},"content":{"rendered":"\t\t<div data-elementor-type=\"wp-page\" data-elementor-id=\"9376\" class=\"elementor elementor-9376 elementor-91\" data-elementor-post-type=\"page\">\n\t\t\t\t\t\t<section class=\"elementor-section elementor-top-section elementor-element elementor-element-17ead15 elementor-section-boxed elementor-section-height-default elementor-section-height-default\" data-id=\"17ead15\" data-element_type=\"section\" data-e-type=\"section\">\n\t\t\t\t\t\t<div class=\"elementor-container elementor-column-gap-default\">\n\t\t\t\t\t<div class=\"elementor-column elementor-col-33 elementor-top-column elementor-element elementor-element-c0b44ed\" data-id=\"c0b44ed\" data-element_type=\"column\" data-e-type=\"column\">\n\t\t\t<div class=\"elementor-widget-wrap elementor-element-populated\">\n\t\t\t\t\t\t<div class=\"elementor-element elementor-element-e15cbfe elementor-hidden-mobile elementor-widget elementor-widget-image\" data-id=\"e15cbfe\" data-element_type=\"widget\" data-e-type=\"widget\" data-widget_type=\"image.default\">\n\t\t\t\t<div class=\"elementor-widget-container\">\n\t\t\t\t\t\t\t\t\t\t\t\t\t\t\t<img fetchpriority=\"high\" decoding=\"async\" width=\"800\" height=\"534\" src=\"https:\/\/alvosinternational.com\/wp-content\/uploads\/2025\/11\/vecteezy_industrial-interior-of-manufacturing-plant-showing-storage_59239827-1024x683.jpg\" class=\"attachment-large size-large wp-image-9377\" alt=\"\" srcset=\"https:\/\/alvosinternational.com\/wp-content\/uploads\/2025\/11\/vecteezy_industrial-interior-of-manufacturing-plant-showing-storage_59239827-1024x683.jpg 1024w, https:\/\/alvosinternational.com\/wp-content\/uploads\/2025\/11\/vecteezy_industrial-interior-of-manufacturing-plant-showing-storage_59239827-300x200.jpg 300w, https:\/\/alvosinternational.com\/wp-content\/uploads\/2025\/11\/vecteezy_industrial-interior-of-manufacturing-plant-showing-storage_59239827-768x512.jpg 768w, https:\/\/alvosinternational.com\/wp-content\/uploads\/2025\/11\/vecteezy_industrial-interior-of-manufacturing-plant-showing-storage_59239827-1536x1024.jpg 1536w, https:\/\/alvosinternational.com\/wp-content\/uploads\/2025\/11\/vecteezy_industrial-interior-of-manufacturing-plant-showing-storage_59239827-2048x1365.jpg 2048w\" sizes=\"(max-width: 800px) 100vw, 800px\" \/>\t\t\t\t\t\t\t\t\t\t\t\t\t\t\t<\/div>\n\t\t\t\t<\/div>\n\t\t\t\t\t<\/div>\n\t\t<\/div>\n\t\t\t\t<div class=\"elementor-column elementor-col-33 elementor-top-column elementor-element elementor-element-f5bfa2a\" data-id=\"f5bfa2a\" data-element_type=\"column\" data-e-type=\"column\">\n\t\t\t<div class=\"elementor-widget-wrap elementor-element-populated\">\n\t\t\t\t\t\t<div class=\"elementor-element elementor-element-281914e elementor-widget elementor-widget-image\" data-id=\"281914e\" data-element_type=\"widget\" data-e-type=\"widget\" data-widget_type=\"image.default\">\n\t\t\t\t<div class=\"elementor-widget-container\">\n\t\t\t\t\t\t\t\t\t\t\t\t\t\t\t<img decoding=\"async\" width=\"2560\" height=\"1707\" src=\"https:\/\/alvosinternational.com\/wp-content\/uploads\/2025\/11\/vecteezy_laboratory-glassware-containing-colorful-chemical-liquid-on_68886642-scaled.jpeg\" class=\"attachment-full size-full wp-image-9378\" alt=\"\" srcset=\"https:\/\/alvosinternational.com\/wp-content\/uploads\/2025\/11\/vecteezy_laboratory-glassware-containing-colorful-chemical-liquid-on_68886642-scaled.jpeg 2560w, https:\/\/alvosinternational.com\/wp-content\/uploads\/2025\/11\/vecteezy_laboratory-glassware-containing-colorful-chemical-liquid-on_68886642-300x200.jpeg 300w, https:\/\/alvosinternational.com\/wp-content\/uploads\/2025\/11\/vecteezy_laboratory-glassware-containing-colorful-chemical-liquid-on_68886642-1024x683.jpeg 1024w, https:\/\/alvosinternational.com\/wp-content\/uploads\/2025\/11\/vecteezy_laboratory-glassware-containing-colorful-chemical-liquid-on_68886642-768x512.jpeg 768w, https:\/\/alvosinternational.com\/wp-content\/uploads\/2025\/11\/vecteezy_laboratory-glassware-containing-colorful-chemical-liquid-on_68886642-1536x1024.jpeg 1536w, https:\/\/alvosinternational.com\/wp-content\/uploads\/2025\/11\/vecteezy_laboratory-glassware-containing-colorful-chemical-liquid-on_68886642-2048x1365.jpeg 2048w\" sizes=\"(max-width: 2560px) 100vw, 2560px\" \/>\t\t\t\t\t\t\t\t\t\t\t\t\t\t\t<\/div>\n\t\t\t\t<\/div>\n\t\t\t\t\t<\/div>\n\t\t<\/div>\n\t\t\t\t<div class=\"elementor-column elementor-col-33 elementor-top-column elementor-element elementor-element-0916a12\" data-id=\"0916a12\" data-element_type=\"column\" data-e-type=\"column\">\n\t\t\t<div class=\"elementor-widget-wrap elementor-element-populated\">\n\t\t\t\t\t\t<div class=\"elementor-element elementor-element-3f585c9 elementor-hidden-mobile elementor-widget elementor-widget-image\" data-id=\"3f585c9\" data-element_type=\"widget\" data-e-type=\"widget\" data-widget_type=\"image.default\">\n\t\t\t\t<div class=\"elementor-widget-container\">\n\t\t\t\t\t\t\t\t\t\t\t\t\t\t\t<img decoding=\"async\" width=\"2560\" height=\"1707\" src=\"https:\/\/alvosinternational.com\/wp-content\/uploads\/2025\/11\/vecteezy_colorful-powder-pigments-in-glass-bottles-for-science-art-or_70280839-scaled.jpg\" class=\"attachment-full size-full wp-image-9379\" alt=\"\" srcset=\"https:\/\/alvosinternational.com\/wp-content\/uploads\/2025\/11\/vecteezy_colorful-powder-pigments-in-glass-bottles-for-science-art-or_70280839-scaled.jpg 2560w, https:\/\/alvosinternational.com\/wp-content\/uploads\/2025\/11\/vecteezy_colorful-powder-pigments-in-glass-bottles-for-science-art-or_70280839-300x200.jpg 300w, https:\/\/alvosinternational.com\/wp-content\/uploads\/2025\/11\/vecteezy_colorful-powder-pigments-in-glass-bottles-for-science-art-or_70280839-1024x683.jpg 1024w, https:\/\/alvosinternational.com\/wp-content\/uploads\/2025\/11\/vecteezy_colorful-powder-pigments-in-glass-bottles-for-science-art-or_70280839-768x512.jpg 768w, https:\/\/alvosinternational.com\/wp-content\/uploads\/2025\/11\/vecteezy_colorful-powder-pigments-in-glass-bottles-for-science-art-or_70280839-1536x1024.jpg 1536w, https:\/\/alvosinternational.com\/wp-content\/uploads\/2025\/11\/vecteezy_colorful-powder-pigments-in-glass-bottles-for-science-art-or_70280839-2048x1365.jpg 2048w\" sizes=\"(max-width: 2560px) 100vw, 2560px\" \/>\t\t\t\t\t\t\t\t\t\t\t\t\t\t\t<\/div>\n\t\t\t\t<\/div>\n\t\t\t\t\t<\/div>\n\t\t<\/div>\n\t\t\t\t\t<\/div>\n\t\t<\/section>\n\t\t\t\t<section class=\"elementor-section elementor-top-section elementor-element elementor-element-d4200fc elementor-section-boxed elementor-section-height-default elementor-section-height-default\" data-id=\"d4200fc\" data-element_type=\"section\" data-e-type=\"section\">\n\t\t\t\t\t\t<div class=\"elementor-container elementor-column-gap-default\">\n\t\t\t\t\t<div class=\"elementor-column elementor-col-100 elementor-top-column elementor-element elementor-element-f7bf3a8\" data-id=\"f7bf3a8\" data-element_type=\"column\" data-e-type=\"column\">\n\t\t\t<div class=\"elementor-widget-wrap elementor-element-populated\">\n\t\t\t\t\t\t<div class=\"elementor-element elementor-element-0c8f493 elementor-widget elementor-widget-heading\" data-id=\"0c8f493\" data-element_type=\"widget\" data-e-type=\"widget\" data-widget_type=\"heading.default\">\n\t\t\t\t<div class=\"elementor-widget-container\">\n\t\t\t\t\t<h2 class=\"elementor-heading-title elementor-size-default\">Liste compl\u00e8te des produits <\/h2>\t\t\t\t<\/div>\n\t\t\t\t<\/div>\n\t\t\t\t\t<\/div>\n\t\t<\/div>\n\t\t\t\t\t<\/div>\n\t\t<\/section>\n\t\t\t\t<section class=\"elementor-section elementor-top-section elementor-element elementor-element-af3329d elementor-section-boxed elementor-section-height-default elementor-section-height-default\" data-id=\"af3329d\" data-element_type=\"section\" data-e-type=\"section\">\n\t\t\t\t\t\t<div class=\"elementor-container elementor-column-gap-default\">\n\t\t\t\t\t<div class=\"elementor-column elementor-col-100 elementor-top-column elementor-element elementor-element-0f3f6d9\" data-id=\"0f3f6d9\" data-element_type=\"column\" data-e-type=\"column\">\n\t\t\t<div class=\"elementor-widget-wrap elementor-element-populated\">\n\t\t\t\t\t\t<div class=\"elementor-element elementor-element-722d77f elementor-widget elementor-widget-heading\" data-id=\"722d77f\" data-element_type=\"widget\" data-e-type=\"widget\" data-widget_type=\"heading.default\">\n\t\t\t\t<div class=\"elementor-widget-container\">\n\t\t\t\t\t<h2 class=\"elementor-heading-title elementor-size-default\">Acide ac\u00e9tique glacial <br>\nFluorure d'aluminium <br>\nBifluorure d'ammonium <br>\nChlorure d'ammonium <br>\nPersulfate d'ammonium <br>\nPolyphosphate d'ammonium <br>\nSulfamate d'ammonium <br>\nATMP 50 % <br>\nSulfate de baryum naturel 1,5-2 microns <br>\nSulfate de baryum naturel 3-4 microns <br>\nSulfate de baryum pr\u00e9cipit\u00e9 0,7 micron <br>\nSulfate de baryum pr\u00e9cipit\u00e9 1 micron <br>\nSulfate de baryum naturel 17 microns <br>\nAcide borique <br>\nChlorure de calcium 74 % en perles <br>\nChlorure de calcium 77 % en paillettes <br>\nChlorure de calcium 94 % en poudre <br>\nChlorure de calcium \u00e0 94 % en granul\u00e9s <br>\nFormiate de calcium <br>\nNitrate de calcium en perles <br>\nNitrate de calcium en cristaux (sans ammonium) <br>\nNitrate de calcium t\u00e9trahydrat\u00e9 - Inde <br>\nSel de calcium d'acide de palme <br>\nM\u00e9lange d'acides caprylique-caprique C8-C10 <br>\nSoude caustique en perles <br>\nChlorure de choline 70 % liquide <br>\nAcide citrique anhydre <br>\nCarbonate de cuivre <br>\nHydroxyde de cuivre <br>\nOxychlorure de cuivre <br>\nSulfate de cuivre pentahydrat\u00e9 <br>\nPhosphate diammonique <br>\nDicyandiamide <br>\nAcide DTPA <br>\nDTPA Fe 11 % <br>\nDTPA Mn 10 % <br>\nDTPA Zn <br>\nEDDHA Fe 6 % - 4,8 % ortho-ortho <br>\nEDDHA Fe 6 % - 5,2 % ortho-ortho <br>\nAcide EDTA <br>\nEDTA Ca <br>\nEDTA Cu 15 % <br>\nEDTA Disodique <br>\nEDTA Fe 13 % <br>\nEDTA Mn 13 % <br>\nEDTA T\u00e9trasodique <br>\nEDTA T\u00e9trasodique 40 % liquide <br>\nEDTA T\u00e9trasodique en poudre <br>\nEDTA Zn 15 % <br>\nSulfate ferreux heptahydrat\u00e9 20 % <br>\nSulfate ferreux monohydrat\u00e9 granulaire 30 % <br>\nSulfate ferreux monohydrat\u00e9 en poudre 30 % <br>\nSulfate ferreux monohydrat\u00e9 granulaire 30 % qualit\u00e9 alimentaire 24-60 Mesh\n<br>\nAcide formique <br>\nB\u00e9ta\u00efne glycine (B\u00e9ta\u00efne anhydre) <br>\nGlyoxal 40 % <br>\nAcide glyoxylique <br>\nBore granulaire 10 % <br>\nBore granulaire 15 % <br>\nGomme de guar 35-40 <br>\nGomme de guar 40-45 <br>\nGomme de guar en poudre 200 mesh <br>\nOxyde de fer rouge 110 <br>\nChlorure de magn\u00e9sium en paillettes <br>\nNitrate de magn\u00e9sium en perles <br>\nNitrate de magn\u00e9sium en cristaux <br>\nSulfate de magn\u00e9sium heptahydrat\u00e9 9,8 % <br>\nSulfate de magn\u00e9sium anhydre granulaire <br>\nSulfate de magn\u00e9sium anhydre en poudre <br>\nSulfate de magn\u00e9sium trihydrat\u00e9 <br>\nSulfate de magn\u00e9sium monohydrat\u00e9 en poudre qualit\u00e9 alimentaire <br>\nAnhydride mal\u00e9ique en briquettes <br>\nCarbonate de mangan\u00e8se 44 % <br>\nOxyde de mangan\u00e8se 60 % <br>\nSulfate de mangan\u00e8se granulaire 31,5 % <br>\n\nSulfate de mangan\u00e8se en poudre 32 % <br>\nPhosphate monoammonique <br>\nMono\u00e9thanolamine <br>\nMGDA Trisodique 40 % <br>\nUr\u00e9e microperl\u00e9e <br>\nMono penta\u00e9rythritol 98 % <br>\nPhosphate monosodique <br>\nNBPT <br>\nN-\u00c9THYL-2-PYRROLIDONE <br>\nNTA 3Na <br>\nAcide oxalique <br>\nGraisse de palme <br>\nAcide P-Aminobenzo\u00efque <br>\nAcide Para-Hydroxybenzo\u00efque <br>\nPBTC 50 % <br>\nAcide phosphorique 75 % <br>\nAcide phosphorique 85 % <br>\nAcide phosphoreux 98,5 % <br>\nAcide phosphoreux 99 % <br>\nPolyacrylamide <br>\nCellulose polyanionique PAC LV <br>\nCellulose polyanionique PAC R <br>\nAcide polyphosphorique 105 % <br>\nPolysorbate 80 - Monool\u00e9ate de sorbitan \u00e9thoxyl\u00e9 <br>\nAc\u00e9tate de potassium <br>\nBicarbonate de potassium <br>\nCarbonate de potassium <br>\nFormiate de potassium 75 % liquide <br>\nFormiate de potassium 97 % en paillettes <br>\nHydroxyde de potassium 90 % en paillettes <br>\nNitrate de potassium <br>\nSulfate de potassium <br>\nCarbonate de propyl\u00e8ne <br>\nHydrolysat de prot\u00e9ines 90 % <br>\nAcide salicylique <br>\nSAPP <br>\nCitrate de sodium <br>\n\u00c9rythorbate de sodium <br>\nFerrocyanure de sodium <br>\nFluorosilicate de sodium <br>\nFormiate de sodium <br>\nGluconate de sodium <br>\nM\u00e9tabisulfite de sodium <br>\nM\u00e9tasilicate de sodium anhydre <br>\nM\u00e9tasilicate de sodium pentahydrat\u00e9 <br>\nPerborate de sodium t\u00e9trahydrat\u00e9 <br>\nPersulfate de sodium <br>\nSulfite de sodium anhydre <br>\nBore soluble (Octoborate disodique) <br>\nSTPP Dense <br>\nSTPP L\u00e9ger <br>\nSTPP Moyen <br>\nAcide sulfamique <br>\nHuile de ricin sulfat\u00e9e 75 % <br>\nAsphalte sulfon\u00e9 <br>\nTHPS 75 % <br>\nDioxyde de titane chlorure RC 800 PG + <br>\nDioxyde de titane chlorure RC 822 <br>\nDioxyde de titane CR-810 <br>\nDioxyde de titane CR-811 <br>\nDioxyde de titane R-213 <br>\nDioxyde de titane SR-801 <br>\nDioxyde de titane SR-802 <br>\nDioxyde de titane SR-803 <br>\nDioxyde de titane SR-804 <br>\nDioxyde de titane SR-805 <br>     \n\nPhosphate trisodique dod\u00e9cahydrat\u00e9 <br>\nPhosphate d'ur\u00e9e <br>\nGomme xanthane qualit\u00e9 API <br>\nCarbonate de zinc <br>\nChlorure de zinc 98 % <br>\nOxyde de zinc qualit\u00e9 alimentaire 72 % <br>\nOxyde de zinc qualit\u00e9 Gold Seal - Qualit\u00e9 pure <br>\nSulfate de zinc granulaire 35,5 % <br>\nSulfate de zinc monohydrat\u00e9 35,5 % en poudre <br><\/h2>\t\t\t\t<\/div>\n\t\t\t\t<\/div>\n\t\t\t\t\t<\/div>\n\t\t<\/div>\n\t\t\t\t\t<\/div>\n\t\t<\/section>\n\t\t\t\t<\/div>\n\t\t","protected":false},"excerpt":{"rendered":"<p>Liste compl\u00e8te des produits Acide ac\u00e9tique glacial Fluorure d&rsquo;aluminium Bifluorure d&rsquo;ammonium Chlorure d&rsquo;ammonium Persulfate d&rsquo;ammonium Polyphosphate d&rsquo;ammonium Sulfamate d&rsquo;ammonium ATMP 50 % Sulfate de baryum naturel 1,5-2 microns Sulfate de baryum naturel 3-4 microns Sulfate de baryum pr\u00e9cipit\u00e9 0,7 micron Sulfate de baryum pr\u00e9cipit\u00e9 1 micron Sulfate de baryum naturel 17 microns Acide borique Chlorure [&hellip;]<\/p>\n","protected":false},"author":1,"featured_media":0,"parent":0,"menu_order":0,"comment_status":"closed","ping_status":"closed","template":"","meta":{"_acf_changed":false,"footnotes":""},"class_list":["post-9376","page","type-page","status-publish","hentry"],"acf":[],"_links":{"self":[{"href":"https:\/\/alvosinternational.com\/fr\/wp-json\/wp\/v2\/pages\/9376","targetHints":{"allow":["GET"]}}],"collection":[{"href":"https:\/\/alvosinternational.com\/fr\/wp-json\/wp\/v2\/pages"}],"about":[{"href":"https:\/\/alvosinternational.com\/fr\/wp-json\/wp\/v2\/types\/page"}],"author":[{"embeddable":true,"href":"https:\/\/alvosinternational.com\/fr\/wp-json\/wp\/v2\/users\/1"}],"replies":[{"embeddable":true,"href":"https:\/\/alvosinternational.com\/fr\/wp-json\/wp\/v2\/comments?post=9376"}],"version-history":[{"count":3,"href":"https:\/\/alvosinternational.com\/fr\/wp-json\/wp\/v2\/pages\/9376\/revisions"}],"predecessor-version":[{"id":9441,"href":"https:\/\/alvosinternational.com\/fr\/wp-json\/wp\/v2\/pages\/9376\/revisions\/9441"}],"wp:attachment":[{"href":"https:\/\/alvosinternational.com\/fr\/wp-json\/wp\/v2\/media?parent=9376"}],"curies":[{"name":"wp","href":"https:\/\/api.w.org\/{rel}","templated":true}]}}