{"id":9093,"date":"2021-07-16T20:27:50","date_gmt":"2021-07-16T20:27:50","guid":{"rendered":"https:\/\/alvosinternational.com\/informations\/"},"modified":"2025-12-01T04:12:59","modified_gmt":"2025-12-01T04:12:59","slug":"informations","status":"publish","type":"page","link":"https:\/\/alvosinternational.com\/fr\/informations\/","title":{"rendered":"BUREAUX ET ENTREP\u00d4TS"},"content":{"rendered":"\t\t<div data-elementor-type=\"wp-page\" data-elementor-id=\"9093\" class=\"elementor elementor-9093 elementor-85\" data-elementor-post-type=\"page\">\n\t\t\t\t\t\t<section class=\"elementor-section elementor-top-section elementor-element elementor-element-dbcd129 elementor-section-boxed elementor-section-height-default elementor-section-height-default\" data-id=\"dbcd129\" data-element_type=\"section\" data-e-type=\"section\">\n\t\t\t\t\t\t<div class=\"elementor-container elementor-column-gap-default\">\n\t\t\t\t\t<div class=\"elementor-column elementor-col-33 elementor-top-column elementor-element elementor-element-71583ad\" data-id=\"71583ad\" data-element_type=\"column\" data-e-type=\"column\">\n\t\t\t<div class=\"elementor-widget-wrap elementor-element-populated\">\n\t\t\t\t\t\t<div class=\"elementor-element elementor-element-0faca98 elementor-hidden-mobile elementor-widget elementor-widget-image\" data-id=\"0faca98\" data-element_type=\"widget\" data-e-type=\"widget\" data-widget_type=\"image.default\">\n\t\t\t\t<div class=\"elementor-widget-container\">\n\t\t\t\t\t\t\t\t\t\t\t\t\t\t\t<img fetchpriority=\"high\" decoding=\"async\" width=\"512\" height=\"342\" src=\"https:\/\/alvosinternational.com\/wp-content\/uploads\/2025\/11\/single-column-bag-palletizing.jpg\" class=\"attachment-full size-full wp-image-9094\" alt=\"\" srcset=\"https:\/\/alvosinternational.com\/wp-content\/uploads\/2025\/11\/single-column-bag-palletizing.jpg 512w, https:\/\/alvosinternational.com\/wp-content\/uploads\/2025\/11\/single-column-bag-palletizing-300x200.jpg 300w\" sizes=\"(max-width: 512px) 100vw, 512px\" \/>\t\t\t\t\t\t\t\t\t\t\t\t\t\t\t<\/div>\n\t\t\t\t<\/div>\n\t\t\t\t\t<\/div>\n\t\t<\/div>\n\t\t\t\t<div class=\"elementor-column elementor-col-33 elementor-top-column elementor-element elementor-element-698ca65\" data-id=\"698ca65\" data-element_type=\"column\" data-e-type=\"column\">\n\t\t\t<div class=\"elementor-widget-wrap elementor-element-populated\">\n\t\t\t\t\t\t<div class=\"elementor-element elementor-element-d470833 elementor-widget elementor-widget-image\" data-id=\"d470833\" data-element_type=\"widget\" data-e-type=\"widget\" data-widget_type=\"image.default\">\n\t\t\t\t<div class=\"elementor-widget-container\">\n\t\t\t\t\t\t\t\t\t\t\t\t\t\t\t<img decoding=\"async\" width=\"2560\" height=\"1435\" src=\"https:\/\/alvosinternational.com\/wp-content\/uploads\/2025\/11\/vecteezy_rows-of-brightly-colored-storage-drums-fill-the-expansive_60026866-scaled.jpg\" class=\"attachment-full size-full wp-image-9096\" alt=\"\" srcset=\"https:\/\/alvosinternational.com\/wp-content\/uploads\/2025\/11\/vecteezy_rows-of-brightly-colored-storage-drums-fill-the-expansive_60026866-scaled.jpg 2560w, https:\/\/alvosinternational.com\/wp-content\/uploads\/2025\/11\/vecteezy_rows-of-brightly-colored-storage-drums-fill-the-expansive_60026866-300x168.jpg 300w, https:\/\/alvosinternational.com\/wp-content\/uploads\/2025\/11\/vecteezy_rows-of-brightly-colored-storage-drums-fill-the-expansive_60026866-1024x574.jpg 1024w, https:\/\/alvosinternational.com\/wp-content\/uploads\/2025\/11\/vecteezy_rows-of-brightly-colored-storage-drums-fill-the-expansive_60026866-768x430.jpg 768w, https:\/\/alvosinternational.com\/wp-content\/uploads\/2025\/11\/vecteezy_rows-of-brightly-colored-storage-drums-fill-the-expansive_60026866-1536x861.jpg 1536w, https:\/\/alvosinternational.com\/wp-content\/uploads\/2025\/11\/vecteezy_rows-of-brightly-colored-storage-drums-fill-the-expansive_60026866-2048x1148.jpg 2048w\" sizes=\"(max-width: 2560px) 100vw, 2560px\" \/>\t\t\t\t\t\t\t\t\t\t\t\t\t\t\t<\/div>\n\t\t\t\t<\/div>\n\t\t\t\t\t<\/div>\n\t\t<\/div>\n\t\t\t\t<div class=\"elementor-column elementor-col-33 elementor-top-column elementor-element elementor-element-21d4d4a\" data-id=\"21d4d4a\" data-element_type=\"column\" data-e-type=\"column\">\n\t\t\t<div class=\"elementor-widget-wrap elementor-element-populated\">\n\t\t\t\t\t\t<div class=\"elementor-element elementor-element-5dc00f9 elementor-hidden-mobile elementor-widget elementor-widget-image\" data-id=\"5dc00f9\" data-element_type=\"widget\" data-e-type=\"widget\" data-widget_type=\"image.default\">\n\t\t\t\t<div class=\"elementor-widget-container\">\n\t\t\t\t\t\t\t\t\t\t\t\t\t\t\t<img decoding=\"async\" width=\"512\" height=\"341\" src=\"https:\/\/alvosinternational.com\/wp-content\/uploads\/2025\/11\/bag-in-box-1.jpg\" class=\"attachment-full size-full wp-image-9097\" alt=\"\" srcset=\"https:\/\/alvosinternational.com\/wp-content\/uploads\/2025\/11\/bag-in-box-1.jpg 512w, https:\/\/alvosinternational.com\/wp-content\/uploads\/2025\/11\/bag-in-box-1-300x200.jpg 300w\" sizes=\"(max-width: 512px) 100vw, 512px\" \/>\t\t\t\t\t\t\t\t\t\t\t\t\t\t\t<\/div>\n\t\t\t\t<\/div>\n\t\t\t\t\t<\/div>\n\t\t<\/div>\n\t\t\t\t\t<\/div>\n\t\t<\/section>\n\t\t\t\t<section class=\"elementor-section elementor-top-section elementor-element elementor-element-0bca7ba elementor-section-boxed elementor-section-height-default elementor-section-height-default\" data-id=\"0bca7ba\" data-element_type=\"section\" data-e-type=\"section\">\n\t\t\t\t\t\t<div class=\"elementor-container elementor-column-gap-default\">\n\t\t\t\t\t<div class=\"elementor-column elementor-col-100 elementor-top-column elementor-element elementor-element-77eca0d\" data-id=\"77eca0d\" data-element_type=\"column\" data-e-type=\"column\">\n\t\t\t<div class=\"elementor-widget-wrap elementor-element-populated\">\n\t\t\t\t\t\t<div class=\"elementor-element elementor-element-431a6af elementor-widget elementor-widget-heading\" data-id=\"431a6af\" data-element_type=\"widget\" data-e-type=\"widget\" data-widget_type=\"heading.default\">\n\t\t\t\t<div class=\"elementor-widget-container\">\n\t\t\t\t\t<h2 class=\"elementor-heading-title elementor-size-default\">Bureaux et entrep\u00f4ts<\/h2>\t\t\t\t<\/div>\n\t\t\t\t<\/div>\n\t\t\t\t\t<\/div>\n\t\t<\/div>\n\t\t\t\t\t<\/div>\n\t\t<\/section>\n\t\t\t\t<section class=\"elementor-section elementor-top-section elementor-element elementor-element-af93761 elementor-section-boxed elementor-section-height-default elementor-section-height-default\" data-id=\"af93761\" data-element_type=\"section\" data-e-type=\"section\">\n\t\t\t\t\t\t<div class=\"elementor-container elementor-column-gap-default\">\n\t\t\t\t\t<div class=\"elementor-column elementor-col-100 elementor-top-column elementor-element elementor-element-38737ef\" data-id=\"38737ef\" data-element_type=\"column\" data-e-type=\"column\">\n\t\t\t<div class=\"elementor-widget-wrap elementor-element-populated\">\n\t\t\t\t\t\t<div class=\"elementor-element elementor-element-99ec062 elementor-widget elementor-widget-heading\" data-id=\"99ec062\" data-element_type=\"widget\" data-e-type=\"widget\" data-widget_type=\"heading.default\">\n\t\t\t\t<div class=\"elementor-widget-container\">\n\t\t\t\t\t<h2 class=\"elementor-heading-title elementor-size-default\">Alvos International poss\u00e8de des bureaux \u00e0 Las Vegas et San Diego. Nous maintenons un inventaire local dans des entrep\u00f4ts strat\u00e9giquement positionn\u00e9s \u00e0 Baltimore, Savannah, Miami, Houston, Stockton, Seattle, Chicago, Kansas City, Vancouver, Toronto et Montr\u00e9al. <\/h2>\t\t\t\t<\/div>\n\t\t\t\t<\/div>\n\t\t\t\t\t<\/div>\n\t\t<\/div>\n\t\t\t\t\t<\/div>\n\t\t<\/section>\n\t\t\t\t<section class=\"elementor-section elementor-top-section elementor-element elementor-element-122e332 elementor-section-boxed elementor-section-height-default elementor-section-height-default\" data-id=\"122e332\" data-element_type=\"section\" data-e-type=\"section\">\n\t\t\t\t\t\t<div class=\"elementor-container elementor-column-gap-default\">\n\t\t\t\t\t<div class=\"elementor-column elementor-col-100 elementor-top-column elementor-element elementor-element-3e15126\" data-id=\"3e15126\" data-element_type=\"column\" data-e-type=\"column\">\n\t\t\t<div class=\"elementor-widget-wrap elementor-element-populated\">\n\t\t\t\t\t\t<div class=\"elementor-element elementor-element-f9b1a02 elementor-widget elementor-widget-image\" data-id=\"f9b1a02\" data-element_type=\"widget\" data-e-type=\"widget\" data-widget_type=\"image.default\">\n\t\t\t\t<div class=\"elementor-widget-container\">\n\t\t\t\t\t\t\t\t\t\t\t\t\t\t\t<img loading=\"lazy\" decoding=\"async\" width=\"2560\" height=\"1412\" src=\"https:\/\/alvosinternational.com\/wp-content\/uploads\/2025\/11\/Screenshot-2025-11-29-at-3.05.00-PM-scaled.png\" class=\"attachment-full size-full wp-image-9098\" alt=\"\" srcset=\"https:\/\/alvosinternational.com\/wp-content\/uploads\/2025\/11\/Screenshot-2025-11-29-at-3.05.00-PM-scaled.png 2560w, https:\/\/alvosinternational.com\/wp-content\/uploads\/2025\/11\/Screenshot-2025-11-29-at-3.05.00-PM-300x165.png 300w, https:\/\/alvosinternational.com\/wp-content\/uploads\/2025\/11\/Screenshot-2025-11-29-at-3.05.00-PM-1024x565.png 1024w, https:\/\/alvosinternational.com\/wp-content\/uploads\/2025\/11\/Screenshot-2025-11-29-at-3.05.00-PM-768x424.png 768w, https:\/\/alvosinternational.com\/wp-content\/uploads\/2025\/11\/Screenshot-2025-11-29-at-3.05.00-PM-1536x847.png 1536w, https:\/\/alvosinternational.com\/wp-content\/uploads\/2025\/11\/Screenshot-2025-11-29-at-3.05.00-PM-2048x1129.png 2048w\" sizes=\"(max-width: 2560px) 100vw, 2560px\" \/>\t\t\t\t\t\t\t\t\t\t\t\t\t\t\t<\/div>\n\t\t\t\t<\/div>\n\t\t\t\t\t<\/div>\n\t\t<\/div>\n\t\t\t\t\t<\/div>\n\t\t<\/section>\n\t\t\t\t<\/div>\n\t\t","protected":false},"excerpt":{"rendered":"<p>Bureaux et entrep\u00f4ts Alvos International poss\u00e8de des bureaux \u00e0 Las Vegas et San Diego. Nous maintenons un inventaire local dans des entrep\u00f4ts strat\u00e9giquement positionn\u00e9s \u00e0 Baltimore, Savannah, Miami, Houston, Stockton, Seattle, Chicago, Kansas City, Vancouver, Toronto et Montr\u00e9al.<\/p>\n","protected":false},"author":1,"featured_media":0,"parent":0,"menu_order":0,"comment_status":"closed","ping_status":"closed","template":"","meta":{"_acf_changed":false,"footnotes":""},"class_list":["post-9093","page","type-page","status-publish","hentry"],"acf":[],"_links":{"self":[{"href":"https:\/\/alvosinternational.com\/fr\/wp-json\/wp\/v2\/pages\/9093","targetHints":{"allow":["GET"]}}],"collection":[{"href":"https:\/\/alvosinternational.com\/fr\/wp-json\/wp\/v2\/pages"}],"about":[{"href":"https:\/\/alvosinternational.com\/fr\/wp-json\/wp\/v2\/types\/page"}],"author":[{"embeddable":true,"href":"https:\/\/alvosinternational.com\/fr\/wp-json\/wp\/v2\/users\/1"}],"replies":[{"embeddable":true,"href":"https:\/\/alvosinternational.com\/fr\/wp-json\/wp\/v2\/comments?post=9093"}],"version-history":[{"count":7,"href":"https:\/\/alvosinternational.com\/fr\/wp-json\/wp\/v2\/pages\/9093\/revisions"}],"predecessor-version":[{"id":9568,"href":"https:\/\/alvosinternational.com\/fr\/wp-json\/wp\/v2\/pages\/9093\/revisions\/9568"}],"wp:attachment":[{"href":"https:\/\/alvosinternational.com\/fr\/wp-json\/wp\/v2\/media?parent=9093"}],"curies":[{"name":"wp","href":"https:\/\/api.w.org\/{rel}","templated":true}]}}