{"id":9017,"date":"2024-08-15T02:05:17","date_gmt":"2024-08-15T02:05:17","guid":{"rendered":"https:\/\/alvosinternational.com\/jury\/"},"modified":"2025-12-01T02:55:07","modified_gmt":"2025-12-01T02:55:07","slug":"jury","status":"publish","type":"page","link":"https:\/\/alvosinternational.com\/fr\/jury\/","title":{"rendered":"POURQUOI CHOISIR ALVOS ?"},"content":{"rendered":"\t\t<div data-elementor-type=\"wp-page\" data-elementor-id=\"9017\" class=\"elementor elementor-9017 elementor-7840\" data-elementor-post-type=\"page\">\n\t\t\t\t\t\t<section class=\"elementor-section elementor-top-section elementor-element elementor-element-767305eb elementor-section-boxed elementor-section-height-default elementor-section-height-default\" data-id=\"767305eb\" data-element_type=\"section\" data-e-type=\"section\">\n\t\t\t\t\t\t<div class=\"elementor-container elementor-column-gap-default\">\n\t\t\t\t\t<div class=\"elementor-column elementor-col-100 elementor-top-column elementor-element elementor-element-5e74911c\" data-id=\"5e74911c\" data-element_type=\"column\" data-e-type=\"column\">\n\t\t\t<div class=\"elementor-widget-wrap elementor-element-populated\">\n\t\t\t\t\t\t<div class=\"elementor-element elementor-element-61f888c5 elementor-widget elementor-widget-heading\" data-id=\"61f888c5\" data-element_type=\"widget\" data-e-type=\"widget\" data-widget_type=\"heading.default\">\n\t\t\t\t<div class=\"elementor-widget-container\">\n\t\t\t\t\t<h2 class=\"elementor-heading-title elementor-size-default\">Pourquoi choisir Alvos ?<br><\/h2>\t\t\t\t<\/div>\n\t\t\t\t<\/div>\n\t\t\t\t\t<\/div>\n\t\t<\/div>\n\t\t\t\t\t<\/div>\n\t\t<\/section>\n\t\t\t\t<section class=\"elementor-section elementor-top-section elementor-element elementor-element-3967e9e elementor-section-boxed elementor-section-height-default elementor-section-height-default\" data-id=\"3967e9e\" data-element_type=\"section\" data-e-type=\"section\">\n\t\t\t\t\t\t<div class=\"elementor-container elementor-column-gap-default\">\n\t\t\t\t\t<div class=\"elementor-column elementor-col-100 elementor-top-column elementor-element elementor-element-1a0ef03\" data-id=\"1a0ef03\" data-element_type=\"column\" data-e-type=\"column\">\n\t\t\t<div class=\"elementor-widget-wrap elementor-element-populated\">\n\t\t\t\t\t\t<div class=\"elementor-element elementor-element-df1cf9d elementor-widget elementor-widget-heading\" data-id=\"df1cf9d\" data-element_type=\"widget\" data-e-type=\"widget\" data-widget_type=\"heading.default\">\n\t\t\t\t<div class=\"elementor-widget-container\">\n\t\t\t\t\t<h2 class=\"elementor-heading-title elementor-size-default\">Nous sommes centr\u00e9s sur le client. Notre objectif est de cr\u00e9er des avantages concurrentiels pour nos clients. <\/h2>\t\t\t\t<\/div>\n\t\t\t\t<\/div>\n\t\t\t\t<div class=\"elementor-element elementor-element-9b05d13 elementor-widget elementor-widget-heading\" data-id=\"9b05d13\" data-element_type=\"widget\" data-e-type=\"widget\" data-widget_type=\"heading.default\">\n\t\t\t\t<div class=\"elementor-widget-container\">\n\t\t\t\t\t<h2 class=\"elementor-heading-title elementor-size-default\">Nous op\u00e9rons avec une philosophie ax\u00e9e sur le client et un engagement \u00e0 cr\u00e9er des avantages concurrentiels pour chaque client que nous servons. En tant qu'experts en approvisionnement mondial de produits chimiques sp\u00e9cialis\u00e9s et en optimisation de la cha\u00eene d'approvisionnement, nous identifions syst\u00e9matiquement les inefficacit\u00e9s tout au long de la cha\u00eene d'approvisionnement, en r\u00e9percutant directement les \u00e9conomies qui en r\u00e9sultent \u00e0 nos clients. Nos marges sont plafonn\u00e9es \u00e0 un pourcentage fixe des co\u00fbts des produits, renfor\u00e7ant ainsi notre engagement envers un partenariat \u00e0 long terme plut\u00f4t qu'un gain \u00e0 court terme.  <\/h2>\t\t\t\t<\/div>\n\t\t\t\t<\/div>\n\t\t\t\t\t<\/div>\n\t\t<\/div>\n\t\t\t\t\t<\/div>\n\t\t<\/section>\n\t\t\t\t<section class=\"elementor-section elementor-top-section elementor-element elementor-element-4f1d31e elementor-section-boxed elementor-section-height-default elementor-section-height-default\" data-id=\"4f1d31e\" data-element_type=\"section\" data-e-type=\"section\">\n\t\t\t\t\t\t<div class=\"elementor-container elementor-column-gap-default\">\n\t\t\t\t\t<div class=\"elementor-column elementor-col-100 elementor-top-column elementor-element elementor-element-6922699\" data-id=\"6922699\" data-element_type=\"column\" data-e-type=\"column\">\n\t\t\t<div class=\"elementor-widget-wrap elementor-element-populated\">\n\t\t\t\t\t\t<div class=\"elementor-element elementor-element-c39d3fc elementor-widget elementor-widget-heading\" data-id=\"c39d3fc\" data-element_type=\"widget\" data-e-type=\"widget\" data-widget_type=\"heading.default\">\n\t\t\t\t<div class=\"elementor-widget-container\">\n\t\t\t\t\t<h2 class=\"elementor-heading-title elementor-size-default\">Approvisionnement direct.<\/h2>\t\t\t\t<\/div>\n\t\t\t\t<\/div>\n\t\t\t\t<div class=\"elementor-element elementor-element-55e4e3f elementor-widget elementor-widget-heading\" data-id=\"55e4e3f\" data-element_type=\"widget\" data-e-type=\"widget\" data-widget_type=\"heading.default\">\n\t\t\t\t<div class=\"elementor-widget-container\">\n\t\t\t\t\t<h2 class=\"elementor-heading-title elementor-size-default\">En nous approvisionnant directement aupr\u00e8s des principaux fabricants mondiaux, nous garantissons une qualit\u00e9 constante des produits. <\/h2>\t\t\t\t<\/div>\n\t\t\t\t<\/div>\n\t\t\t\t\t<\/div>\n\t\t<\/div>\n\t\t\t\t\t<\/div>\n\t\t<\/section>\n\t\t\t\t<section class=\"elementor-section elementor-top-section elementor-element elementor-element-b9e8fff elementor-section-boxed elementor-section-height-default elementor-section-height-default\" data-id=\"b9e8fff\" data-element_type=\"section\" data-e-type=\"section\">\n\t\t\t\t\t\t<div class=\"elementor-container elementor-column-gap-default\">\n\t\t\t\t\t<div class=\"elementor-column elementor-col-100 elementor-top-column elementor-element elementor-element-fc6c98b\" data-id=\"fc6c98b\" data-element_type=\"column\" data-e-type=\"column\">\n\t\t\t<div class=\"elementor-widget-wrap elementor-element-populated\">\n\t\t\t\t\t\t<div class=\"elementor-element elementor-element-878ac18 elementor-widget elementor-widget-heading\" data-id=\"878ac18\" data-element_type=\"widget\" data-e-type=\"widget\" data-widget_type=\"heading.default\">\n\t\t\t\t<div class=\"elementor-widget-container\">\n\t\t\t\t\t<h2 class=\"elementor-heading-title elementor-size-default\">Informations transparentes et exploitables sur les produits et les march\u00e9s.<\/h2>\t\t\t\t<\/div>\n\t\t\t\t<\/div>\n\t\t\t\t<div class=\"elementor-element elementor-element-5221c25 elementor-widget elementor-widget-heading\" data-id=\"5221c25\" data-element_type=\"widget\" data-e-type=\"widget\" data-widget_type=\"heading.default\">\n\t\t\t\t<div class=\"elementor-widget-container\">\n\t\t\t\t\t<h2 class=\"elementor-heading-title elementor-size-default\">Notre compr\u00e9hension approfondie de l'offre, de la demande, de la capacit\u00e9, de la logistique et de la dynamique des prix nous permet d'anticiper les changements du march\u00e9 et de fournir de mani\u00e8re proactive des informations qui permettent aux clients de planifier en toute confiance.<\/h2>\t\t\t\t<\/div>\n\t\t\t\t<\/div>\n\t\t\t\t\t<\/div>\n\t\t<\/div>\n\t\t\t\t\t<\/div>\n\t\t<\/section>\n\t\t\t\t<section class=\"elementor-section elementor-top-section elementor-element elementor-element-0a59491 elementor-section-boxed elementor-section-height-default elementor-section-height-default\" data-id=\"0a59491\" data-element_type=\"section\" data-e-type=\"section\">\n\t\t\t\t\t\t<div class=\"elementor-container elementor-column-gap-default\">\n\t\t\t\t\t<div class=\"elementor-column elementor-col-100 elementor-top-column elementor-element elementor-element-22d66e5\" data-id=\"22d66e5\" data-element_type=\"column\" data-e-type=\"column\">\n\t\t\t<div class=\"elementor-widget-wrap elementor-element-populated\">\n\t\t\t\t\t\t<div class=\"elementor-element elementor-element-f20083b elementor-widget elementor-widget-heading\" data-id=\"f20083b\" data-element_type=\"widget\" data-e-type=\"widget\" data-widget_type=\"heading.default\">\n\t\t\t\t<div class=\"elementor-widget-container\">\n\t\t\t\t\t<h2 class=\"elementor-heading-title elementor-size-default\">Conformit\u00e9 aux r\u00e9glementations douani\u00e8res et d'importation.<\/h2>\t\t\t\t<\/div>\n\t\t\t\t<\/div>\n\t\t\t\t<div class=\"elementor-element elementor-element-99d2a89 elementor-widget elementor-widget-heading\" data-id=\"99d2a89\" data-element_type=\"widget\" data-e-type=\"widget\" data-widget_type=\"heading.default\">\n\t\t\t\t<div class=\"elementor-widget-container\">\n\t\t\t\t\t<h2 class=\"elementor-heading-title elementor-size-default\">Nous respectons toutes les exigences de conformit\u00e9 douani\u00e8re et d'importation, en veillant \u00e0 ce que chaque exp\u00e9dition r\u00e9ponde aux r\u00e9glementations gouvernementales applicables. Notre \u00e9quipe surveille en permanence l'\u00e9volution rapide des politiques tarifaires affectant les produits chimiques sp\u00e9cialis\u00e9s - y compris les actions sans pr\u00e9c\u00e9dent r\u00e9centes - afin de pouvoir guider les clients \u00e0 travers la complexit\u00e9, att\u00e9nuer les risques et livrer des importations enti\u00e8rement conformes et optimis\u00e9es en termes de co\u00fbts.  <\/h2>\t\t\t\t<\/div>\n\t\t\t\t<\/div>\n\t\t\t\t\t<\/div>\n\t\t<\/div>\n\t\t\t\t\t<\/div>\n\t\t<\/section>\n\t\t\t\t<section class=\"elementor-section elementor-top-section elementor-element elementor-element-1bce469 elementor-section-boxed elementor-section-height-default elementor-section-height-default\" data-id=\"1bce469\" data-element_type=\"section\" data-e-type=\"section\">\n\t\t\t\t\t\t<div class=\"elementor-container elementor-column-gap-default\">\n\t\t\t\t\t<div class=\"elementor-column elementor-col-100 elementor-top-column elementor-element elementor-element-763ff34\" data-id=\"763ff34\" data-element_type=\"column\" data-e-type=\"column\">\n\t\t\t<div class=\"elementor-widget-wrap elementor-element-populated\">\n\t\t\t\t\t\t<div class=\"elementor-element elementor-element-7c113a2 elementor-widget elementor-widget-heading\" data-id=\"7c113a2\" data-element_type=\"widget\" data-e-type=\"widget\" data-widget_type=\"heading.default\">\n\t\t\t\t<div class=\"elementor-widget-container\">\n\t\t\t\t\t<h2 class=\"elementor-heading-title elementor-size-default\">Renforcement de l'approvisionnement nord-am\u00e9ricain pour les produits non fabriqu\u00e9s localement.<\/h2>\t\t\t\t<\/div>\n\t\t\t\t<\/div>\n\t\t\t\t<div class=\"elementor-element elementor-element-0e1c4a0 elementor-widget elementor-widget-heading\" data-id=\"0e1c4a0\" data-element_type=\"widget\" data-e-type=\"widget\" data-widget_type=\"heading.default\">\n\t\t\t\t<div class=\"elementor-widget-container\">\n\t\t\t\t\t<h2 class=\"elementor-heading-title elementor-size-default\">De nombreux produits que nous fournissons ne sont pas produits en Am\u00e9rique du Nord, ou les fabricants locaux ne peuvent pas r\u00e9pondre \u00e0 la demande totale des clients nord-am\u00e9ricains. Nous comblons cette lacune gr\u00e2ce \u00e0 un approvisionnement mondial fiable qui r\u00e9pond \u00e0 toutes les exigences de qualit\u00e9 et de r\u00e9glementation. Nous assurons une livraison sans faille \u00e0 votre quai avec la m\u00eame fiabilit\u00e9 et qualit\u00e9 attendues des produits fabriqu\u00e9s localement.   <\/h2>\t\t\t\t<\/div>\n\t\t\t\t<\/div>\n\t\t\t\t\t<\/div>\n\t\t<\/div>\n\t\t\t\t\t<\/div>\n\t\t<\/section>\n\t\t\t\t<\/div>\n\t\t","protected":false},"excerpt":{"rendered":"<p>Pourquoi choisir Alvos ? Nous sommes centr\u00e9s sur le client. Notre objectif est de cr\u00e9er des avantages concurrentiels pour nos clients. Nous op\u00e9rons avec une philosophie ax\u00e9e sur le client et un engagement \u00e0 cr\u00e9er des avantages concurrentiels pour chaque client que nous servons. En tant qu&rsquo;experts en approvisionnement mondial de produits chimiques sp\u00e9cialis\u00e9s et [&hellip;]<\/p>\n","protected":false},"author":1,"featured_media":0,"parent":0,"menu_order":0,"comment_status":"closed","ping_status":"closed","template":"","meta":{"_acf_changed":false,"footnotes":""},"class_list":["post-9017","page","type-page","status-publish","hentry"],"acf":[],"_links":{"self":[{"href":"https:\/\/alvosinternational.com\/fr\/wp-json\/wp\/v2\/pages\/9017","targetHints":{"allow":["GET"]}}],"collection":[{"href":"https:\/\/alvosinternational.com\/fr\/wp-json\/wp\/v2\/pages"}],"about":[{"href":"https:\/\/alvosinternational.com\/fr\/wp-json\/wp\/v2\/types\/page"}],"author":[{"embeddable":true,"href":"https:\/\/alvosinternational.com\/fr\/wp-json\/wp\/v2\/users\/1"}],"replies":[{"embeddable":true,"href":"https:\/\/alvosinternational.com\/fr\/wp-json\/wp\/v2\/comments?post=9017"}],"version-history":[{"count":3,"href":"https:\/\/alvosinternational.com\/fr\/wp-json\/wp\/v2\/pages\/9017\/revisions"}],"predecessor-version":[{"id":9469,"href":"https:\/\/alvosinternational.com\/fr\/wp-json\/wp\/v2\/pages\/9017\/revisions\/9469"}],"wp:attachment":[{"href":"https:\/\/alvosinternational.com\/fr\/wp-json\/wp\/v2\/media?parent=9017"}],"curies":[{"name":"wp","href":"https:\/\/api.w.org\/{rel}","templated":true}]}}