{"id":9014,"date":"2025-11-30T04:50:05","date_gmt":"2025-11-30T04:50:05","guid":{"rendered":"https:\/\/alvosinternational.com\/engrais\/"},"modified":"2025-12-01T01:57:05","modified_gmt":"2025-12-01T01:57:05","slug":"engrais","status":"publish","type":"page","link":"https:\/\/alvosinternational.com\/fr\/engrais\/","title":{"rendered":"ENGRAIS"},"content":{"rendered":"\t\t<div data-elementor-type=\"wp-page\" data-elementor-id=\"9014\" class=\"elementor elementor-9014 elementor-8623\" data-elementor-post-type=\"page\">\n\t\t\t\t\t\t<section class=\"elementor-section elementor-top-section elementor-element elementor-element-7b76f4f elementor-section-boxed elementor-section-height-default elementor-section-height-default\" data-id=\"7b76f4f\" data-element_type=\"section\" data-e-type=\"section\" data-settings=\"{&quot;background_background&quot;:&quot;classic&quot;}\">\n\t\t\t\t\t\t\t<div class=\"elementor-background-overlay\"><\/div>\n\t\t\t\t\t\t\t<div class=\"elementor-container elementor-column-gap-default\">\n\t\t\t\t\t<div class=\"elementor-column elementor-col-100 elementor-top-column elementor-element elementor-element-2413d14\" data-id=\"2413d14\" data-element_type=\"column\" data-e-type=\"column\">\n\t\t\t<div class=\"elementor-widget-wrap\">\n\t\t\t\t\t\t\t<\/div>\n\t\t<\/div>\n\t\t\t\t\t<\/div>\n\t\t<\/section>\n\t\t\t\t<section class=\"elementor-section elementor-top-section elementor-element elementor-element-a3bf638 elementor-section-boxed elementor-section-height-default elementor-section-height-default\" data-id=\"a3bf638\" data-element_type=\"section\" data-e-type=\"section\">\n\t\t\t\t\t\t<div class=\"elementor-container elementor-column-gap-default\">\n\t\t\t\t\t<div class=\"elementor-column elementor-col-100 elementor-top-column elementor-element elementor-element-f3ba3d6\" data-id=\"f3ba3d6\" data-element_type=\"column\" data-e-type=\"column\">\n\t\t\t<div class=\"elementor-widget-wrap elementor-element-populated\">\n\t\t\t\t\t\t<div class=\"elementor-element elementor-element-3f28c2a elementor-widget elementor-widget-heading\" data-id=\"3f28c2a\" data-element_type=\"widget\" data-e-type=\"widget\" data-widget_type=\"heading.default\">\n\t\t\t\t<div class=\"elementor-widget-container\">\n\t\t\t\t\t<h2 class=\"elementor-heading-title elementor-size-default\">Ingr\u00e9dients d'engrais<\/h2>\t\t\t\t<\/div>\n\t\t\t\t<\/div>\n\t\t\t\t\t<\/div>\n\t\t<\/div>\n\t\t\t\t\t<\/div>\n\t\t<\/section>\n\t\t\t\t<section class=\"elementor-section elementor-top-section elementor-element elementor-element-9462451 elementor-section-boxed elementor-section-height-default elementor-section-height-default\" data-id=\"9462451\" data-element_type=\"section\" data-e-type=\"section\">\n\t\t\t\t\t\t<div class=\"elementor-container elementor-column-gap-default\">\n\t\t\t\t\t<div class=\"elementor-column elementor-col-100 elementor-top-column elementor-element elementor-element-5209b56\" data-id=\"5209b56\" data-element_type=\"column\" data-e-type=\"column\">\n\t\t\t<div class=\"elementor-widget-wrap elementor-element-populated\">\n\t\t\t\t\t\t<div class=\"elementor-element elementor-element-fc53e67 elementor-widget elementor-widget-heading\" data-id=\"fc53e67\" data-element_type=\"widget\" data-e-type=\"widget\" data-widget_type=\"heading.default\">\n\t\t\t\t<div class=\"elementor-widget-container\">\n\t\t\t\t\t<h2 class=\"elementor-heading-title elementor-size-default\">Acide ac\u00e9tique glacial\n\n<br>\n\nChlorure d'ammonium\n\n<br>\n\nAcide borique\n\n<br>\n\nChlorure de calcium 77 % en paillettes\n\n<br>\n\nChlorure de Calcium 94% en Poudre\n\n<br>\n\nChlorure de calcium 94 % en granules\n\n<br>\n\nFormiate de Calcium\n\n<br>\n\nNitrate de calcium en billes\n\n<br>\n\nCristaux de nitrate de calcium (sans ammonium)\n\n<br>\n\nSoude Caustique en Perles\n\n<br>\n\nAcide Citrique Anhydre\n\n<br>\n\nCarbonate de cuivre\n\n<br>\n\nHydroxyde de cuivre\n\n<br>\n\nOxychlorure de cuivre\n\n<br>\n\nSulfate de cuivre pentahydrat\u00e9\n\n<br>\n\nPhosphate de diammonium\n\n<br>\n\nDicyandiamide\n\n<br>\n\nAcide DTPA\n\n<br>\n\nDTPA Fe 11 %\n\n<br>\n\nDTPA Mn 10 %\n\n<br>\n\nDTPA Zn\n\n<br>\n\nEDDHA Fe 6 % - 4,8 % ortho-ortho\n\n<br>\n\nEDDHA Fe 6 % - 5,2 % ortho-ortho\n\n<br>\n\nAcide EDTA\n\n<br>\n\nEDTA Ca\n\n<br>\n\nEDTA Cu 15 %\n\n<br>\n\nEDTA disodique\n\n<br>\n\nEDTA Fe 13 % \n\n<br>\n\nEDTA Mn 13 %\n\n<br>\n\nEDTA Zn 15 % \n\n<br>\n\nSulfate ferreux heptahydrat\u00e9 20 %\n\n<br>\n\nSulfate ferreux monohydrat\u00e9 granul\u00e9 30 %\n\n<br>\n\nSulfate ferreux monohydrat\u00e9 en poudre 30 %\n\n<br>\n\nAcide formique\n\n<br>\n\nGlycine b\u00e9ta\u00efne (b\u00e9ta\u00efne anhydre)\n\n<br>\n\nAcide glyoxylique\n\n<br>\n\nBore granul\u00e9 10 %\n\n<br>\n\nBore granul\u00e9 15 %\n\n<br>\n\nPoudre de gomme de guar 200 mesh\n\n<br>\n\nChlorure de magn\u00e9sium en paillettes\n\n<br>\n\nNitrate de magn\u00e9sium en billes\n\n<br>\n\nCristal de nitrate de magn\u00e9sium\n\n<br>\n\nSulfate de magn\u00e9sium 9,8 % heptahydrat\u00e9\n\n<br>\n\nSulfate de magn\u00e9sium anhydre granul\u00e9\n\n<br>\n\nSulfate de magn\u00e9sium anhydre en poudre\n\n<br>\n\nSulfate de magn\u00e9sium trihydrat\u00e9\n\n<br>\n\nSulfate de magn\u00e9sium monohydrat\u00e9 en poudre\n\n<br>\n\nCarbonate de mangan\u00e8se 44 % \n\n<br>\n\nOxyde de mangan\u00e8se 60 %\n\n<br>\n\nSulfate de mangan\u00e8se granul\u00e9 31,5 %\n\n<br>\n\nSulfate de mangan\u00e8se en poudre 32 %\n\n<br>\n\nPhosphate de monoammonium\n\n<br>\n\nMono\u00e9thanolamine\n\n<br>\n\nMGDA trisodique 40 %\n\n<br>\n\nUr\u00e9e microgranul\u00e9e\n\n<br>\n\nNBPT\n\n<br>\n\nAcide P-aminobenzo\u00efque\n\n<br>\n\nAcide para-hydroxybenzo\u00efque\n\n<br>\n\nAcide Phosphorique 75%\n\n<br>\n\nAcide Phosphorique 85%\n\n<br>\n\nAcide phosphoreux 98,5 %\n\n<br>\n\nAcide phosphoreux 99 %\n\n<br>\n\nAcide Polyphosphorique 105%\n\n<br>\n\nAc\u00e9tate de potassium\n\n<br>\n\nBicarbonate de potassium\n\n<br>\n\nCarbonate de potassium\n\n<br>\n\nFormiate de Potassium 75% Liquide\n\n<br>\n\nFormiate de potassium 97 % en paillettes\n\n<br>\n\nHydroxyde de Potassium 90% en Flocons\n\n<br>\n\nNitrate de potassium\n\n<br>\n\nSulfate de potassium\n\n<br>\n\nCarbonate de propyl\u00e8ne\n\n<br>\n\nHydrolysat de prot\u00e9ines 90 %\n\n<br>\n\nAcide salicylique\n\n<br>\n\nCitrate de Sodium\n\n<br>\n\nFormiate de Sodium\n\n<br>\n\nGluconate de Sodium\n\n<br>\n\nBore soluble (octoborate disodique)\n\n<br>\n\nPhosphate d'ur\u00e9e\n\n<br>\n\nCarbonate de Zinc\n\n<br>\n\nChlorure de zinc 98 %\n\n<br>\n\nOxyde de zinc 72 %\n\n<br>\n\nOxyde de zinc Gold Seal 99,5 %\n\n<br>\n\nSulfate de zinc granul\u00e9 35,5 %\n\n<br>\n\nSulfate de zinc monohydrat\u00e9 35,5 % en poudre \n\n<br>\n<\/h2>\t\t\t\t<\/div>\n\t\t\t\t<\/div>\n\t\t\t\t\t<\/div>\n\t\t<\/div>\n\t\t\t\t\t<\/div>\n\t\t<\/section>\n\t\t\t\t<section class=\"elementor-section elementor-top-section elementor-element elementor-element-bd17656 elementor-section-boxed elementor-section-height-default elementor-section-height-default\" data-id=\"bd17656\" data-element_type=\"section\" data-e-type=\"section\">\n\t\t\t\t\t\t<div class=\"elementor-container elementor-column-gap-default\">\n\t\t\t\t\t<div class=\"elementor-column elementor-col-100 elementor-top-column elementor-element elementor-element-0ca3451\" data-id=\"0ca3451\" data-element_type=\"column\" data-e-type=\"column\">\n\t\t\t<div class=\"elementor-widget-wrap\">\n\t\t\t\t\t\t\t<\/div>\n\t\t<\/div>\n\t\t\t\t\t<\/div>\n\t\t<\/section>\n\t\t\t\t<\/div>\n\t\t","protected":false},"excerpt":{"rendered":"<p>Ingr\u00e9dients d&rsquo;engrais Acide ac\u00e9tique glacial Chlorure d&rsquo;ammonium Acide borique Chlorure de calcium 77 % en paillettes Chlorure de Calcium 94% en Poudre Chlorure de calcium 94 % en granules Formiate de Calcium Nitrate de calcium en billes Cristaux de nitrate de calcium (sans ammonium) Soude Caustique en Perles Acide Citrique Anhydre Carbonate de cuivre Hydroxyde [&hellip;]<\/p>\n","protected":false},"author":1,"featured_media":0,"parent":0,"menu_order":0,"comment_status":"closed","ping_status":"closed","template":"","meta":{"_acf_changed":false,"footnotes":""},"class_list":["post-9014","page","type-page","status-publish","hentry"],"acf":[],"_links":{"self":[{"href":"https:\/\/alvosinternational.com\/fr\/wp-json\/wp\/v2\/pages\/9014","targetHints":{"allow":["GET"]}}],"collection":[{"href":"https:\/\/alvosinternational.com\/fr\/wp-json\/wp\/v2\/pages"}],"about":[{"href":"https:\/\/alvosinternational.com\/fr\/wp-json\/wp\/v2\/types\/page"}],"author":[{"embeddable":true,"href":"https:\/\/alvosinternational.com\/fr\/wp-json\/wp\/v2\/users\/1"}],"replies":[{"embeddable":true,"href":"https:\/\/alvosinternational.com\/fr\/wp-json\/wp\/v2\/comments?post=9014"}],"version-history":[{"count":1,"href":"https:\/\/alvosinternational.com\/fr\/wp-json\/wp\/v2\/pages\/9014\/revisions"}],"predecessor-version":[{"id":9016,"href":"https:\/\/alvosinternational.com\/fr\/wp-json\/wp\/v2\/pages\/9014\/revisions\/9016"}],"wp:attachment":[{"href":"https:\/\/alvosinternational.com\/fr\/wp-json\/wp\/v2\/media?parent=9014"}],"curies":[{"name":"wp","href":"https:\/\/api.w.org\/{rel}","templated":true}]}}