{"id":8881,"date":"2025-11-30T15:01:27","date_gmt":"2025-11-30T15:01:27","guid":{"rendered":"https:\/\/alvosinternational.com\/retardateurs-de-flamme\/"},"modified":"2025-12-01T04:08:04","modified_gmt":"2025-12-01T04:08:04","slug":"retardateurs-de-flamme","status":"publish","type":"page","link":"https:\/\/alvosinternational.com\/fr\/retardateurs-de-flamme\/","title":{"rendered":"IGNIFUGEANTS"},"content":{"rendered":"\t\t<div data-elementor-type=\"wp-page\" data-elementor-id=\"8881\" class=\"elementor elementor-8881 elementor-8695\" data-elementor-post-type=\"page\">\n\t\t\t\t\t\t<section class=\"elementor-section elementor-top-section elementor-element elementor-element-7b76f4f elementor-hidden-tablet elementor-hidden-mobile elementor-section-boxed elementor-section-height-default elementor-section-height-default\" data-id=\"7b76f4f\" data-element_type=\"section\" data-e-type=\"section\" data-settings=\"{&quot;background_background&quot;:&quot;classic&quot;}\">\n\t\t\t\t\t\t\t<div class=\"elementor-background-overlay\"><\/div>\n\t\t\t\t\t\t\t<div class=\"elementor-container elementor-column-gap-default\">\n\t\t\t\t\t<div class=\"elementor-column elementor-col-100 elementor-top-column elementor-element elementor-element-2413d14\" data-id=\"2413d14\" data-element_type=\"column\" data-e-type=\"column\">\n\t\t\t<div class=\"elementor-widget-wrap\">\n\t\t\t\t\t\t\t<\/div>\n\t\t<\/div>\n\t\t\t\t\t<\/div>\n\t\t<\/section>\n\t\t\t\t<section class=\"elementor-section elementor-top-section elementor-element elementor-element-a3bf638 elementor-section-boxed elementor-section-height-default elementor-section-height-default\" data-id=\"a3bf638\" data-element_type=\"section\" data-e-type=\"section\">\n\t\t\t\t\t\t<div class=\"elementor-container elementor-column-gap-default\">\n\t\t\t\t\t<div class=\"elementor-column elementor-col-100 elementor-top-column elementor-element elementor-element-f3ba3d6\" data-id=\"f3ba3d6\" data-element_type=\"column\" data-e-type=\"column\">\n\t\t\t<div class=\"elementor-widget-wrap elementor-element-populated\">\n\t\t\t\t\t\t<div class=\"elementor-element elementor-element-3f28c2a elementor-widget elementor-widget-heading\" data-id=\"3f28c2a\" data-element_type=\"widget\" data-e-type=\"widget\" data-widget_type=\"heading.default\">\n\t\t\t\t<div class=\"elementor-widget-container\">\n\t\t\t\t\t<h2 class=\"elementor-heading-title elementor-size-default\">Ingr\u00e9dients retardateurs de flamme<\/h2>\t\t\t\t<\/div>\n\t\t\t\t<\/div>\n\t\t\t\t\t<\/div>\n\t\t<\/div>\n\t\t\t\t\t<\/div>\n\t\t<\/section>\n\t\t\t\t<section class=\"elementor-section elementor-top-section elementor-element elementor-element-9462451 elementor-section-boxed elementor-section-height-default elementor-section-height-default\" data-id=\"9462451\" data-element_type=\"section\" data-e-type=\"section\">\n\t\t\t\t\t\t<div class=\"elementor-container elementor-column-gap-default\">\n\t\t\t\t\t<div class=\"elementor-column elementor-col-100 elementor-top-column elementor-element elementor-element-5209b56\" data-id=\"5209b56\" data-element_type=\"column\" data-e-type=\"column\">\n\t\t\t<div class=\"elementor-widget-wrap elementor-element-populated\">\n\t\t\t\t\t\t<div class=\"elementor-element elementor-element-fc53e67 elementor-widget elementor-widget-heading\" data-id=\"fc53e67\" data-element_type=\"widget\" data-e-type=\"widget\" data-widget_type=\"heading.default\">\n\t\t\t\t<div class=\"elementor-widget-container\">\n\t\t\t\t\t<h2 class=\"elementor-heading-title elementor-size-default\">Polyphosphate d'ammonium <br>Sulfamate d'ammonium <br>Acide borique <br>Phosphate diammonique <br>Dicyandiamide <br>Glyoxal 40 % <br>Phosphate monoammonique <br>Acide phosphorique 75 % <br>Acide phosphorique 85 % <br>Polysorbate 80 - Monool\u00e9ate de sorbitan \u00e9thoxyl\u00e9 <br>Bore soluble (Octoborate disodique)  <br><\/h2>\t\t\t\t<\/div>\n\t\t\t\t<\/div>\n\t\t\t\t\t<\/div>\n\t\t<\/div>\n\t\t\t\t\t<\/div>\n\t\t<\/section>\n\t\t\t\t<section class=\"elementor-section elementor-top-section elementor-element elementor-element-bd17656 elementor-section-boxed elementor-section-height-default elementor-section-height-default\" data-id=\"bd17656\" data-element_type=\"section\" data-e-type=\"section\">\n\t\t\t\t\t\t<div class=\"elementor-container elementor-column-gap-default\">\n\t\t\t\t\t<div class=\"elementor-column elementor-col-100 elementor-top-column elementor-element elementor-element-0ca3451\" data-id=\"0ca3451\" data-element_type=\"column\" data-e-type=\"column\">\n\t\t\t<div class=\"elementor-widget-wrap\">\n\t\t\t\t\t\t\t<\/div>\n\t\t<\/div>\n\t\t\t\t\t<\/div>\n\t\t<\/section>\n\t\t\t\t<\/div>\n\t\t","protected":false},"excerpt":{"rendered":"<p>Ingr\u00e9dients retardateurs de flamme Polyphosphate d&rsquo;ammonium Sulfamate d&rsquo;ammonium Acide borique Phosphate diammonique Dicyandiamide Glyoxal 40 % Phosphate monoammonique Acide phosphorique 75 % Acide phosphorique 85 % Polysorbate 80 &#8211; Monool\u00e9ate de sorbitan \u00e9thoxyl\u00e9 Bore soluble (Octoborate disodique)<\/p>\n","protected":false},"author":1,"featured_media":0,"parent":0,"menu_order":0,"comment_status":"closed","ping_status":"closed","template":"","meta":{"_acf_changed":false,"footnotes":""},"class_list":["post-8881","page","type-page","status-publish","hentry"],"acf":[],"_links":{"self":[{"href":"https:\/\/alvosinternational.com\/fr\/wp-json\/wp\/v2\/pages\/8881","targetHints":{"allow":["GET"]}}],"collection":[{"href":"https:\/\/alvosinternational.com\/fr\/wp-json\/wp\/v2\/pages"}],"about":[{"href":"https:\/\/alvosinternational.com\/fr\/wp-json\/wp\/v2\/types\/page"}],"author":[{"embeddable":true,"href":"https:\/\/alvosinternational.com\/fr\/wp-json\/wp\/v2\/users\/1"}],"replies":[{"embeddable":true,"href":"https:\/\/alvosinternational.com\/fr\/wp-json\/wp\/v2\/comments?post=8881"}],"version-history":[{"count":5,"href":"https:\/\/alvosinternational.com\/fr\/wp-json\/wp\/v2\/pages\/8881\/revisions"}],"predecessor-version":[{"id":9551,"href":"https:\/\/alvosinternational.com\/fr\/wp-json\/wp\/v2\/pages\/8881\/revisions\/9551"}],"wp:attachment":[{"href":"https:\/\/alvosinternational.com\/fr\/wp-json\/wp\/v2\/media?parent=8881"}],"curies":[{"name":"wp","href":"https:\/\/api.w.org\/{rel}","templated":true}]}}