{"id":8843,"date":"2025-11-30T17:03:21","date_gmt":"2025-11-30T17:03:21","guid":{"rendered":"https:\/\/alvosinternational.com\/detergents-et-nettoyants\/"},"modified":"2025-12-01T04:11:46","modified_gmt":"2025-12-01T04:11:46","slug":"detergents-et-nettoyants","status":"publish","type":"page","link":"https:\/\/alvosinternational.com\/fr\/detergents-et-nettoyants\/","title":{"rendered":"D\u00c9TERGENTS ET NETTOYANTS"},"content":{"rendered":"\t\t<div data-elementor-type=\"wp-page\" data-elementor-id=\"8843\" class=\"elementor elementor-8843 elementor-8784\" data-elementor-post-type=\"page\">\n\t\t\t\t\t\t<section class=\"elementor-section elementor-top-section elementor-element elementor-element-7b76f4f elementor-hidden-mobile elementor-section-boxed elementor-section-height-default elementor-section-height-default\" data-id=\"7b76f4f\" data-element_type=\"section\" data-e-type=\"section\" data-settings=\"{&quot;background_background&quot;:&quot;classic&quot;}\">\n\t\t\t\t\t\t\t<div class=\"elementor-background-overlay\"><\/div>\n\t\t\t\t\t\t\t<div class=\"elementor-container elementor-column-gap-default\">\n\t\t\t\t\t<div class=\"elementor-column elementor-col-100 elementor-top-column elementor-element elementor-element-2413d14\" data-id=\"2413d14\" data-element_type=\"column\" data-e-type=\"column\">\n\t\t\t<div class=\"elementor-widget-wrap\">\n\t\t\t\t\t\t\t<\/div>\n\t\t<\/div>\n\t\t\t\t\t<\/div>\n\t\t<\/section>\n\t\t\t\t<section class=\"elementor-section elementor-top-section elementor-element elementor-element-a3bf638 elementor-section-boxed elementor-section-height-default elementor-section-height-default\" data-id=\"a3bf638\" data-element_type=\"section\" data-e-type=\"section\">\n\t\t\t\t\t\t<div class=\"elementor-container elementor-column-gap-default\">\n\t\t\t\t\t<div class=\"elementor-column elementor-col-100 elementor-top-column elementor-element elementor-element-f3ba3d6\" data-id=\"f3ba3d6\" data-element_type=\"column\" data-e-type=\"column\">\n\t\t\t<div class=\"elementor-widget-wrap elementor-element-populated\">\n\t\t\t\t\t\t<div class=\"elementor-element elementor-element-3f28c2a elementor-widget elementor-widget-heading\" data-id=\"3f28c2a\" data-element_type=\"widget\" data-e-type=\"widget\" data-widget_type=\"heading.default\">\n\t\t\t\t<div class=\"elementor-widget-container\">\n\t\t\t\t\t<h2 class=\"elementor-heading-title elementor-size-default\">D\u00e9tergents et Nettoyants<\/h2>\t\t\t\t<\/div>\n\t\t\t\t<\/div>\n\t\t\t\t\t<\/div>\n\t\t<\/div>\n\t\t\t\t\t<\/div>\n\t\t<\/section>\n\t\t\t\t<section class=\"elementor-section elementor-top-section elementor-element elementor-element-9462451 elementor-section-boxed elementor-section-height-default elementor-section-height-default\" data-id=\"9462451\" data-element_type=\"section\" data-e-type=\"section\">\n\t\t\t\t\t\t<div class=\"elementor-container elementor-column-gap-default\">\n\t\t\t\t\t<div class=\"elementor-column elementor-col-100 elementor-top-column elementor-element elementor-element-5209b56\" data-id=\"5209b56\" data-element_type=\"column\" data-e-type=\"column\">\n\t\t\t<div class=\"elementor-widget-wrap elementor-element-populated\">\n\t\t\t\t\t\t<div class=\"elementor-element elementor-element-fc53e67 elementor-widget elementor-widget-heading\" data-id=\"fc53e67\" data-element_type=\"widget\" data-e-type=\"widget\" data-widget_type=\"heading.default\">\n\t\t\t\t<div class=\"elementor-widget-container\">\n\t\t\t\t\t<h2 class=\"elementor-heading-title elementor-size-default\">Bifluorure d'Ammonium\n<br>Soude Caustique en Perles\n<br>Acide Citrique Anhydre\n<br>EDTA T\u00e9trasodique 40% Liquide\n<br>EDTA T\u00e9trasodique en Poudre\n<br>Mono\u00e9thanolamine\n<br>NTA Trisodique\n<br>Acide Oxalique\n<br>Acide Phosphorique 75%\n<br>Acide Phosphorique 85%\n<br>Polysorbate 80 - Monol\u00e9ate de Sorbitane \u00c9thoxyl\u00e9\n<br>Hydroxyde de Potassium 90% en Flocons\n<br>SAPP\n<br>Citrate de Sodium\n<br>Gluconate de Sodium\n<br>M\u00e9tasilicate de Sodium Pentahydrat\u00e9\n<br>Perborate de Sodium T\u00e9trahydrat\u00e9\n<br>STPP Dense\n<br>STPP L\u00e9ger\n<br>STPP Moyen\n<br>Acide Sulfamique\n<br>Huile de Ricin Sulfat\u00e9e 75%\n<br>Phosphate Trisodique Dod\u00e9cahydrat\u00e9\n<br><\/h2>\t\t\t\t<\/div>\n\t\t\t\t<\/div>\n\t\t\t\t\t<\/div>\n\t\t<\/div>\n\t\t\t\t\t<\/div>\n\t\t<\/section>\n\t\t\t\t<section class=\"elementor-section elementor-top-section elementor-element elementor-element-bd17656 elementor-section-boxed elementor-section-height-default elementor-section-height-default\" data-id=\"bd17656\" data-element_type=\"section\" data-e-type=\"section\">\n\t\t\t\t\t\t<div class=\"elementor-container elementor-column-gap-default\">\n\t\t\t\t\t<div class=\"elementor-column elementor-col-100 elementor-top-column elementor-element elementor-element-0ca3451\" data-id=\"0ca3451\" data-element_type=\"column\" data-e-type=\"column\">\n\t\t\t<div class=\"elementor-widget-wrap\">\n\t\t\t\t\t\t\t<\/div>\n\t\t<\/div>\n\t\t\t\t\t<\/div>\n\t\t<\/section>\n\t\t\t\t<\/div>\n\t\t","protected":false},"excerpt":{"rendered":"<p>D\u00e9tergents et Nettoyants Bifluorure d&rsquo;Ammonium Soude Caustique en Perles Acide Citrique Anhydre EDTA T\u00e9trasodique 40% Liquide EDTA T\u00e9trasodique en Poudre Mono\u00e9thanolamine NTA Trisodique Acide Oxalique Acide Phosphorique 75% Acide Phosphorique 85% Polysorbate 80 &#8211; Monol\u00e9ate de Sorbitane \u00c9thoxyl\u00e9 Hydroxyde de Potassium 90% en Flocons SAPP Citrate de Sodium Gluconate de Sodium M\u00e9tasilicate de Sodium Pentahydrat\u00e9 [&hellip;]<\/p>\n","protected":false},"author":1,"featured_media":0,"parent":0,"menu_order":0,"comment_status":"closed","ping_status":"closed","template":"","meta":{"_acf_changed":false,"footnotes":""},"class_list":["post-8843","page","type-page","status-publish","hentry"],"acf":[],"_links":{"self":[{"href":"https:\/\/alvosinternational.com\/fr\/wp-json\/wp\/v2\/pages\/8843","targetHints":{"allow":["GET"]}}],"collection":[{"href":"https:\/\/alvosinternational.com\/fr\/wp-json\/wp\/v2\/pages"}],"about":[{"href":"https:\/\/alvosinternational.com\/fr\/wp-json\/wp\/v2\/types\/page"}],"author":[{"embeddable":true,"href":"https:\/\/alvosinternational.com\/fr\/wp-json\/wp\/v2\/users\/1"}],"replies":[{"embeddable":true,"href":"https:\/\/alvosinternational.com\/fr\/wp-json\/wp\/v2\/comments?post=8843"}],"version-history":[{"count":5,"href":"https:\/\/alvosinternational.com\/fr\/wp-json\/wp\/v2\/pages\/8843\/revisions"}],"predecessor-version":[{"id":9560,"href":"https:\/\/alvosinternational.com\/fr\/wp-json\/wp\/v2\/pages\/8843\/revisions\/9560"}],"wp:attachment":[{"href":"https:\/\/alvosinternational.com\/fr\/wp-json\/wp\/v2\/media?parent=8843"}],"curies":[{"name":"wp","href":"https:\/\/api.w.org\/{rel}","templated":true}]}}