{"id":8838,"date":"2025-11-30T16:55:18","date_gmt":"2025-11-30T16:55:18","guid":{"rendered":"https:\/\/alvosinternational.com\/traitement-de-leau\/"},"modified":"2025-12-01T02:55:22","modified_gmt":"2025-12-01T02:55:22","slug":"traitement-de-leau","status":"publish","type":"page","link":"https:\/\/alvosinternational.com\/fr\/traitement-de-leau\/","title":{"rendered":"TRAITEMENT DE L&rsquo;EAU"},"content":{"rendered":"\t\t<div data-elementor-type=\"wp-page\" data-elementor-id=\"8838\" class=\"elementor elementor-8838 elementor-8776\" data-elementor-post-type=\"page\">\n\t\t\t\t\t\t<section class=\"elementor-section elementor-top-section elementor-element elementor-element-7b76f4f elementor-section-boxed elementor-section-height-default elementor-section-height-default\" data-id=\"7b76f4f\" data-element_type=\"section\" data-e-type=\"section\" data-settings=\"{&quot;background_background&quot;:&quot;classic&quot;}\">\n\t\t\t\t\t\t\t<div class=\"elementor-background-overlay\"><\/div>\n\t\t\t\t\t\t\t<div class=\"elementor-container elementor-column-gap-default\">\n\t\t\t\t\t<div class=\"elementor-column elementor-col-100 elementor-top-column elementor-element elementor-element-2413d14\" data-id=\"2413d14\" data-element_type=\"column\" data-e-type=\"column\">\n\t\t\t<div class=\"elementor-widget-wrap\">\n\t\t\t\t\t\t\t<\/div>\n\t\t<\/div>\n\t\t\t\t\t<\/div>\n\t\t<\/section>\n\t\t\t\t<section class=\"elementor-section elementor-top-section elementor-element elementor-element-a3bf638 elementor-section-boxed elementor-section-height-default elementor-section-height-default\" data-id=\"a3bf638\" data-element_type=\"section\" data-e-type=\"section\">\n\t\t\t\t\t\t<div class=\"elementor-container elementor-column-gap-default\">\n\t\t\t\t\t<div class=\"elementor-column elementor-col-100 elementor-top-column elementor-element elementor-element-f3ba3d6\" data-id=\"f3ba3d6\" data-element_type=\"column\" data-e-type=\"column\">\n\t\t\t<div class=\"elementor-widget-wrap elementor-element-populated\">\n\t\t\t\t\t\t<div class=\"elementor-element elementor-element-3f28c2a elementor-widget elementor-widget-heading\" data-id=\"3f28c2a\" data-element_type=\"widget\" data-e-type=\"widget\" data-widget_type=\"heading.default\">\n\t\t\t\t<div class=\"elementor-widget-container\">\n\t\t\t\t\t<h2 class=\"elementor-heading-title elementor-size-default\">Traitement de l'eau et des d\u00e9chets<\/h2>\t\t\t\t<\/div>\n\t\t\t\t<\/div>\n\t\t\t\t\t<\/div>\n\t\t<\/div>\n\t\t\t\t\t<\/div>\n\t\t<\/section>\n\t\t\t\t<section class=\"elementor-section elementor-top-section elementor-element elementor-element-9462451 elementor-section-boxed elementor-section-height-default elementor-section-height-default\" data-id=\"9462451\" data-element_type=\"section\" data-e-type=\"section\">\n\t\t\t\t\t\t<div class=\"elementor-container elementor-column-gap-default\">\n\t\t\t\t\t<div class=\"elementor-column elementor-col-100 elementor-top-column elementor-element elementor-element-5209b56\" data-id=\"5209b56\" data-element_type=\"column\" data-e-type=\"column\">\n\t\t\t<div class=\"elementor-widget-wrap elementor-element-populated\">\n\t\t\t\t\t\t<div class=\"elementor-element elementor-element-fc53e67 elementor-widget elementor-widget-heading\" data-id=\"fc53e67\" data-element_type=\"widget\" data-e-type=\"widget\" data-widget_type=\"heading.default\">\n\t\t\t\t<div class=\"elementor-widget-container\">\n\t\t\t\t\t<h2 class=\"elementor-heading-title elementor-size-default\">ATMP 50 % <br>Billes de soude caustique <br>Acide citrique anhydre <br>EDTA t\u00e9trasodique liquide \u00e0 40 % <br>EDTA t\u00e9trasodique en poudre <br>Sulfate ferreux heptahydrat\u00e9 20 % <br>Briquettes d'anhydride mal\u00e9ique <br>NTA trisodique <br>PBTC 50 % <br>Acide phosphorique 75 % <br>Acide phosphorique 85 % <br>Hydroxyde de potassium \u00e0 90 % en paillettes <br>SAPP <br>M\u00e9tabisulfite de sodium <br>Sulfite de sodium anhydre <br>Acide sulfamique <\/h2>\t\t\t\t<\/div>\n\t\t\t\t<\/div>\n\t\t\t\t\t<\/div>\n\t\t<\/div>\n\t\t\t\t\t<\/div>\n\t\t<\/section>\n\t\t\t\t<section class=\"elementor-section elementor-top-section elementor-element elementor-element-bd17656 elementor-section-boxed elementor-section-height-default elementor-section-height-default\" data-id=\"bd17656\" data-element_type=\"section\" data-e-type=\"section\">\n\t\t\t\t\t\t<div class=\"elementor-container elementor-column-gap-default\">\n\t\t\t\t\t<div class=\"elementor-column elementor-col-100 elementor-top-column elementor-element elementor-element-0ca3451\" data-id=\"0ca3451\" data-element_type=\"column\" data-e-type=\"column\">\n\t\t\t<div class=\"elementor-widget-wrap\">\n\t\t\t\t\t\t\t<\/div>\n\t\t<\/div>\n\t\t\t\t\t<\/div>\n\t\t<\/section>\n\t\t\t\t<\/div>\n\t\t","protected":false},"excerpt":{"rendered":"<p>Traitement de l&rsquo;eau et des d\u00e9chets ATMP 50 % Billes de soude caustique Acide citrique anhydre EDTA t\u00e9trasodique liquide \u00e0 40 % EDTA t\u00e9trasodique en poudre Sulfate ferreux heptahydrat\u00e9 20 % Briquettes d&rsquo;anhydride mal\u00e9ique NTA trisodique PBTC 50 % Acide phosphorique 75 % Acide phosphorique 85 % Hydroxyde de potassium \u00e0 90 % en paillettes [&hellip;]<\/p>\n","protected":false},"author":1,"featured_media":0,"parent":0,"menu_order":0,"comment_status":"closed","ping_status":"closed","template":"","meta":{"_acf_changed":false,"footnotes":""},"class_list":["post-8838","page","type-page","status-publish","hentry"],"acf":[],"_links":{"self":[{"href":"https:\/\/alvosinternational.com\/fr\/wp-json\/wp\/v2\/pages\/8838","targetHints":{"allow":["GET"]}}],"collection":[{"href":"https:\/\/alvosinternational.com\/fr\/wp-json\/wp\/v2\/pages"}],"about":[{"href":"https:\/\/alvosinternational.com\/fr\/wp-json\/wp\/v2\/types\/page"}],"author":[{"embeddable":true,"href":"https:\/\/alvosinternational.com\/fr\/wp-json\/wp\/v2\/users\/1"}],"replies":[{"embeddable":true,"href":"https:\/\/alvosinternational.com\/fr\/wp-json\/wp\/v2\/comments?post=8838"}],"version-history":[{"count":2,"href":"https:\/\/alvosinternational.com\/fr\/wp-json\/wp\/v2\/pages\/8838\/revisions"}],"predecessor-version":[{"id":9497,"href":"https:\/\/alvosinternational.com\/fr\/wp-json\/wp\/v2\/pages\/8838\/revisions\/9497"}],"wp:attachment":[{"href":"https:\/\/alvosinternational.com\/fr\/wp-json\/wp\/v2\/media?parent=8838"}],"curies":[{"name":"wp","href":"https:\/\/api.w.org\/{rel}","templated":true}]}}