{"id":9366,"date":"2021-07-16T20:33:25","date_gmt":"2021-07-16T20:33:25","guid":{"rendered":"https:\/\/alvosinternational.com\/palmares\/"},"modified":"2025-12-01T11:56:42","modified_gmt":"2025-12-01T11:56:42","slug":"palmares","status":"publish","type":"page","link":"https:\/\/alvosinternational.com\/es\/palmares\/","title":{"rendered":"PRODUCTOS"},"content":{"rendered":"\t\t<div data-elementor-type=\"wp-page\" data-elementor-id=\"9366\" class=\"elementor elementor-9366 elementor-91\" data-elementor-post-type=\"page\">\n\t\t\t\t\t\t<section class=\"elementor-section elementor-top-section elementor-element elementor-element-17ead15 elementor-section-boxed elementor-section-height-default elementor-section-height-default\" data-id=\"17ead15\" data-element_type=\"section\" data-e-type=\"section\">\n\t\t\t\t\t\t<div class=\"elementor-container elementor-column-gap-default\">\n\t\t\t\t\t<div class=\"elementor-column elementor-col-33 elementor-top-column elementor-element elementor-element-c0b44ed\" data-id=\"c0b44ed\" data-element_type=\"column\" data-e-type=\"column\">\n\t\t\t<div class=\"elementor-widget-wrap elementor-element-populated\">\n\t\t\t\t\t\t<div class=\"elementor-element elementor-element-e15cbfe elementor-hidden-mobile elementor-widget elementor-widget-image\" data-id=\"e15cbfe\" data-element_type=\"widget\" data-e-type=\"widget\" data-widget_type=\"image.default\">\n\t\t\t\t<div class=\"elementor-widget-container\">\n\t\t\t\t\t\t\t\t\t\t\t\t\t\t\t<img fetchpriority=\"high\" decoding=\"async\" width=\"800\" height=\"534\" src=\"https:\/\/alvosinternational.com\/wp-content\/uploads\/2025\/11\/vecteezy_industrial-interior-of-manufacturing-plant-showing-storage_59239827-1024x683.jpg\" class=\"attachment-large size-large wp-image-9367\" alt=\"\" srcset=\"https:\/\/alvosinternational.com\/wp-content\/uploads\/2025\/11\/vecteezy_industrial-interior-of-manufacturing-plant-showing-storage_59239827-1024x683.jpg 1024w, https:\/\/alvosinternational.com\/wp-content\/uploads\/2025\/11\/vecteezy_industrial-interior-of-manufacturing-plant-showing-storage_59239827-300x200.jpg 300w, https:\/\/alvosinternational.com\/wp-content\/uploads\/2025\/11\/vecteezy_industrial-interior-of-manufacturing-plant-showing-storage_59239827-768x512.jpg 768w, https:\/\/alvosinternational.com\/wp-content\/uploads\/2025\/11\/vecteezy_industrial-interior-of-manufacturing-plant-showing-storage_59239827-1536x1024.jpg 1536w, https:\/\/alvosinternational.com\/wp-content\/uploads\/2025\/11\/vecteezy_industrial-interior-of-manufacturing-plant-showing-storage_59239827-2048x1365.jpg 2048w\" sizes=\"(max-width: 800px) 100vw, 800px\" \/>\t\t\t\t\t\t\t\t\t\t\t\t\t\t\t<\/div>\n\t\t\t\t<\/div>\n\t\t\t\t\t<\/div>\n\t\t<\/div>\n\t\t\t\t<div class=\"elementor-column elementor-col-33 elementor-top-column elementor-element elementor-element-f5bfa2a\" data-id=\"f5bfa2a\" data-element_type=\"column\" data-e-type=\"column\">\n\t\t\t<div class=\"elementor-widget-wrap elementor-element-populated\">\n\t\t\t\t\t\t<div class=\"elementor-element elementor-element-281914e elementor-widget elementor-widget-image\" data-id=\"281914e\" data-element_type=\"widget\" data-e-type=\"widget\" data-widget_type=\"image.default\">\n\t\t\t\t<div class=\"elementor-widget-container\">\n\t\t\t\t\t\t\t\t\t\t\t\t\t\t\t<img decoding=\"async\" width=\"2560\" height=\"1707\" src=\"https:\/\/alvosinternational.com\/wp-content\/uploads\/2025\/11\/vecteezy_laboratory-glassware-containing-colorful-chemical-liquid-on_68886642-scaled.jpeg\" class=\"attachment-full size-full wp-image-9368\" alt=\"\" srcset=\"https:\/\/alvosinternational.com\/wp-content\/uploads\/2025\/11\/vecteezy_laboratory-glassware-containing-colorful-chemical-liquid-on_68886642-scaled.jpeg 2560w, https:\/\/alvosinternational.com\/wp-content\/uploads\/2025\/11\/vecteezy_laboratory-glassware-containing-colorful-chemical-liquid-on_68886642-300x200.jpeg 300w, https:\/\/alvosinternational.com\/wp-content\/uploads\/2025\/11\/vecteezy_laboratory-glassware-containing-colorful-chemical-liquid-on_68886642-1024x683.jpeg 1024w, https:\/\/alvosinternational.com\/wp-content\/uploads\/2025\/11\/vecteezy_laboratory-glassware-containing-colorful-chemical-liquid-on_68886642-768x512.jpeg 768w, https:\/\/alvosinternational.com\/wp-content\/uploads\/2025\/11\/vecteezy_laboratory-glassware-containing-colorful-chemical-liquid-on_68886642-1536x1024.jpeg 1536w, https:\/\/alvosinternational.com\/wp-content\/uploads\/2025\/11\/vecteezy_laboratory-glassware-containing-colorful-chemical-liquid-on_68886642-2048x1365.jpeg 2048w\" sizes=\"(max-width: 2560px) 100vw, 2560px\" \/>\t\t\t\t\t\t\t\t\t\t\t\t\t\t\t<\/div>\n\t\t\t\t<\/div>\n\t\t\t\t\t<\/div>\n\t\t<\/div>\n\t\t\t\t<div class=\"elementor-column elementor-col-33 elementor-top-column elementor-element elementor-element-0916a12\" data-id=\"0916a12\" data-element_type=\"column\" data-e-type=\"column\">\n\t\t\t<div class=\"elementor-widget-wrap elementor-element-populated\">\n\t\t\t\t\t\t<div class=\"elementor-element elementor-element-3f585c9 elementor-hidden-mobile elementor-widget elementor-widget-image\" data-id=\"3f585c9\" data-element_type=\"widget\" data-e-type=\"widget\" data-widget_type=\"image.default\">\n\t\t\t\t<div class=\"elementor-widget-container\">\n\t\t\t\t\t\t\t\t\t\t\t\t\t\t\t<img decoding=\"async\" width=\"2560\" height=\"1707\" src=\"https:\/\/alvosinternational.com\/wp-content\/uploads\/2025\/11\/vecteezy_colorful-powder-pigments-in-glass-bottles-for-science-art-or_70280839-scaled.jpg\" class=\"attachment-full size-full wp-image-9369\" alt=\"\" srcset=\"https:\/\/alvosinternational.com\/wp-content\/uploads\/2025\/11\/vecteezy_colorful-powder-pigments-in-glass-bottles-for-science-art-or_70280839-scaled.jpg 2560w, https:\/\/alvosinternational.com\/wp-content\/uploads\/2025\/11\/vecteezy_colorful-powder-pigments-in-glass-bottles-for-science-art-or_70280839-300x200.jpg 300w, https:\/\/alvosinternational.com\/wp-content\/uploads\/2025\/11\/vecteezy_colorful-powder-pigments-in-glass-bottles-for-science-art-or_70280839-1024x683.jpg 1024w, https:\/\/alvosinternational.com\/wp-content\/uploads\/2025\/11\/vecteezy_colorful-powder-pigments-in-glass-bottles-for-science-art-or_70280839-768x512.jpg 768w, https:\/\/alvosinternational.com\/wp-content\/uploads\/2025\/11\/vecteezy_colorful-powder-pigments-in-glass-bottles-for-science-art-or_70280839-1536x1024.jpg 1536w, https:\/\/alvosinternational.com\/wp-content\/uploads\/2025\/11\/vecteezy_colorful-powder-pigments-in-glass-bottles-for-science-art-or_70280839-2048x1365.jpg 2048w\" sizes=\"(max-width: 2560px) 100vw, 2560px\" \/>\t\t\t\t\t\t\t\t\t\t\t\t\t\t\t<\/div>\n\t\t\t\t<\/div>\n\t\t\t\t\t<\/div>\n\t\t<\/div>\n\t\t\t\t\t<\/div>\n\t\t<\/section>\n\t\t\t\t<section class=\"elementor-section elementor-top-section elementor-element elementor-element-d4200fc elementor-section-boxed elementor-section-height-default elementor-section-height-default\" data-id=\"d4200fc\" data-element_type=\"section\" data-e-type=\"section\">\n\t\t\t\t\t\t<div class=\"elementor-container elementor-column-gap-default\">\n\t\t\t\t\t<div class=\"elementor-column elementor-col-100 elementor-top-column elementor-element elementor-element-f7bf3a8\" data-id=\"f7bf3a8\" data-element_type=\"column\" data-e-type=\"column\">\n\t\t\t<div class=\"elementor-widget-wrap elementor-element-populated\">\n\t\t\t\t\t\t<div class=\"elementor-element elementor-element-0c8f493 elementor-widget elementor-widget-heading\" data-id=\"0c8f493\" data-element_type=\"widget\" data-e-type=\"widget\" data-widget_type=\"heading.default\">\n\t\t\t\t<div class=\"elementor-widget-container\">\n\t\t\t\t\t<h2 class=\"elementor-heading-title elementor-size-default\">Lista completa de productos <\/h2>\t\t\t\t<\/div>\n\t\t\t\t<\/div>\n\t\t\t\t\t<\/div>\n\t\t<\/div>\n\t\t\t\t\t<\/div>\n\t\t<\/section>\n\t\t\t\t<section class=\"elementor-section elementor-top-section elementor-element elementor-element-af3329d elementor-section-boxed elementor-section-height-default elementor-section-height-default\" data-id=\"af3329d\" data-element_type=\"section\" data-e-type=\"section\">\n\t\t\t\t\t\t<div class=\"elementor-container elementor-column-gap-default\">\n\t\t\t\t\t<div class=\"elementor-column elementor-col-100 elementor-top-column elementor-element elementor-element-0f3f6d9\" data-id=\"0f3f6d9\" data-element_type=\"column\" data-e-type=\"column\">\n\t\t\t<div class=\"elementor-widget-wrap elementor-element-populated\">\n\t\t\t\t\t\t<div class=\"elementor-element elementor-element-722d77f elementor-widget elementor-widget-heading\" data-id=\"722d77f\" data-element_type=\"widget\" data-e-type=\"widget\" data-widget_type=\"heading.default\">\n\t\t\t\t<div class=\"elementor-widget-container\">\n\t\t\t\t\t<h2 class=\"elementor-heading-title elementor-size-default\">\u00c1cido ac\u00e9tico glacial <br>\nFluoruro de aluminio <br>\nBifluoruro de amonio <br>\nCloruro de amonio <br>\nPersulfato de amonio <br>\nPolifosfato de amonio <br>\nSulfamato de amonio <br>\nATMP 50% <br>\nSulfato de bario natural 1,5-2 micras <br>\nSulfato de bario natural 3-4 micras <br>\nSulfato de bario precipitado 0,7 micras <br>\nSulfato de bario precipitado 1 micra <br>\nSulfato de bario natural 17 micras <br>\n\u00c1cido b\u00f3rico <br>\nCloruro de calcio 74% perlado <br>\nCloruro de calcio 77% en escamas <br>\nCloruro de calcio 94% en polvo <br>\nCloruro de calcio 94% Prills <br>\nFormiato de calcio <br>\nNitrato de calcio en perlas <br>\nNitrato de calcio cristalino (sin amonio) <br>\nTetrahidrato de nitrato de calcio - India <br>\nSal de calcio de \u00e1cido de palma <br>\nMezcla de \u00e1cido capr\u00edlico-c\u00e1prico C8-C10 <br>\nSosa c\u00e1ustica en perlas <br>\nCloruro de colina 70% l\u00edquido <br>\n\u00c1cido c\u00edtrico anhidro <br>\nCarbonato de cobre <br>\nHidr\u00f3xido de cobre <br>\nOxicloruro de cobre <br>\nSulfato de cobre pentahidratado <br>\nFosfato diam\u00f3nico <br>\nDiciandiamida <br>\n\u00c1cido DTPA <br>\nDTPA Fe 11% <br>\nDTPA Mn 10% <br>\nDTPA Zn <br>\nEDDHA Fe 6% - 4,8% orto-orto <br>\nEDDHA Fe 6% - 5,2% orto-orto <br>\n\u00c1cido EDTA <br>\nEDTA Ca <br>\nEDTA Cu 15% <br>\nEDTA dis\u00f3dico <br>\nEDTA Fe 13% <br>\nEDTA Mn 13% <br>\nEDTA tetras\u00f3dico <br>\nEDTA tetras\u00f3dico 40% l\u00edquido <br>\nEDTA tetras\u00f3dico en polvo <br>\nEDTA Zn 15% <br>\nSulfato ferroso heptahidratado 20% <br>\nSulfato ferroso monohidratado granular 30% <br>\nSulfato ferroso monohidratado en polvo 30% <br>\nSulfato ferroso monohidratado granular 30% grado alimenticio 24-60 Mesh\n<br>\n\u00c1cido f\u00f3rmico <br>\nGlicina beta\u00edna (beta\u00edna anhidra) <br>\nGlioxal 40% <br>\n\u00c1cido gliox\u00edlico <br>\nBoro granular 10% <br>\nBoro granular 15% <br>\nGoma guar 35-40 <br>\nGoma guar 40-45 <br>\nGoma guar en polvo 200 mesh <br>\n\u00d3xido de hierro rojo 110 <br>\nCloruro de magnesio en escamas <br>\nNitrato de magnesio en perlas <br>\nNitrato de magnesio cristalino <br>\nSulfato de magnesio 9,8% Heptahidratado <br>\nSulfato de magnesio anhidro granular <br>\nSulfato de magnesio anhidro en polvo <br>\nSulfato de magnesio trihidratado <br>\nSulfato de magnesio monohidratado en polvo grado alimenticio <br>\nBriquetas de anh\u00eddrido maleico <br>\nCarbonato de manganeso 44% <br>\n\u00d3xido de manganeso 60% <br>\nSulfato de manganeso granular 31,5% <br>\n\nSulfato de manganeso en polvo 32% <br>\nFosfato monoam\u00f3nico <br>\nMonoetanolamina <br>\nMGDA tris\u00f3dico 40% <br>\nUrea microprilada <br>\nMono pentaeritritol 98% <br>\nFosfato monos\u00f3dico <br>\nNBPT <br>\nN-ETIL-2-PIRROLIDONA <br>\nNTA 3Na <br>\n\u00c1cido ox\u00e1lico <br>\nGrasa de palma <br>\n\u00c1cido P-aminobenzoico <br>\n\u00c1cido para-hidroxibenzoico <br>\nPBTC 50% <br>\n\u00c1cido fosf\u00f3rico 75% <br>\n\u00c1cido fosf\u00f3rico 85% <br>\n\u00c1cido fosforoso 98,5% <br>\n\u00c1cido fosforoso 99% <br>\nPoliacrilamida <br>\nCelulosa poliani\u00f3nica PAC LV <br>\nCelulosa poliani\u00f3nica PAC R <br>\n\u00c1cido polifosf\u00f3rico 105% <br>\nPolisorbato 80 - Monooleato de sorbit\u00e1n etoxilado <br>\nAcetato de potasio <br>\nBicarbonato de potasio <br>\nCarbonato de potasio <br>\nFormiato de potasio 75% l\u00edquido <br>\nFormiato de potasio 97% en escamas <br>\nHidr\u00f3xido de potasio 90% en escamas <br>\nNitrato de potasio <br>\nSulfato de potasio <br>\nCarbonato de propileno <br>\nHidrolizado de prote\u00edna 90% <br>\n\u00c1cido salic\u00edlico <br>\nSAPP <br>\nCitrato de sodio <br>\nEritorbato de sodio <br>\nFerrocianuro de sodio <br>\nFluorosilicato de sodio <br>\nFormiato de sodio <br>\nGluconato de sodio <br>\nMetabisulfito de sodio <br>\nMetasilicato de sodio anhidro <br>\nMetasilicato de sodio pentahidratado <br>\nPerborato de sodio tetrahidratado <br>\nPersulfato de sodio <br>\nSulfito de sodio anhidro <br>\nBoro soluble (octoborato dis\u00f3dico) <br>\nSTPP denso <br>\nSTPP ligero <br>\nSTPP medio <br>\n\u00c1cido sulf\u00e1mico <br>\nAceite de ricino sulfatado 75% <br>\nAsfalto sulfonado <br>\nTHPS 75% <br>\nDi\u00f3xido de titanio cloruro RC 800 PG + <br>\nDi\u00f3xido de titanio cloruro RC 822 <br>\nDi\u00f3xido de titanio CR-810 <br>\nDi\u00f3xido de titanio CR-811 <br>\nDi\u00f3xido de titanio R-213 <br>\nDi\u00f3xido de titanio SR-801 <br>\nDi\u00f3xido de titanio SR-802 <br>\nDi\u00f3xido de titanio SR-803 <br>\nDi\u00f3xido de titanio SR-804 <br>\nDi\u00f3xido de titanio SR-805 <br>     \n\nFosfato tris\u00f3dico dodecahidratado <br>\nFosfato de urea <br>\nGoma xantana grado API <br>\nCarbonato de zinc <br>\nCloruro de zinc 98% <br>\n\u00d3xido de zinc grado alimenticio 72% <br>\n\u00d3xido de zinc Gold Seal Grade - Pure Grade <br>\nSulfato de zinc granular 35,5% <br>\nSulfato de zinc monohidratado 35,5% en polvo <br><\/h2>\t\t\t\t<\/div>\n\t\t\t\t<\/div>\n\t\t\t\t\t<\/div>\n\t\t<\/div>\n\t\t\t\t\t<\/div>\n\t\t<\/section>\n\t\t\t\t<\/div>\n\t\t","protected":false},"excerpt":{"rendered":"<p>Lista completa de productos \u00c1cido ac\u00e9tico glacial Fluoruro de aluminio Bifluoruro de amonio Cloruro de amonio Persulfato de amonio Polifosfato de amonio Sulfamato de amonio ATMP 50% Sulfato de bario natural 1,5-2 micras Sulfato de bario natural 3-4 micras Sulfato de bario precipitado 0,7 micras Sulfato de bario precipitado 1 micra Sulfato de bario natural [&hellip;]<\/p>\n","protected":false},"author":1,"featured_media":0,"parent":0,"menu_order":0,"comment_status":"closed","ping_status":"closed","template":"","meta":{"_acf_changed":false,"footnotes":""},"class_list":["post-9366","page","type-page","status-publish","hentry"],"acf":[],"_links":{"self":[{"href":"https:\/\/alvosinternational.com\/es\/wp-json\/wp\/v2\/pages\/9366","targetHints":{"allow":["GET"]}}],"collection":[{"href":"https:\/\/alvosinternational.com\/es\/wp-json\/wp\/v2\/pages"}],"about":[{"href":"https:\/\/alvosinternational.com\/es\/wp-json\/wp\/v2\/types\/page"}],"author":[{"embeddable":true,"href":"https:\/\/alvosinternational.com\/es\/wp-json\/wp\/v2\/users\/1"}],"replies":[{"embeddable":true,"href":"https:\/\/alvosinternational.com\/es\/wp-json\/wp\/v2\/comments?post=9366"}],"version-history":[{"count":3,"href":"https:\/\/alvosinternational.com\/es\/wp-json\/wp\/v2\/pages\/9366\/revisions"}],"predecessor-version":[{"id":9432,"href":"https:\/\/alvosinternational.com\/es\/wp-json\/wp\/v2\/pages\/9366\/revisions\/9432"}],"wp:attachment":[{"href":"https:\/\/alvosinternational.com\/es\/wp-json\/wp\/v2\/media?parent=9366"}],"curies":[{"name":"wp","href":"https:\/\/api.w.org\/{rel}","templated":true}]}}