{"id":9357,"date":"2024-08-15T02:05:17","date_gmt":"2024-08-15T02:05:17","guid":{"rendered":"https:\/\/alvosinternational.com\/jurado\/"},"modified":"2025-12-01T02:54:58","modified_gmt":"2025-12-01T02:54:58","slug":"jurado","status":"publish","type":"page","link":"https:\/\/alvosinternational.com\/es\/jurado\/","title":{"rendered":"\u00bfPOR QU\u00c9 ELEGIR ALVOS?"},"content":{"rendered":"\t\t<div data-elementor-type=\"wp-page\" data-elementor-id=\"9357\" class=\"elementor elementor-9357 elementor-7840\" data-elementor-post-type=\"page\">\n\t\t\t\t\t\t<section class=\"elementor-section elementor-top-section elementor-element elementor-element-767305eb elementor-section-boxed elementor-section-height-default elementor-section-height-default\" data-id=\"767305eb\" data-element_type=\"section\" data-e-type=\"section\">\n\t\t\t\t\t\t<div class=\"elementor-container elementor-column-gap-default\">\n\t\t\t\t\t<div class=\"elementor-column elementor-col-100 elementor-top-column elementor-element elementor-element-5e74911c\" data-id=\"5e74911c\" data-element_type=\"column\" data-e-type=\"column\">\n\t\t\t<div class=\"elementor-widget-wrap elementor-element-populated\">\n\t\t\t\t\t\t<div class=\"elementor-element elementor-element-61f888c5 elementor-widget elementor-widget-heading\" data-id=\"61f888c5\" data-element_type=\"widget\" data-e-type=\"widget\" data-widget_type=\"heading.default\">\n\t\t\t\t<div class=\"elementor-widget-container\">\n\t\t\t\t\t<h2 class=\"elementor-heading-title elementor-size-default\">\u00bfPor qu\u00e9 elegir Alvos?<br><\/h2>\t\t\t\t<\/div>\n\t\t\t\t<\/div>\n\t\t\t\t\t<\/div>\n\t\t<\/div>\n\t\t\t\t\t<\/div>\n\t\t<\/section>\n\t\t\t\t<section class=\"elementor-section elementor-top-section elementor-element elementor-element-3967e9e elementor-section-boxed elementor-section-height-default elementor-section-height-default\" data-id=\"3967e9e\" data-element_type=\"section\" data-e-type=\"section\">\n\t\t\t\t\t\t<div class=\"elementor-container elementor-column-gap-default\">\n\t\t\t\t\t<div class=\"elementor-column elementor-col-100 elementor-top-column elementor-element elementor-element-1a0ef03\" data-id=\"1a0ef03\" data-element_type=\"column\" data-e-type=\"column\">\n\t\t\t<div class=\"elementor-widget-wrap elementor-element-populated\">\n\t\t\t\t\t\t<div class=\"elementor-element elementor-element-df1cf9d elementor-widget elementor-widget-heading\" data-id=\"df1cf9d\" data-element_type=\"widget\" data-e-type=\"widget\" data-widget_type=\"heading.default\">\n\t\t\t\t<div class=\"elementor-widget-container\">\n\t\t\t\t\t<h2 class=\"elementor-heading-title elementor-size-default\">Estamos centrados en el cliente. Nuestro objetivo es crear ventajas competitivas para nuestros clientes. <\/h2>\t\t\t\t<\/div>\n\t\t\t\t<\/div>\n\t\t\t\t<div class=\"elementor-element elementor-element-9b05d13 elementor-widget elementor-widget-heading\" data-id=\"9b05d13\" data-element_type=\"widget\" data-e-type=\"widget\" data-widget_type=\"heading.default\">\n\t\t\t\t<div class=\"elementor-widget-container\">\n\t\t\t\t\t<h2 class=\"elementor-heading-title elementor-size-default\">Operamos con una filosof\u00eda centrada en el cliente y el compromiso de crear ventajas competitivas para cada cliente al que servimos. Como expertos en el abastecimiento global de productos qu\u00edmicos especializados y la optimizaci\u00f3n de la cadena de suministro, identificamos sistem\u00e1ticamente las ineficiencias en toda la cadena de suministro, trasladando los ahorros resultantes directamente a nuestros clientes. Nuestros m\u00e1rgenes est\u00e1n limitados como un porcentaje fijo de los costes del producto, lo que refuerza nuestra dedicaci\u00f3n a la asociaci\u00f3n a largo plazo por encima de las ganancias a corto plazo.  <\/h2>\t\t\t\t<\/div>\n\t\t\t\t<\/div>\n\t\t\t\t\t<\/div>\n\t\t<\/div>\n\t\t\t\t\t<\/div>\n\t\t<\/section>\n\t\t\t\t<section class=\"elementor-section elementor-top-section elementor-element elementor-element-4f1d31e elementor-section-boxed elementor-section-height-default elementor-section-height-default\" data-id=\"4f1d31e\" data-element_type=\"section\" data-e-type=\"section\">\n\t\t\t\t\t\t<div class=\"elementor-container elementor-column-gap-default\">\n\t\t\t\t\t<div class=\"elementor-column elementor-col-100 elementor-top-column elementor-element elementor-element-6922699\" data-id=\"6922699\" data-element_type=\"column\" data-e-type=\"column\">\n\t\t\t<div class=\"elementor-widget-wrap elementor-element-populated\">\n\t\t\t\t\t\t<div class=\"elementor-element elementor-element-c39d3fc elementor-widget elementor-widget-heading\" data-id=\"c39d3fc\" data-element_type=\"widget\" data-e-type=\"widget\" data-widget_type=\"heading.default\">\n\t\t\t\t<div class=\"elementor-widget-container\">\n\t\t\t\t\t<h2 class=\"elementor-heading-title elementor-size-default\">Abastecimiento directo.<\/h2>\t\t\t\t<\/div>\n\t\t\t\t<\/div>\n\t\t\t\t<div class=\"elementor-element elementor-element-55e4e3f elementor-widget elementor-widget-heading\" data-id=\"55e4e3f\" data-element_type=\"widget\" data-e-type=\"widget\" data-widget_type=\"heading.default\">\n\t\t\t\t<div class=\"elementor-widget-container\">\n\t\t\t\t\t<h2 class=\"elementor-heading-title elementor-size-default\">Al abastecernos directamente de los principales fabricantes mundiales, garantizamos una calidad constante de los productos. <\/h2>\t\t\t\t<\/div>\n\t\t\t\t<\/div>\n\t\t\t\t\t<\/div>\n\t\t<\/div>\n\t\t\t\t\t<\/div>\n\t\t<\/section>\n\t\t\t\t<section class=\"elementor-section elementor-top-section elementor-element elementor-element-b9e8fff elementor-section-boxed elementor-section-height-default elementor-section-height-default\" data-id=\"b9e8fff\" data-element_type=\"section\" data-e-type=\"section\">\n\t\t\t\t\t\t<div class=\"elementor-container elementor-column-gap-default\">\n\t\t\t\t\t<div class=\"elementor-column elementor-col-100 elementor-top-column elementor-element elementor-element-fc6c98b\" data-id=\"fc6c98b\" data-element_type=\"column\" data-e-type=\"column\">\n\t\t\t<div class=\"elementor-widget-wrap elementor-element-populated\">\n\t\t\t\t\t\t<div class=\"elementor-element elementor-element-878ac18 elementor-widget elementor-widget-heading\" data-id=\"878ac18\" data-element_type=\"widget\" data-e-type=\"widget\" data-widget_type=\"heading.default\">\n\t\t\t\t<div class=\"elementor-widget-container\">\n\t\t\t\t\t<h2 class=\"elementor-heading-title elementor-size-default\">Informaci\u00f3n transparente y pr\u00e1ctica sobre productos y mercados.<\/h2>\t\t\t\t<\/div>\n\t\t\t\t<\/div>\n\t\t\t\t<div class=\"elementor-element elementor-element-5221c25 elementor-widget elementor-widget-heading\" data-id=\"5221c25\" data-element_type=\"widget\" data-e-type=\"widget\" data-widget_type=\"heading.default\">\n\t\t\t\t<div class=\"elementor-widget-container\">\n\t\t\t\t\t<h2 class=\"elementor-heading-title elementor-size-default\">Nuestro profundo conocimiento de la oferta, la demanda, la capacidad, la log\u00edstica y la din\u00e1mica de los precios nos permite anticiparnos a los cambios del mercado y ofrecer de forma proactiva informaci\u00f3n que permita a los clientes planificar con confianza.<\/h2>\t\t\t\t<\/div>\n\t\t\t\t<\/div>\n\t\t\t\t\t<\/div>\n\t\t<\/div>\n\t\t\t\t\t<\/div>\n\t\t<\/section>\n\t\t\t\t<section class=\"elementor-section elementor-top-section elementor-element elementor-element-0a59491 elementor-section-boxed elementor-section-height-default elementor-section-height-default\" data-id=\"0a59491\" data-element_type=\"section\" data-e-type=\"section\">\n\t\t\t\t\t\t<div class=\"elementor-container elementor-column-gap-default\">\n\t\t\t\t\t<div class=\"elementor-column elementor-col-100 elementor-top-column elementor-element elementor-element-22d66e5\" data-id=\"22d66e5\" data-element_type=\"column\" data-e-type=\"column\">\n\t\t\t<div class=\"elementor-widget-wrap elementor-element-populated\">\n\t\t\t\t\t\t<div class=\"elementor-element elementor-element-f20083b elementor-widget elementor-widget-heading\" data-id=\"f20083b\" data-element_type=\"widget\" data-e-type=\"widget\" data-widget_type=\"heading.default\">\n\t\t\t\t<div class=\"elementor-widget-container\">\n\t\t\t\t\t<h2 class=\"elementor-heading-title elementor-size-default\">Cumplimiento de las normativas aduaneras y de importaci\u00f3n.<\/h2>\t\t\t\t<\/div>\n\t\t\t\t<\/div>\n\t\t\t\t<div class=\"elementor-element elementor-element-99d2a89 elementor-widget elementor-widget-heading\" data-id=\"99d2a89\" data-element_type=\"widget\" data-e-type=\"widget\" data-widget_type=\"heading.default\">\n\t\t\t\t<div class=\"elementor-widget-container\">\n\t\t\t\t\t<h2 class=\"elementor-heading-title elementor-size-default\">Cumplimos con todos los requisitos aduaneros y de importaci\u00f3n, garantizando que cada env\u00edo cumpla con las normativas gubernamentales aplicables. Nuestro equipo supervisa continuamente las pol\u00edticas arancelarias en r\u00e1pida evoluci\u00f3n que afectan a los productos qu\u00edmicos especializados, incluidas las recientes acciones sin precedentes, para poder guiar a los clientes a trav\u00e9s de la complejidad, mitigar los riesgos y ofrecer importaciones totalmente conformes y optimizadas en cuanto a costes.  <\/h2>\t\t\t\t<\/div>\n\t\t\t\t<\/div>\n\t\t\t\t\t<\/div>\n\t\t<\/div>\n\t\t\t\t\t<\/div>\n\t\t<\/section>\n\t\t\t\t<section class=\"elementor-section elementor-top-section elementor-element elementor-element-1bce469 elementor-section-boxed elementor-section-height-default elementor-section-height-default\" data-id=\"1bce469\" data-element_type=\"section\" data-e-type=\"section\">\n\t\t\t\t\t\t<div class=\"elementor-container elementor-column-gap-default\">\n\t\t\t\t\t<div class=\"elementor-column elementor-col-100 elementor-top-column elementor-element elementor-element-763ff34\" data-id=\"763ff34\" data-element_type=\"column\" data-e-type=\"column\">\n\t\t\t<div class=\"elementor-widget-wrap elementor-element-populated\">\n\t\t\t\t\t\t<div class=\"elementor-element elementor-element-7c113a2 elementor-widget elementor-widget-heading\" data-id=\"7c113a2\" data-element_type=\"widget\" data-e-type=\"widget\" data-widget_type=\"heading.default\">\n\t\t\t\t<div class=\"elementor-widget-container\">\n\t\t\t\t\t<h2 class=\"elementor-heading-title elementor-size-default\">Refuerzo del suministro norteamericano de productos no fabricados en el pa\u00eds.<\/h2>\t\t\t\t<\/div>\n\t\t\t\t<\/div>\n\t\t\t\t<div class=\"elementor-element elementor-element-0e1c4a0 elementor-widget elementor-widget-heading\" data-id=\"0e1c4a0\" data-element_type=\"widget\" data-e-type=\"widget\" data-widget_type=\"heading.default\">\n\t\t\t\t<div class=\"elementor-widget-container\">\n\t\t\t\t\t<h2 class=\"elementor-heading-title elementor-size-default\">Muchos de los productos que suministramos no se producen en Norteam\u00e9rica, o los fabricantes nacionales no pueden satisfacer toda la demanda de los clientes norteamericanos. Superamos esta carencia con un abastecimiento global fiable que cumple todos los requisitos de calidad y normativos. Le proporcionamos una entrega sin problemas en su muelle con la misma fiabilidad y calidad que se espera de los productos fabricados en el pa\u00eds.   <\/h2>\t\t\t\t<\/div>\n\t\t\t\t<\/div>\n\t\t\t\t\t<\/div>\n\t\t<\/div>\n\t\t\t\t\t<\/div>\n\t\t<\/section>\n\t\t\t\t<\/div>\n\t\t","protected":false},"excerpt":{"rendered":"<p>\u00bfPor qu\u00e9 elegir Alvos? Estamos centrados en el cliente. Nuestro objetivo es crear ventajas competitivas para nuestros clientes. Operamos con una filosof\u00eda centrada en el cliente y el compromiso de crear ventajas competitivas para cada cliente al que servimos. Como expertos en el abastecimiento global de productos qu\u00edmicos especializados y la optimizaci\u00f3n de la cadena [&hellip;]<\/p>\n","protected":false},"author":1,"featured_media":0,"parent":0,"menu_order":0,"comment_status":"closed","ping_status":"closed","template":"","meta":{"_acf_changed":false,"footnotes":""},"class_list":["post-9357","page","type-page","status-publish","hentry"],"acf":[],"_links":{"self":[{"href":"https:\/\/alvosinternational.com\/es\/wp-json\/wp\/v2\/pages\/9357","targetHints":{"allow":["GET"]}}],"collection":[{"href":"https:\/\/alvosinternational.com\/es\/wp-json\/wp\/v2\/pages"}],"about":[{"href":"https:\/\/alvosinternational.com\/es\/wp-json\/wp\/v2\/types\/page"}],"author":[{"embeddable":true,"href":"https:\/\/alvosinternational.com\/es\/wp-json\/wp\/v2\/users\/1"}],"replies":[{"embeddable":true,"href":"https:\/\/alvosinternational.com\/es\/wp-json\/wp\/v2\/comments?post=9357"}],"version-history":[{"count":5,"href":"https:\/\/alvosinternational.com\/es\/wp-json\/wp\/v2\/pages\/9357\/revisions"}],"predecessor-version":[{"id":9462,"href":"https:\/\/alvosinternational.com\/es\/wp-json\/wp\/v2\/pages\/9357\/revisions\/9462"}],"wp:attachment":[{"href":"https:\/\/alvosinternational.com\/es\/wp-json\/wp\/v2\/media?parent=9357"}],"curies":[{"name":"wp","href":"https:\/\/api.w.org\/{rel}","templated":true}]}}