{"id":9005,"date":"2025-11-30T04:50:05","date_gmt":"2025-11-30T04:50:05","guid":{"rendered":"https:\/\/alvosinternational.com\/fertilier\/"},"modified":"2025-12-01T01:57:05","modified_gmt":"2025-12-01T01:57:05","slug":"fertilier","status":"publish","type":"page","link":"https:\/\/alvosinternational.com\/es\/fertilier\/","title":{"rendered":"FERTILIER"},"content":{"rendered":"\t\t<div data-elementor-type=\"wp-page\" data-elementor-id=\"9005\" class=\"elementor elementor-9005 elementor-8623\" data-elementor-post-type=\"page\">\n\t\t\t\t\t\t<section class=\"elementor-section elementor-top-section elementor-element elementor-element-7b76f4f elementor-section-boxed elementor-section-height-default elementor-section-height-default\" data-id=\"7b76f4f\" data-element_type=\"section\" data-e-type=\"section\" data-settings=\"{&quot;background_background&quot;:&quot;classic&quot;}\">\n\t\t\t\t\t\t\t<div class=\"elementor-background-overlay\"><\/div>\n\t\t\t\t\t\t\t<div class=\"elementor-container elementor-column-gap-default\">\n\t\t\t\t\t<div class=\"elementor-column elementor-col-100 elementor-top-column elementor-element elementor-element-2413d14\" data-id=\"2413d14\" data-element_type=\"column\" data-e-type=\"column\">\n\t\t\t<div class=\"elementor-widget-wrap\">\n\t\t\t\t\t\t\t<\/div>\n\t\t<\/div>\n\t\t\t\t\t<\/div>\n\t\t<\/section>\n\t\t\t\t<section class=\"elementor-section elementor-top-section elementor-element elementor-element-a3bf638 elementor-section-boxed elementor-section-height-default elementor-section-height-default\" data-id=\"a3bf638\" data-element_type=\"section\" data-e-type=\"section\">\n\t\t\t\t\t\t<div class=\"elementor-container elementor-column-gap-default\">\n\t\t\t\t\t<div class=\"elementor-column elementor-col-100 elementor-top-column elementor-element elementor-element-f3ba3d6\" data-id=\"f3ba3d6\" data-element_type=\"column\" data-e-type=\"column\">\n\t\t\t<div class=\"elementor-widget-wrap elementor-element-populated\">\n\t\t\t\t\t\t<div class=\"elementor-element elementor-element-3f28c2a elementor-widget elementor-widget-heading\" data-id=\"3f28c2a\" data-element_type=\"widget\" data-e-type=\"widget\" data-widget_type=\"heading.default\">\n\t\t\t\t<div class=\"elementor-widget-container\">\n\t\t\t\t\t<h2 class=\"elementor-heading-title elementor-size-default\">Ingredientes de fertilizantes<\/h2>\t\t\t\t<\/div>\n\t\t\t\t<\/div>\n\t\t\t\t\t<\/div>\n\t\t<\/div>\n\t\t\t\t\t<\/div>\n\t\t<\/section>\n\t\t\t\t<section class=\"elementor-section elementor-top-section elementor-element elementor-element-9462451 elementor-section-boxed elementor-section-height-default elementor-section-height-default\" data-id=\"9462451\" data-element_type=\"section\" data-e-type=\"section\">\n\t\t\t\t\t\t<div class=\"elementor-container elementor-column-gap-default\">\n\t\t\t\t\t<div class=\"elementor-column elementor-col-100 elementor-top-column elementor-element elementor-element-5209b56\" data-id=\"5209b56\" data-element_type=\"column\" data-e-type=\"column\">\n\t\t\t<div class=\"elementor-widget-wrap elementor-element-populated\">\n\t\t\t\t\t\t<div class=\"elementor-element elementor-element-fc53e67 elementor-widget elementor-widget-heading\" data-id=\"fc53e67\" data-element_type=\"widget\" data-e-type=\"widget\" data-widget_type=\"heading.default\">\n\t\t\t\t<div class=\"elementor-widget-container\">\n\t\t\t\t\t<h2 class=\"elementor-heading-title elementor-size-default\">\u00c1cido ac\u00e9tico glacial\n\n<br>\n\nCloruro de amonio\n\n<br>\n\n\u00c1cido b\u00f3rico\n\n<br>\n\nCloruro de calcio 77% en escamas\n\n<br>\n\nCloruro de calcio en polvo al 94%\n\n<br>\n\nCloruro de calcio 94% en gr\u00e1nulos\n\n<br>\n\nFormiato de calcio\n\n<br>\n\nNitrato de calcio en perlas\n\n<br>\n\nNitrato de calcio en cristales (sin amonio)\n\n<br>\n\nPerlas de sosa c\u00e1ustica\n\n<br>\n\n\u00c1cido c\u00edtrico anhidro\n\n<br>\n\nCarbonato de cobre\n\n<br>\n\nHidr\u00f3xido de cobre\n\n<br>\n\nOxicloruro de cobre\n\n<br>\n\nSulfato de cobre pentahidratado\n\n<br>\n\nFosfato de diamonio\n\n<br>\n\nDiciandiamida\n\n<br>\n\n\u00c1cido DTPA\n\n<br>\n\nDTPA Fe 11%\n\n<br>\n\nDTPA Mn 10%\n\n<br>\n\nDTPA Zn\n\n<br>\n\nEDDHA Fe 6% - 4,8% orto-orto\n\n<br>\n\nEDDHA Fe 6% - 5,2% orto-orto\n\n<br>\n\n\u00c1cido EDTA\n\n<br>\n\nEDTA Ca\n\n<br>\n\nEDTA Cu 15%\n\n<br>\n\nEDTA dis\u00f3dico\n\n<br>\n\nEDTA Fe 13% \n\n<br>\n\nEDTA Mn 13%\n\n<br>\n\nEDTA Zn 15% \n\n<br>\n\nSulfato ferroso heptahidratado 20%\n\n<br>\n\nSulfato ferroso monohidratado granular 30%\n\n<br>\n\nSulfato ferroso monohidratado en polvo 30%\n\n<br>\n\n\u00c1cido f\u00f3rmico\n\n<br>\n\nGlicina beta\u00edna (beta\u00edna anhidra)\n\n<br>\n\n\u00c1cido gliox\u00edlico\n\n<br>\n\nBoro granular 10%\n\n<br>\n\nBoro granular 15%\n\n<br>\n\nGoma guar en polvo 200 mesh\n\n<br>\n\nCloruro de magnesio en escamas\n\n<br>\n\nNitrato de magnesio en perlas\n\n<br>\n\nNitrato de magnesio cristalino\n\n<br>\n\nSulfato de magnesio heptahidratado 9,8%\n\n<br>\n\nSulfato de magnesio anhidro granular\n\n<br>\n\nSulfato de magnesio anhidro en polvo\n\n<br>\n\nSulfato de magnesio trihidratado\n\n<br>\n\nSulfato de magnesio monohidratado en polvo\n\n<br>\n\nCarbonato de manganeso 44% \n\n<br>\n\n\u00d3xido de manganeso 60%\n\n<br>\n\nSulfato de manganeso granular 31,5%\n\n<br>\n\nSulfato de manganeso en polvo 32%\n\n<br>\n\nFosfato monoam\u00f3nico\n\n<br>\n\nMonoetanolamina\n\n<br>\n\nMGDA tris\u00f3dico 40%\n\n<br>\n\nUrea microgranulada\n\n<br>\n\nNBPT\n\n<br>\n\n\u00c1cido P-aminobenzoico\n\n<br>\n\n\u00c1cido para-hidroxibenzoico\n\n<br>\n\n\u00c1cido fosf\u00f3rico al 75%\n\n<br>\n\n\u00c1cido fosf\u00f3rico al 85%\n\n<br>\n\n\u00c1cido fosforoso 98,5%\n\n<br>\n\n\u00c1cido fosforoso 99%\n\n<br>\n\n\u00c1cido polifosf\u00f3rico 105%\n\n<br>\n\nAcetato de potasio\n\n<br>\n\nBicarbonato de potasio\n\n<br>\n\nCarbonato de potasio\n\n<br>\n\nFormiato de potasio l\u00edquido al 75%\n\n<br>\n\nFormiato de potasio 97% en escamas\n\n<br>\n\nHidr\u00f3xido de potasio en escamas al 90%\n\n<br>\n\nNitrato de potasio\n\n<br>\n\nSulfato de potasio\n\n<br>\n\nCarbonato de propileno\n\n<br>\n\nHidrolizado de prote\u00edna 90%\n\n<br>\n\n\u00c1cido salic\u00edlico\n\n<br>\n\nCitrato de sodio\n\n<br>\n\nFormiato de sodio\n\n<br>\n\nGluconato de sodio\n\n<br>\n\nBoro soluble (octoborato dis\u00f3dico)\n\n<br>\n\nFosfato de urea\n\n<br>\n\nCarbonato de zinc\n\n<br>\n\nCloruro de zinc 98%\n\n<br>\n\n\u00d3xido de zinc 72%\n\n<br>\n\n\u00d3xido de zinc Gold Seal 99,5%\n\n<br>\n\nSulfato de zinc granular 35,5%\n\n<br>\n\nSulfato de zinc monohidratado 35,5% en polvo \n\n<br>\n<\/h2>\t\t\t\t<\/div>\n\t\t\t\t<\/div>\n\t\t\t\t\t<\/div>\n\t\t<\/div>\n\t\t\t\t\t<\/div>\n\t\t<\/section>\n\t\t\t\t<section class=\"elementor-section elementor-top-section elementor-element elementor-element-bd17656 elementor-section-boxed elementor-section-height-default elementor-section-height-default\" data-id=\"bd17656\" data-element_type=\"section\" data-e-type=\"section\">\n\t\t\t\t\t\t<div class=\"elementor-container elementor-column-gap-default\">\n\t\t\t\t\t<div class=\"elementor-column elementor-col-100 elementor-top-column elementor-element elementor-element-0ca3451\" data-id=\"0ca3451\" data-element_type=\"column\" data-e-type=\"column\">\n\t\t\t<div class=\"elementor-widget-wrap\">\n\t\t\t\t\t\t\t<\/div>\n\t\t<\/div>\n\t\t\t\t\t<\/div>\n\t\t<\/section>\n\t\t\t\t<\/div>\n\t\t","protected":false},"excerpt":{"rendered":"<p>Ingredientes de fertilizantes \u00c1cido ac\u00e9tico glacial Cloruro de amonio \u00c1cido b\u00f3rico Cloruro de calcio 77% en escamas Cloruro de calcio en polvo al 94% Cloruro de calcio 94% en gr\u00e1nulos Formiato de calcio Nitrato de calcio en perlas Nitrato de calcio en cristales (sin amonio) Perlas de sosa c\u00e1ustica \u00c1cido c\u00edtrico anhidro Carbonato de cobre [&hellip;]<\/p>\n","protected":false},"author":1,"featured_media":0,"parent":0,"menu_order":0,"comment_status":"closed","ping_status":"closed","template":"","meta":{"_acf_changed":false,"footnotes":""},"class_list":["post-9005","page","type-page","status-publish","hentry"],"acf":[],"_links":{"self":[{"href":"https:\/\/alvosinternational.com\/es\/wp-json\/wp\/v2\/pages\/9005","targetHints":{"allow":["GET"]}}],"collection":[{"href":"https:\/\/alvosinternational.com\/es\/wp-json\/wp\/v2\/pages"}],"about":[{"href":"https:\/\/alvosinternational.com\/es\/wp-json\/wp\/v2\/types\/page"}],"author":[{"embeddable":true,"href":"https:\/\/alvosinternational.com\/es\/wp-json\/wp\/v2\/users\/1"}],"replies":[{"embeddable":true,"href":"https:\/\/alvosinternational.com\/es\/wp-json\/wp\/v2\/comments?post=9005"}],"version-history":[{"count":1,"href":"https:\/\/alvosinternational.com\/es\/wp-json\/wp\/v2\/pages\/9005\/revisions"}],"predecessor-version":[{"id":9007,"href":"https:\/\/alvosinternational.com\/es\/wp-json\/wp\/v2\/pages\/9005\/revisions\/9007"}],"wp:attachment":[{"href":"https:\/\/alvosinternational.com\/es\/wp-json\/wp\/v2\/media?parent=9005"}],"curies":[{"name":"wp","href":"https:\/\/api.w.org\/{rel}","templated":true}]}}