{"id":8944,"date":"2025-11-30T14:59:41","date_gmt":"2025-11-30T14:59:41","guid":{"rendered":"https:\/\/alvosinternational.com\/petroleo-y-gas\/"},"modified":"2025-12-01T04:06:34","modified_gmt":"2025-12-01T04:06:34","slug":"petroleo-y-gas","status":"publish","type":"page","link":"https:\/\/alvosinternational.com\/es\/petroleo-y-gas\/","title":{"rendered":"PETR\u00d3LEO Y GAS"},"content":{"rendered":"\t\t<div data-elementor-type=\"wp-page\" data-elementor-id=\"8944\" class=\"elementor elementor-8944 elementor-8692\" data-elementor-post-type=\"page\">\n\t\t\t\t\t\t<section class=\"elementor-section elementor-top-section elementor-element elementor-element-7b76f4f elementor-hidden-mobile elementor-section-boxed elementor-section-height-default elementor-section-height-default\" data-id=\"7b76f4f\" data-element_type=\"section\" data-e-type=\"section\" data-settings=\"{&quot;background_background&quot;:&quot;classic&quot;}\">\n\t\t\t\t\t\t\t<div class=\"elementor-background-overlay\"><\/div>\n\t\t\t\t\t\t\t<div class=\"elementor-container elementor-column-gap-default\">\n\t\t\t\t\t<div class=\"elementor-column elementor-col-100 elementor-top-column elementor-element elementor-element-2413d14\" data-id=\"2413d14\" data-element_type=\"column\" data-e-type=\"column\">\n\t\t\t<div class=\"elementor-widget-wrap\">\n\t\t\t\t\t\t\t<\/div>\n\t\t<\/div>\n\t\t\t\t\t<\/div>\n\t\t<\/section>\n\t\t\t\t<section class=\"elementor-section elementor-top-section elementor-element elementor-element-a3bf638 elementor-section-boxed elementor-section-height-default elementor-section-height-default\" data-id=\"a3bf638\" data-element_type=\"section\" data-e-type=\"section\">\n\t\t\t\t\t\t<div class=\"elementor-container elementor-column-gap-default\">\n\t\t\t\t\t<div class=\"elementor-column elementor-col-100 elementor-top-column elementor-element elementor-element-f3ba3d6\" data-id=\"f3ba3d6\" data-element_type=\"column\" data-e-type=\"column\">\n\t\t\t<div class=\"elementor-widget-wrap elementor-element-populated\">\n\t\t\t\t\t\t<div class=\"elementor-element elementor-element-3f28c2a elementor-widget elementor-widget-heading\" data-id=\"3f28c2a\" data-element_type=\"widget\" data-e-type=\"widget\" data-widget_type=\"heading.default\">\n\t\t\t\t<div class=\"elementor-widget-container\">\n\t\t\t\t\t<h2 class=\"elementor-heading-title elementor-size-default\">Petr\u00f3leo y gas<\/h2>\t\t\t\t<\/div>\n\t\t\t\t<\/div>\n\t\t\t\t\t<\/div>\n\t\t<\/div>\n\t\t\t\t\t<\/div>\n\t\t<\/section>\n\t\t\t\t<section class=\"elementor-section elementor-top-section elementor-element elementor-element-9462451 elementor-section-boxed elementor-section-height-default elementor-section-height-default\" data-id=\"9462451\" data-element_type=\"section\" data-e-type=\"section\">\n\t\t\t\t\t\t<div class=\"elementor-container elementor-column-gap-default\">\n\t\t\t\t\t<div class=\"elementor-column elementor-col-100 elementor-top-column elementor-element elementor-element-5209b56\" data-id=\"5209b56\" data-element_type=\"column\" data-e-type=\"column\">\n\t\t\t<div class=\"elementor-widget-wrap elementor-element-populated\">\n\t\t\t\t\t\t<div class=\"elementor-element elementor-element-fc53e67 elementor-widget elementor-widget-heading\" data-id=\"fc53e67\" data-element_type=\"widget\" data-e-type=\"widget\" data-widget_type=\"heading.default\">\n\t\t\t\t<div class=\"elementor-widget-container\">\n\t\t\t\t\t<h2 class=\"elementor-heading-title elementor-size-default\">Persulfato de amonio\n<br>ATMP 50%\n<br>Cloruro de calcio en polvo al 94%\n<br>Formiato de calcio\n<br>Nitrato de calcio\n<br>Perlas de sosa c\u00e1ustica\n<br>Cloruro de colina l\u00edquido al 70%\n<br>\u00c1cido c\u00edtrico anhidro\n<br>Goma guar 35-40\n<br>Goma guar 40-45\n<br>Monoetanolamina\n<br>PBTC 50%\n<br>Poliacrilamida\n<br>Celulosa poliani\u00f3nica PAC LV\n<br>Celulosa poliani\u00f3nica PAC R\n<br>\u00c1cido polifosf\u00f3rico 105%\n<br>Formiato de potasio l\u00edquido al 75%\n<br>Formiato de potasio 97%\n<br>Hidr\u00f3xido de potasio en escamas al 90%\n<br>SAPP\n<br>Eritorbato de sodio\n<br>Formiato de sodio\n<br>Gluconato de sodio\n<br>Persulfato de sodio\n<br>\u00c1cido sulf\u00e1mico\n<br>Asfalto sulfonado\n<br>THPS 75%\n<br>Goma xantana grado API\n<br>Carbonato de zinc\n<br><\/h2>\t\t\t\t<\/div>\n\t\t\t\t<\/div>\n\t\t\t\t\t<\/div>\n\t\t<\/div>\n\t\t\t\t\t<\/div>\n\t\t<\/section>\n\t\t\t\t<section class=\"elementor-section elementor-top-section elementor-element elementor-element-bd17656 elementor-section-boxed elementor-section-height-default elementor-section-height-default\" data-id=\"bd17656\" data-element_type=\"section\" data-e-type=\"section\">\n\t\t\t\t\t\t<div class=\"elementor-container elementor-column-gap-default\">\n\t\t\t\t\t<div class=\"elementor-column elementor-col-100 elementor-top-column elementor-element elementor-element-0ca3451\" data-id=\"0ca3451\" data-element_type=\"column\" data-e-type=\"column\">\n\t\t\t<div class=\"elementor-widget-wrap\">\n\t\t\t\t\t\t\t<\/div>\n\t\t<\/div>\n\t\t\t\t\t<\/div>\n\t\t<\/section>\n\t\t\t\t<\/div>\n\t\t","protected":false},"excerpt":{"rendered":"<p>Petr\u00f3leo y gas Persulfato de amonio ATMP 50% Cloruro de calcio en polvo al 94% Formiato de calcio Nitrato de calcio Perlas de sosa c\u00e1ustica Cloruro de colina l\u00edquido al 70% \u00c1cido c\u00edtrico anhidro Goma guar 35-40 Goma guar 40-45 Monoetanolamina PBTC 50% Poliacrilamida Celulosa poliani\u00f3nica PAC LV Celulosa poliani\u00f3nica PAC R \u00c1cido polifosf\u00f3rico 105% [&hellip;]<\/p>\n","protected":false},"author":1,"featured_media":0,"parent":0,"menu_order":0,"comment_status":"closed","ping_status":"closed","template":"","meta":{"_acf_changed":false,"footnotes":""},"class_list":["post-8944","page","type-page","status-publish","hentry"],"acf":[],"_links":{"self":[{"href":"https:\/\/alvosinternational.com\/es\/wp-json\/wp\/v2\/pages\/8944","targetHints":{"allow":["GET"]}}],"collection":[{"href":"https:\/\/alvosinternational.com\/es\/wp-json\/wp\/v2\/pages"}],"about":[{"href":"https:\/\/alvosinternational.com\/es\/wp-json\/wp\/v2\/types\/page"}],"author":[{"embeddable":true,"href":"https:\/\/alvosinternational.com\/es\/wp-json\/wp\/v2\/users\/1"}],"replies":[{"embeddable":true,"href":"https:\/\/alvosinternational.com\/es\/wp-json\/wp\/v2\/comments?post=8944"}],"version-history":[{"count":5,"href":"https:\/\/alvosinternational.com\/es\/wp-json\/wp\/v2\/pages\/8944\/revisions"}],"predecessor-version":[{"id":9532,"href":"https:\/\/alvosinternational.com\/es\/wp-json\/wp\/v2\/pages\/8944\/revisions\/9532"}],"wp:attachment":[{"href":"https:\/\/alvosinternational.com\/es\/wp-json\/wp\/v2\/media?parent=8944"}],"curies":[{"name":"wp","href":"https:\/\/api.w.org\/{rel}","templated":true}]}}