{"id":9231,"date":"2021-07-16T20:33:25","date_gmt":"2021-07-16T20:33:25","guid":{"rendered":"https:\/\/alvosinternational.com\/palmares\/"},"modified":"2025-12-01T11:56:47","modified_gmt":"2025-12-01T11:56:47","slug":"palmares","status":"publish","type":"page","link":"https:\/\/alvosinternational.com\/de\/palmares\/","title":{"rendered":"PRODUKTE"},"content":{"rendered":"\t\t<div data-elementor-type=\"wp-page\" data-elementor-id=\"9231\" class=\"elementor elementor-9231 elementor-91\" data-elementor-post-type=\"page\">\n\t\t\t\t\t\t<section class=\"elementor-section elementor-top-section elementor-element elementor-element-17ead15 elementor-section-boxed elementor-section-height-default elementor-section-height-default\" data-id=\"17ead15\" data-element_type=\"section\" data-e-type=\"section\">\n\t\t\t\t\t\t<div class=\"elementor-container elementor-column-gap-default\">\n\t\t\t\t\t<div class=\"elementor-column elementor-col-33 elementor-top-column elementor-element elementor-element-c0b44ed\" data-id=\"c0b44ed\" data-element_type=\"column\" data-e-type=\"column\">\n\t\t\t<div class=\"elementor-widget-wrap elementor-element-populated\">\n\t\t\t\t\t\t<div class=\"elementor-element elementor-element-e15cbfe elementor-hidden-mobile elementor-widget elementor-widget-image\" data-id=\"e15cbfe\" data-element_type=\"widget\" data-e-type=\"widget\" data-widget_type=\"image.default\">\n\t\t\t\t<div class=\"elementor-widget-container\">\n\t\t\t\t\t\t\t\t\t\t\t\t\t\t\t<img fetchpriority=\"high\" decoding=\"async\" width=\"800\" height=\"534\" src=\"https:\/\/alvosinternational.com\/wp-content\/uploads\/2025\/11\/vecteezy_industrial-interior-of-manufacturing-plant-showing-storage_59239827-1024x683.jpg\" class=\"attachment-large size-large wp-image-9233\" alt=\"\" srcset=\"https:\/\/alvosinternational.com\/wp-content\/uploads\/2025\/11\/vecteezy_industrial-interior-of-manufacturing-plant-showing-storage_59239827-1024x683.jpg 1024w, https:\/\/alvosinternational.com\/wp-content\/uploads\/2025\/11\/vecteezy_industrial-interior-of-manufacturing-plant-showing-storage_59239827-300x200.jpg 300w, https:\/\/alvosinternational.com\/wp-content\/uploads\/2025\/11\/vecteezy_industrial-interior-of-manufacturing-plant-showing-storage_59239827-768x512.jpg 768w, https:\/\/alvosinternational.com\/wp-content\/uploads\/2025\/11\/vecteezy_industrial-interior-of-manufacturing-plant-showing-storage_59239827-1536x1024.jpg 1536w, https:\/\/alvosinternational.com\/wp-content\/uploads\/2025\/11\/vecteezy_industrial-interior-of-manufacturing-plant-showing-storage_59239827-2048x1365.jpg 2048w\" sizes=\"(max-width: 800px) 100vw, 800px\" \/>\t\t\t\t\t\t\t\t\t\t\t\t\t\t\t<\/div>\n\t\t\t\t<\/div>\n\t\t\t\t\t<\/div>\n\t\t<\/div>\n\t\t\t\t<div class=\"elementor-column elementor-col-33 elementor-top-column elementor-element elementor-element-f5bfa2a\" data-id=\"f5bfa2a\" data-element_type=\"column\" data-e-type=\"column\">\n\t\t\t<div class=\"elementor-widget-wrap elementor-element-populated\">\n\t\t\t\t\t\t<div class=\"elementor-element elementor-element-281914e elementor-widget elementor-widget-image\" data-id=\"281914e\" data-element_type=\"widget\" data-e-type=\"widget\" data-widget_type=\"image.default\">\n\t\t\t\t<div class=\"elementor-widget-container\">\n\t\t\t\t\t\t\t\t\t\t\t\t\t\t\t<img decoding=\"async\" width=\"2560\" height=\"1707\" src=\"https:\/\/alvosinternational.com\/wp-content\/uploads\/2025\/11\/vecteezy_laboratory-glassware-containing-colorful-chemical-liquid-on_68886642-scaled.jpeg\" class=\"attachment-full size-full wp-image-9234\" alt=\"\" srcset=\"https:\/\/alvosinternational.com\/wp-content\/uploads\/2025\/11\/vecteezy_laboratory-glassware-containing-colorful-chemical-liquid-on_68886642-scaled.jpeg 2560w, https:\/\/alvosinternational.com\/wp-content\/uploads\/2025\/11\/vecteezy_laboratory-glassware-containing-colorful-chemical-liquid-on_68886642-300x200.jpeg 300w, https:\/\/alvosinternational.com\/wp-content\/uploads\/2025\/11\/vecteezy_laboratory-glassware-containing-colorful-chemical-liquid-on_68886642-1024x683.jpeg 1024w, https:\/\/alvosinternational.com\/wp-content\/uploads\/2025\/11\/vecteezy_laboratory-glassware-containing-colorful-chemical-liquid-on_68886642-768x512.jpeg 768w, https:\/\/alvosinternational.com\/wp-content\/uploads\/2025\/11\/vecteezy_laboratory-glassware-containing-colorful-chemical-liquid-on_68886642-1536x1024.jpeg 1536w, https:\/\/alvosinternational.com\/wp-content\/uploads\/2025\/11\/vecteezy_laboratory-glassware-containing-colorful-chemical-liquid-on_68886642-2048x1365.jpeg 2048w\" sizes=\"(max-width: 2560px) 100vw, 2560px\" \/>\t\t\t\t\t\t\t\t\t\t\t\t\t\t\t<\/div>\n\t\t\t\t<\/div>\n\t\t\t\t\t<\/div>\n\t\t<\/div>\n\t\t\t\t<div class=\"elementor-column elementor-col-33 elementor-top-column elementor-element elementor-element-0916a12\" data-id=\"0916a12\" data-element_type=\"column\" data-e-type=\"column\">\n\t\t\t<div class=\"elementor-widget-wrap elementor-element-populated\">\n\t\t\t\t\t\t<div class=\"elementor-element elementor-element-3f585c9 elementor-hidden-mobile elementor-widget elementor-widget-image\" data-id=\"3f585c9\" data-element_type=\"widget\" data-e-type=\"widget\" data-widget_type=\"image.default\">\n\t\t\t\t<div class=\"elementor-widget-container\">\n\t\t\t\t\t\t\t\t\t\t\t\t\t\t\t<img decoding=\"async\" width=\"2560\" height=\"1707\" src=\"https:\/\/alvosinternational.com\/wp-content\/uploads\/2025\/11\/vecteezy_colorful-powder-pigments-in-glass-bottles-for-science-art-or_70280839-scaled.jpg\" class=\"attachment-full size-full wp-image-9235\" alt=\"\" srcset=\"https:\/\/alvosinternational.com\/wp-content\/uploads\/2025\/11\/vecteezy_colorful-powder-pigments-in-glass-bottles-for-science-art-or_70280839-scaled.jpg 2560w, https:\/\/alvosinternational.com\/wp-content\/uploads\/2025\/11\/vecteezy_colorful-powder-pigments-in-glass-bottles-for-science-art-or_70280839-300x200.jpg 300w, https:\/\/alvosinternational.com\/wp-content\/uploads\/2025\/11\/vecteezy_colorful-powder-pigments-in-glass-bottles-for-science-art-or_70280839-1024x683.jpg 1024w, https:\/\/alvosinternational.com\/wp-content\/uploads\/2025\/11\/vecteezy_colorful-powder-pigments-in-glass-bottles-for-science-art-or_70280839-768x512.jpg 768w, https:\/\/alvosinternational.com\/wp-content\/uploads\/2025\/11\/vecteezy_colorful-powder-pigments-in-glass-bottles-for-science-art-or_70280839-1536x1024.jpg 1536w, https:\/\/alvosinternational.com\/wp-content\/uploads\/2025\/11\/vecteezy_colorful-powder-pigments-in-glass-bottles-for-science-art-or_70280839-2048x1365.jpg 2048w\" sizes=\"(max-width: 2560px) 100vw, 2560px\" \/>\t\t\t\t\t\t\t\t\t\t\t\t\t\t\t<\/div>\n\t\t\t\t<\/div>\n\t\t\t\t\t<\/div>\n\t\t<\/div>\n\t\t\t\t\t<\/div>\n\t\t<\/section>\n\t\t\t\t<section class=\"elementor-section elementor-top-section elementor-element elementor-element-d4200fc elementor-section-boxed elementor-section-height-default elementor-section-height-default\" data-id=\"d4200fc\" data-element_type=\"section\" data-e-type=\"section\">\n\t\t\t\t\t\t<div class=\"elementor-container elementor-column-gap-default\">\n\t\t\t\t\t<div class=\"elementor-column elementor-col-100 elementor-top-column elementor-element elementor-element-f7bf3a8\" data-id=\"f7bf3a8\" data-element_type=\"column\" data-e-type=\"column\">\n\t\t\t<div class=\"elementor-widget-wrap elementor-element-populated\">\n\t\t\t\t\t\t<div class=\"elementor-element elementor-element-0c8f493 elementor-widget elementor-widget-heading\" data-id=\"0c8f493\" data-element_type=\"widget\" data-e-type=\"widget\" data-widget_type=\"heading.default\">\n\t\t\t\t<div class=\"elementor-widget-container\">\n\t\t\t\t\t<h2 class=\"elementor-heading-title elementor-size-default\">Vollst\u00e4ndige Produktliste <\/h2>\t\t\t\t<\/div>\n\t\t\t\t<\/div>\n\t\t\t\t\t<\/div>\n\t\t<\/div>\n\t\t\t\t\t<\/div>\n\t\t<\/section>\n\t\t\t\t<section class=\"elementor-section elementor-top-section elementor-element elementor-element-af3329d elementor-section-boxed elementor-section-height-default elementor-section-height-default\" data-id=\"af3329d\" data-element_type=\"section\" data-e-type=\"section\">\n\t\t\t\t\t\t<div class=\"elementor-container elementor-column-gap-default\">\n\t\t\t\t\t<div class=\"elementor-column elementor-col-100 elementor-top-column elementor-element elementor-element-0f3f6d9\" data-id=\"0f3f6d9\" data-element_type=\"column\" data-e-type=\"column\">\n\t\t\t<div class=\"elementor-widget-wrap elementor-element-populated\">\n\t\t\t\t\t\t<div class=\"elementor-element elementor-element-722d77f elementor-widget elementor-widget-heading\" data-id=\"722d77f\" data-element_type=\"widget\" data-e-type=\"widget\" data-widget_type=\"heading.default\">\n\t\t\t\t<div class=\"elementor-widget-container\">\n\t\t\t\t\t<h2 class=\"elementor-heading-title elementor-size-default\">Eisessig <br>\nAluminiumfluorid <br>\nAmmoniumbifluorid <br>\nAmmoniumchlorid <br>\nAmmoniumpersulfat <br>\nAmmoniumpolyphosphat <br>\nAmmoniumsulfamat <br>\nATMP 50 % <br>\nBariumsulfat, nat\u00fcrlich, 1,5\u20132 Mikrometer <br>\nBariumsulfat, nat\u00fcrlich, 3\u20134 Mikrometer <br>\nBariumsulfat, gef\u00e4llt, 0,7 Mikrometer <br>\nBariumsulfat, gef\u00e4llt, 1 Mikrometer <br>\nBariumsulfat, nat\u00fcrlich, 17 Mikrometer <br>\nBors\u00e4ure <br>\nCalciumchlorid 74 % Prills <br>\nCalciumchlorid 77 % Flocken <br>\nCalciumchlorid 94 % Pulver <br>\nCalciumchlorid 94 % Prills <br>\nCalciumformiat <br>\nCalciumnitrat-Perlen <br>\nCalciumnitrat-Kristalle (Ammoniumfrei) <br>\nCalciumnitrat-Tetrahydrat \u2013 Indien <br>\nCalciumsalz der Palmfetts\u00e4ure <br>\nCapryl-Caprins\u00e4ure-Mischung C8-C10 <br>\n\u00c4tznatron-Perlen <br>\nCholinchlorid 70 % fl\u00fcssig <br>\nZitronens\u00e4ure, wasserfrei <br>\nKupfercarbonat <br>\nKupferhydroxid <br>\nKupferoxychlorid <br>\nKupfersulfat-Pentahydrat <br>\nDiammoniumphosphat <br>\nDicyandiamid <br>\nDTPA-S\u00e4ure <br>\nDTPA Fe 11 % <br>\nDTPA Mn 10 % <br>\nDTPA Zn <br>\nEDDHA Fe 6 % \u2013 4,8 % ortho-ortho <br>\nEDDHA Fe 6 % \u2013 5,2 % ortho-ortho <br>\nEDTA-S\u00e4ure <br>\nEDTA Ca <br>\nEDTA Cu 15 % <br>\nEDTA Dinatrium <br>\nEDTA Fe 13 % <br>\nEDTA Mn 13 % <br>\nEDTA Tetranatrium <br>\nEDTA Tetranatrium 40 % fl\u00fcssig <br>\nEDTA Tetranatrium Pulver <br>\nEDTA Zn 15 % <br>\nEisen(II)-sulfat Heptahydrat 20 % <br>\nEisen(II)-sulfat Monohydrat, granuliert, 30 % <br>\nEisensulfat-Monohydrat-Pulver 30 % <br>\nEisen(II)-sulfat Monohydrat, granuliert, 30 %, Futterqualit\u00e4t, 24-60 Mesh\n<br>\nAmeisens\u00e4ure <br>\nGlycinbetain (Betain, wasserfrei) <br>\nGlyoxal 40 % <br>\nGlyoxyls\u00e4ure <br>\nGranuliertes Bor 10 % <br>\nGranuliertes Bor 15 % <br>\nGuarkernmehl 35-40 <br>\nGuarkernmehl 40-45 <br>\nGuarkernmehlpulver 200 Mesh <br>\nEisenoxid Rot 110 <br>\nMagnesiumchlorid-Flocken <br>\nMagnesiumnitrat-Perlen <br>\nMagnesiumnitrat-Kristall <br>\nMagnesiumsulfat 9,8 % Heptahydrat <br>\nMagnesiumsulfat, wasserfrei, granuliert <br>\nMagnesiumsulfat, wasserfrei, Pulver <br>\nMagnesiumsulfat-Trihydrat <br>\nMagnesiumsulfat-Monohydrat-Pulver, Futterqualit\u00e4t <br>\nMaleins\u00e4ureanhydrid-Briketts <br>\nMangancarbonat 44 % <br>\nManganoxid 60 % <br>\nMangansulfat, granuliert, 31,5 % <br>\n\nMangansulfat-Pulver 32 % <br>\nMonoammoniumphosphat <br>\nMonoethanolamin <br>\nMGDA Trinatrium 40 % <br>\nMikroprill-Harnstoff <br>\nMonopentaerythrit 98 % <br>\nMononatriumphosphat <br>\nNBPT <br>\nN-ETHYL-2-PYRROLIDON <br>\nNTA 3Na <br>\nOxals\u00e4ure <br>\nPalmfett <br>\np-Aminobenzoes\u00e4ure <br>\nPara-Hydroxybenzoes\u00e4ure <br>\nPBTC 50 % <br>\nPhosphors\u00e4ure 75 % <br>\nPhosphors\u00e4ure 85 % <br>\nPhosphorige S\u00e4ure 98,5 % <br>\nPhosphorige S\u00e4ure 99 % <br>\nPolyacrylamid <br>\nPolyanionische Cellulose PAC LV <br>\nPolyanionische Cellulose PAC R <br>\nPolyphosphors\u00e4ure 105 % <br>\nPolysorbat 80 \u2013 Sorbitanmonooleat, ethoxyliert <br>\nKaliumacetat <br>\nKaliumbicarbonat <br>\nKaliumcarbonat <br>\nKaliumformiat 75 % fl\u00fcssig <br>\nKaliumformiat 97 % Flocken <br>\nKaliumhydroxid 90 % Flocken <br>\nKaliumnitrat <br>\nKaliumsulfat <br>\nPropylencarbonat <br>\nProteinhydrolysat 90 % <br>\nSalicyls\u00e4ure <br>\nSAPP <br>\nNatriumcitrat <br>\nNatriumerythorbat <br>\nNatriumferrocyanid <br>\nNatriumfluorosilikat <br>\nNatriumformiat <br>\nNatriumgluconat <br>\nNatriummetabisulfit <br>\nNatriummetasilikat, wasserfrei <br>\nNatriummetasilikat-Pentahydrat <br>\nNatriumperborat-Tetrahydrat <br>\nNatriumpersulfat <br>\nNatriumsulfit, wasserfrei <br>\nL\u00f6sliches Bor (Dinatriumoctoborat) <br>\nSTPP dicht <br>\nSTPP leicht <br>\nSTPP mittel <br>\nAmidosulfons\u00e4ure <br>\nSulfatiertes Rizinus\u00f6l 75 % <br>\nSulfoniertes Bitumen <br>\nTHPS 75 % <br>\nTitandioxid Chlorid RC 800 PG + <br>\nTitandioxid Chlorid RC 822 <br>\nTitandioxid CR-810 <br>\nTitandioxid CR-811 <br>\nTitandioxid R-213 <br>\nTitandioxid SR-801 <br>\nTitandioxid SR-802 <br>\nTitandioxid SR-803 <br>\nTitandioxid SR-804 <br>\nTitandioxid SR-805 <br>     \n\nTrinatriumphosphat-Dodecahydrat <br>\nHarnstoffphosphat <br>\nXanthangummi API-Qualit\u00e4t <br>\nZinkcarbonat <br>\nZinkchlorid 98 % <br>\nZinkoxid, Futterqualit\u00e4t, 72 % <br>\nZinkoxid Gold Seal Qualit\u00e4t \u2013 Reinstqualit\u00e4t <br>\nZinksulfat, granuliert, 35,5 % <br>\nZinksulfat-Monohydrat 35,5 % Pulver <br><\/h2>\t\t\t\t<\/div>\n\t\t\t\t<\/div>\n\t\t\t\t\t<\/div>\n\t\t<\/div>\n\t\t\t\t\t<\/div>\n\t\t<\/section>\n\t\t\t\t<\/div>\n\t\t","protected":false},"excerpt":{"rendered":"<p>Vollst\u00e4ndige Produktliste Eisessig Aluminiumfluorid Ammoniumbifluorid Ammoniumchlorid Ammoniumpersulfat Ammoniumpolyphosphat Ammoniumsulfamat ATMP 50 % Bariumsulfat, nat\u00fcrlich, 1,5\u20132 Mikrometer Bariumsulfat, nat\u00fcrlich, 3\u20134 Mikrometer Bariumsulfat, gef\u00e4llt, 0,7 Mikrometer Bariumsulfat, gef\u00e4llt, 1 Mikrometer Bariumsulfat, nat\u00fcrlich, 17 Mikrometer Bors\u00e4ure Calciumchlorid 74 % Prills Calciumchlorid 77 % Flocken Calciumchlorid 94 % Pulver Calciumchlorid 94 % Prills Calciumformiat Calciumnitrat-Perlen Calciumnitrat-Kristalle (Ammoniumfrei) Calciumnitrat-Tetrahydrat \u2013 [&hellip;]<\/p>\n","protected":false},"author":1,"featured_media":0,"parent":0,"menu_order":0,"comment_status":"closed","ping_status":"closed","template":"","meta":{"_acf_changed":false,"footnotes":""},"class_list":["post-9231","page","type-page","status-publish","hentry"],"acf":[],"_links":{"self":[{"href":"https:\/\/alvosinternational.com\/de\/wp-json\/wp\/v2\/pages\/9231","targetHints":{"allow":["GET"]}}],"collection":[{"href":"https:\/\/alvosinternational.com\/de\/wp-json\/wp\/v2\/pages"}],"about":[{"href":"https:\/\/alvosinternational.com\/de\/wp-json\/wp\/v2\/types\/page"}],"author":[{"embeddable":true,"href":"https:\/\/alvosinternational.com\/de\/wp-json\/wp\/v2\/users\/1"}],"replies":[{"embeddable":true,"href":"https:\/\/alvosinternational.com\/de\/wp-json\/wp\/v2\/comments?post=9231"}],"version-history":[{"count":3,"href":"https:\/\/alvosinternational.com\/de\/wp-json\/wp\/v2\/pages\/9231\/revisions"}],"predecessor-version":[{"id":9438,"href":"https:\/\/alvosinternational.com\/de\/wp-json\/wp\/v2\/pages\/9231\/revisions\/9438"}],"wp:attachment":[{"href":"https:\/\/alvosinternational.com\/de\/wp-json\/wp\/v2\/media?parent=9231"}],"curies":[{"name":"wp","href":"https:\/\/api.w.org\/{rel}","templated":true}]}}