{"id":9035,"date":"2024-08-15T02:05:17","date_gmt":"2024-08-15T02:05:17","guid":{"rendered":"https:\/\/alvosinternational.com\/jury\/"},"modified":"2025-12-01T02:55:07","modified_gmt":"2025-12-01T02:55:07","slug":"jury","status":"publish","type":"page","link":"https:\/\/alvosinternational.com\/de\/jury\/","title":{"rendered":"WARUM ALVOS W\u00c4HLEN?"},"content":{"rendered":"\t\t<div data-elementor-type=\"wp-page\" data-elementor-id=\"9035\" class=\"elementor elementor-9035 elementor-7840\" data-elementor-post-type=\"page\">\n\t\t\t\t\t\t<section class=\"elementor-section elementor-top-section elementor-element elementor-element-767305eb elementor-section-boxed elementor-section-height-default elementor-section-height-default\" data-id=\"767305eb\" data-element_type=\"section\" data-e-type=\"section\">\n\t\t\t\t\t\t<div class=\"elementor-container elementor-column-gap-default\">\n\t\t\t\t\t<div class=\"elementor-column elementor-col-100 elementor-top-column elementor-element elementor-element-5e74911c\" data-id=\"5e74911c\" data-element_type=\"column\" data-e-type=\"column\">\n\t\t\t<div class=\"elementor-widget-wrap elementor-element-populated\">\n\t\t\t\t\t\t<div class=\"elementor-element elementor-element-61f888c5 elementor-widget elementor-widget-heading\" data-id=\"61f888c5\" data-element_type=\"widget\" data-e-type=\"widget\" data-widget_type=\"heading.default\">\n\t\t\t\t<div class=\"elementor-widget-container\">\n\t\t\t\t\t<h2 class=\"elementor-heading-title elementor-size-default\">Warum sollten Sie sich f\u00fcr Alvos entscheiden?<br><\/h2>\t\t\t\t<\/div>\n\t\t\t\t<\/div>\n\t\t\t\t\t<\/div>\n\t\t<\/div>\n\t\t\t\t\t<\/div>\n\t\t<\/section>\n\t\t\t\t<section class=\"elementor-section elementor-top-section elementor-element elementor-element-3967e9e elementor-section-boxed elementor-section-height-default elementor-section-height-default\" data-id=\"3967e9e\" data-element_type=\"section\" data-e-type=\"section\">\n\t\t\t\t\t\t<div class=\"elementor-container elementor-column-gap-default\">\n\t\t\t\t\t<div class=\"elementor-column elementor-col-100 elementor-top-column elementor-element elementor-element-1a0ef03\" data-id=\"1a0ef03\" data-element_type=\"column\" data-e-type=\"column\">\n\t\t\t<div class=\"elementor-widget-wrap elementor-element-populated\">\n\t\t\t\t\t\t<div class=\"elementor-element elementor-element-df1cf9d elementor-widget elementor-widget-heading\" data-id=\"df1cf9d\" data-element_type=\"widget\" data-e-type=\"widget\" data-widget_type=\"heading.default\">\n\t\t\t\t<div class=\"elementor-widget-container\">\n\t\t\t\t\t<h2 class=\"elementor-heading-title elementor-size-default\">Wir sind kundenorientiert. Unser Ziel ist es, unseren Kunden Wettbewerbsvorteile zu verschaffen. <\/h2>\t\t\t\t<\/div>\n\t\t\t\t<\/div>\n\t\t\t\t<div class=\"elementor-element elementor-element-9b05d13 elementor-widget elementor-widget-heading\" data-id=\"9b05d13\" data-element_type=\"widget\" data-e-type=\"widget\" data-widget_type=\"heading.default\">\n\t\t\t\t<div class=\"elementor-widget-container\">\n\t\t\t\t\t<h2 class=\"elementor-heading-title elementor-size-default\">Wir handeln nach einer kundenorientierten Philosophie und sind bestrebt, jedem unserer Kunden Wettbewerbsvorteile zu verschaffen. Als Experten f\u00fcr die globale Beschaffung von Spezialchemikalien und die Optimierung der Lieferkette identifizieren wir systematisch Ineffizienzen in der gesamten Lieferkette und geben die daraus resultierenden Einsparungen direkt an unsere Kunden weiter. Unsere Margen sind als fester Prozentsatz der Produktkosten begrenzt, was unser Engagement f\u00fcr langfristige Partnerschaften gegen\u00fcber kurzfristigem Gewinn unterstreicht.  <\/h2>\t\t\t\t<\/div>\n\t\t\t\t<\/div>\n\t\t\t\t\t<\/div>\n\t\t<\/div>\n\t\t\t\t\t<\/div>\n\t\t<\/section>\n\t\t\t\t<section class=\"elementor-section elementor-top-section elementor-element elementor-element-4f1d31e elementor-section-boxed elementor-section-height-default elementor-section-height-default\" data-id=\"4f1d31e\" data-element_type=\"section\" data-e-type=\"section\">\n\t\t\t\t\t\t<div class=\"elementor-container elementor-column-gap-default\">\n\t\t\t\t\t<div class=\"elementor-column elementor-col-100 elementor-top-column elementor-element elementor-element-6922699\" data-id=\"6922699\" data-element_type=\"column\" data-e-type=\"column\">\n\t\t\t<div class=\"elementor-widget-wrap elementor-element-populated\">\n\t\t\t\t\t\t<div class=\"elementor-element elementor-element-c39d3fc elementor-widget elementor-widget-heading\" data-id=\"c39d3fc\" data-element_type=\"widget\" data-e-type=\"widget\" data-widget_type=\"heading.default\">\n\t\t\t\t<div class=\"elementor-widget-container\">\n\t\t\t\t\t<h2 class=\"elementor-heading-title elementor-size-default\">Direktbeschaffung.<\/h2>\t\t\t\t<\/div>\n\t\t\t\t<\/div>\n\t\t\t\t<div class=\"elementor-element elementor-element-55e4e3f elementor-widget elementor-widget-heading\" data-id=\"55e4e3f\" data-element_type=\"widget\" data-e-type=\"widget\" data-widget_type=\"heading.default\">\n\t\t\t\t<div class=\"elementor-widget-container\">\n\t\t\t\t\t<h2 class=\"elementor-heading-title elementor-size-default\">Durch den direkten Bezug von f\u00fchrenden globalen Herstellern gew\u00e4hrleisten wir eine gleichbleibende Produktqualit\u00e4t. <\/h2>\t\t\t\t<\/div>\n\t\t\t\t<\/div>\n\t\t\t\t\t<\/div>\n\t\t<\/div>\n\t\t\t\t\t<\/div>\n\t\t<\/section>\n\t\t\t\t<section class=\"elementor-section elementor-top-section elementor-element elementor-element-b9e8fff elementor-section-boxed elementor-section-height-default elementor-section-height-default\" data-id=\"b9e8fff\" data-element_type=\"section\" data-e-type=\"section\">\n\t\t\t\t\t\t<div class=\"elementor-container elementor-column-gap-default\">\n\t\t\t\t\t<div class=\"elementor-column elementor-col-100 elementor-top-column elementor-element elementor-element-fc6c98b\" data-id=\"fc6c98b\" data-element_type=\"column\" data-e-type=\"column\">\n\t\t\t<div class=\"elementor-widget-wrap elementor-element-populated\">\n\t\t\t\t\t\t<div class=\"elementor-element elementor-element-878ac18 elementor-widget elementor-widget-heading\" data-id=\"878ac18\" data-element_type=\"widget\" data-e-type=\"widget\" data-widget_type=\"heading.default\">\n\t\t\t\t<div class=\"elementor-widget-container\">\n\t\t\t\t\t<h2 class=\"elementor-heading-title elementor-size-default\">Transparente, umsetzbare Einblicke in Produkte und M\u00e4rkte.<\/h2>\t\t\t\t<\/div>\n\t\t\t\t<\/div>\n\t\t\t\t<div class=\"elementor-element elementor-element-5221c25 elementor-widget elementor-widget-heading\" data-id=\"5221c25\" data-element_type=\"widget\" data-e-type=\"widget\" data-widget_type=\"heading.default\">\n\t\t\t\t<div class=\"elementor-widget-container\">\n\t\t\t\t\t<h2 class=\"elementor-heading-title elementor-size-default\">Unser umfassendes Verst\u00e4ndnis von Angebot, Nachfrage, Kapazit\u00e4ten, Logistik und Preisdynamik erm\u00f6glicht es uns, Marktver\u00e4nderungen zu antizipieren und proaktiv Einblicke zu liefern, die Kunden eine sichere Planung erm\u00f6glichen.<\/h2>\t\t\t\t<\/div>\n\t\t\t\t<\/div>\n\t\t\t\t\t<\/div>\n\t\t<\/div>\n\t\t\t\t\t<\/div>\n\t\t<\/section>\n\t\t\t\t<section class=\"elementor-section elementor-top-section elementor-element elementor-element-0a59491 elementor-section-boxed elementor-section-height-default elementor-section-height-default\" data-id=\"0a59491\" data-element_type=\"section\" data-e-type=\"section\">\n\t\t\t\t\t\t<div class=\"elementor-container elementor-column-gap-default\">\n\t\t\t\t\t<div class=\"elementor-column elementor-col-100 elementor-top-column elementor-element elementor-element-22d66e5\" data-id=\"22d66e5\" data-element_type=\"column\" data-e-type=\"column\">\n\t\t\t<div class=\"elementor-widget-wrap elementor-element-populated\">\n\t\t\t\t\t\t<div class=\"elementor-element elementor-element-f20083b elementor-widget elementor-widget-heading\" data-id=\"f20083b\" data-element_type=\"widget\" data-e-type=\"widget\" data-widget_type=\"heading.default\">\n\t\t\t\t<div class=\"elementor-widget-container\">\n\t\t\t\t\t<h2 class=\"elementor-heading-title elementor-size-default\">Einhaltung von Zoll- und Importvorschriften.<\/h2>\t\t\t\t<\/div>\n\t\t\t\t<\/div>\n\t\t\t\t<div class=\"elementor-element elementor-element-99d2a89 elementor-widget elementor-widget-heading\" data-id=\"99d2a89\" data-element_type=\"widget\" data-e-type=\"widget\" data-widget_type=\"heading.default\">\n\t\t\t\t<div class=\"elementor-widget-container\">\n\t\t\t\t\t<h2 class=\"elementor-heading-title elementor-size-default\">Wir halten alle Zoll- und Importvorschriften ein und stellen sicher, dass jede Sendung den geltenden staatlichen Vorschriften entspricht. Unser Team \u00fcberwacht kontinuierlich die sich schnell entwickelnden Zolltarifpolitik, die Spezialchemikalien betreffen \u2013 einschlie\u00dflich j\u00fcngster beispielloser Ma\u00dfnahmen \u2013, damit wir Kunden durch die Komplexit\u00e4t f\u00fchren, Risiken mindern und vollst\u00e4ndig konforme, kostenoptimierte Importe liefern k\u00f6nnen.  <\/h2>\t\t\t\t<\/div>\n\t\t\t\t<\/div>\n\t\t\t\t\t<\/div>\n\t\t<\/div>\n\t\t\t\t\t<\/div>\n\t\t<\/section>\n\t\t\t\t<section class=\"elementor-section elementor-top-section elementor-element elementor-element-1bce469 elementor-section-boxed elementor-section-height-default elementor-section-height-default\" data-id=\"1bce469\" data-element_type=\"section\" data-e-type=\"section\">\n\t\t\t\t\t\t<div class=\"elementor-container elementor-column-gap-default\">\n\t\t\t\t\t<div class=\"elementor-column elementor-col-100 elementor-top-column elementor-element elementor-element-763ff34\" data-id=\"763ff34\" data-element_type=\"column\" data-e-type=\"column\">\n\t\t\t<div class=\"elementor-widget-wrap elementor-element-populated\">\n\t\t\t\t\t\t<div class=\"elementor-element elementor-element-7c113a2 elementor-widget elementor-widget-heading\" data-id=\"7c113a2\" data-element_type=\"widget\" data-e-type=\"widget\" data-widget_type=\"heading.default\">\n\t\t\t\t<div class=\"elementor-widget-container\">\n\t\t\t\t\t<h2 class=\"elementor-heading-title elementor-size-default\">St\u00e4rkung der nordamerikanischen Versorgung f\u00fcr Produkte, die nicht im Inland hergestellt werden.<\/h2>\t\t\t\t<\/div>\n\t\t\t\t<\/div>\n\t\t\t\t<div class=\"elementor-element elementor-element-0e1c4a0 elementor-widget elementor-widget-heading\" data-id=\"0e1c4a0\" data-element_type=\"widget\" data-e-type=\"widget\" data-widget_type=\"heading.default\">\n\t\t\t\t<div class=\"elementor-widget-container\">\n\t\t\t\t\t<h2 class=\"elementor-heading-title elementor-size-default\">Viele der von uns gelieferten Produkte werden nicht in Nordamerika hergestellt, oder inl\u00e4ndische Hersteller k\u00f6nnen die volle Nachfrage nordamerikanischer Kunden nicht decken. Wir schlie\u00dfen diese L\u00fccke mit einer zuverl\u00e4ssigen globalen Beschaffung, die alle Qualit\u00e4ts- und regulatorischen Anforderungen erf\u00fcllt. Wir bieten eine nahtlose Lieferung an Ihr Dock mit der gleichen Zuverl\u00e4ssigkeit und Qualit\u00e4t, die von im Inland hergestellten Produkten erwartet wird.   <\/h2>\t\t\t\t<\/div>\n\t\t\t\t<\/div>\n\t\t\t\t\t<\/div>\n\t\t<\/div>\n\t\t\t\t\t<\/div>\n\t\t<\/section>\n\t\t\t\t<\/div>\n\t\t","protected":false},"excerpt":{"rendered":"<p>Warum sollten Sie sich f\u00fcr Alvos entscheiden? Wir sind kundenorientiert. Unser Ziel ist es, unseren Kunden Wettbewerbsvorteile zu verschaffen. Wir handeln nach einer kundenorientierten Philosophie und sind bestrebt, jedem unserer Kunden Wettbewerbsvorteile zu verschaffen. Als Experten f\u00fcr die globale Beschaffung von Spezialchemikalien und die Optimierung der Lieferkette identifizieren wir systematisch Ineffizienzen in der gesamten Lieferkette [&hellip;]<\/p>\n","protected":false},"author":1,"featured_media":0,"parent":0,"menu_order":0,"comment_status":"closed","ping_status":"closed","template":"","meta":{"_acf_changed":false,"footnotes":""},"class_list":["post-9035","page","type-page","status-publish","hentry"],"acf":[],"_links":{"self":[{"href":"https:\/\/alvosinternational.com\/de\/wp-json\/wp\/v2\/pages\/9035","targetHints":{"allow":["GET"]}}],"collection":[{"href":"https:\/\/alvosinternational.com\/de\/wp-json\/wp\/v2\/pages"}],"about":[{"href":"https:\/\/alvosinternational.com\/de\/wp-json\/wp\/v2\/types\/page"}],"author":[{"embeddable":true,"href":"https:\/\/alvosinternational.com\/de\/wp-json\/wp\/v2\/users\/1"}],"replies":[{"embeddable":true,"href":"https:\/\/alvosinternational.com\/de\/wp-json\/wp\/v2\/comments?post=9035"}],"version-history":[{"count":3,"href":"https:\/\/alvosinternational.com\/de\/wp-json\/wp\/v2\/pages\/9035\/revisions"}],"predecessor-version":[{"id":9467,"href":"https:\/\/alvosinternational.com\/de\/wp-json\/wp\/v2\/pages\/9035\/revisions\/9467"}],"wp:attachment":[{"href":"https:\/\/alvosinternational.com\/de\/wp-json\/wp\/v2\/media?parent=9035"}],"curies":[{"name":"wp","href":"https:\/\/api.w.org\/{rel}","templated":true}]}}