{"id":9031,"date":"2025-11-30T04:50:05","date_gmt":"2025-11-30T04:50:05","guid":{"rendered":"https:\/\/alvosinternational.com\/duengemittel\/"},"modified":"2025-12-01T01:57:17","modified_gmt":"2025-12-01T01:57:17","slug":"duengemittel","status":"publish","type":"page","link":"https:\/\/alvosinternational.com\/de\/duengemittel\/","title":{"rendered":"D\u00dcNGEMITTEL"},"content":{"rendered":"\t\t<div data-elementor-type=\"wp-page\" data-elementor-id=\"9031\" class=\"elementor elementor-9031 elementor-8623\" data-elementor-post-type=\"page\">\n\t\t\t\t\t\t<section class=\"elementor-section elementor-top-section elementor-element elementor-element-7b76f4f elementor-section-boxed elementor-section-height-default elementor-section-height-default\" data-id=\"7b76f4f\" data-element_type=\"section\" data-e-type=\"section\" data-settings=\"{&quot;background_background&quot;:&quot;classic&quot;}\">\n\t\t\t\t\t\t\t<div class=\"elementor-background-overlay\"><\/div>\n\t\t\t\t\t\t\t<div class=\"elementor-container elementor-column-gap-default\">\n\t\t\t\t\t<div class=\"elementor-column elementor-col-100 elementor-top-column elementor-element elementor-element-2413d14\" data-id=\"2413d14\" data-element_type=\"column\" data-e-type=\"column\">\n\t\t\t<div class=\"elementor-widget-wrap\">\n\t\t\t\t\t\t\t<\/div>\n\t\t<\/div>\n\t\t\t\t\t<\/div>\n\t\t<\/section>\n\t\t\t\t<section class=\"elementor-section elementor-top-section elementor-element elementor-element-a3bf638 elementor-section-boxed elementor-section-height-default elementor-section-height-default\" data-id=\"a3bf638\" data-element_type=\"section\" data-e-type=\"section\">\n\t\t\t\t\t\t<div class=\"elementor-container elementor-column-gap-default\">\n\t\t\t\t\t<div class=\"elementor-column elementor-col-100 elementor-top-column elementor-element elementor-element-f3ba3d6\" data-id=\"f3ba3d6\" data-element_type=\"column\" data-e-type=\"column\">\n\t\t\t<div class=\"elementor-widget-wrap elementor-element-populated\">\n\t\t\t\t\t\t<div class=\"elementor-element elementor-element-3f28c2a elementor-widget elementor-widget-heading\" data-id=\"3f28c2a\" data-element_type=\"widget\" data-e-type=\"widget\" data-widget_type=\"heading.default\">\n\t\t\t\t<div class=\"elementor-widget-container\">\n\t\t\t\t\t<h2 class=\"elementor-heading-title elementor-size-default\">D\u00fcngemittel-Inhaltsstoffe<\/h2>\t\t\t\t<\/div>\n\t\t\t\t<\/div>\n\t\t\t\t\t<\/div>\n\t\t<\/div>\n\t\t\t\t\t<\/div>\n\t\t<\/section>\n\t\t\t\t<section class=\"elementor-section elementor-top-section elementor-element elementor-element-9462451 elementor-section-boxed elementor-section-height-default elementor-section-height-default\" data-id=\"9462451\" data-element_type=\"section\" data-e-type=\"section\">\n\t\t\t\t\t\t<div class=\"elementor-container elementor-column-gap-default\">\n\t\t\t\t\t<div class=\"elementor-column elementor-col-100 elementor-top-column elementor-element elementor-element-5209b56\" data-id=\"5209b56\" data-element_type=\"column\" data-e-type=\"column\">\n\t\t\t<div class=\"elementor-widget-wrap elementor-element-populated\">\n\t\t\t\t\t\t<div class=\"elementor-element elementor-element-fc53e67 elementor-widget elementor-widget-heading\" data-id=\"fc53e67\" data-element_type=\"widget\" data-e-type=\"widget\" data-widget_type=\"heading.default\">\n\t\t\t\t<div class=\"elementor-widget-container\">\n\t\t\t\t\t<h2 class=\"elementor-heading-title elementor-size-default\">Eisessig\n\n<br>\n\nAmmoniumchlorid\n\n<br>\n\nBors\u00e4ure\n\n<br>\n\nCalciumchlorid 77 % Flocken\n\n<br>\n\nCalciumchlorid 94% Pulver\n\n<br>\n\nCalciumchlorid 94 % Prills\n\n<br>\n\nCalciumformiat\n\n<br>\n\nCalciumnitrat-Perlen\n\n<br>\n\nCalciumnitrat-Kristalle (Ammoniumfrei)\n\n<br>\n\n\u00c4tznatronperlen\n\n<br>\n\nWasserfreie Zitronens\u00e4ure\n\n<br>\n\nKupfercarbonat\n\n<br>\n\nKupferhydroxid\n\n<br>\n\nKupferoxychlorid\n\n<br>\n\nKupfersulfat-Pentahydrat\n\n<br>\n\nDiammoniumphosphat\n\n<br>\n\nDicyandiamid\n\n<br>\n\nDTPA-S\u00e4ure\n\n<br>\n\nDTPA Fe 11 %\n\n<br>\n\nDTPA Mn 10 %\n\n<br>\n\nDTPA Zn\n\n<br>\n\nEDDHA Fe 6 % - 4,8 % ortho-ortho\n\n<br>\n\nEDDHA Fe 6 % - 5,2 % ortho-ortho\n\n<br>\n\nEDTA-S\u00e4ure\n\n<br>\n\nEDTA Ca\n\n<br>\n\nEDTA Cu 15 %\n\n<br>\n\nEDTA Dinatrium\n\n<br>\n\nEDTA Fe 13 % \n\n<br>\n\nEDTA Mn 13 %\n\n<br>\n\nEDTA Zn 15 % \n\n<br>\n\nEisen(II)-sulfat-Heptahydrat 20 %\n\n<br>\n\nEisen(II)-sulfat-Monohydrat Granulat 30 %\n\n<br>\n\nEisen(II)-sulfat-Monohydrat Pulver 30 %\n\n<br>\n\nAmeisens\u00e4ure\n\n<br>\n\nGlycinbetain (Betain wasserfrei)\n\n<br>\n\nGlyoxyls\u00e4ure\n\n<br>\n\nGranuliertes Bor 10 %\n\n<br>\n\nGranuliertes Bor 15 %\n\n<br>\n\nGuarkernmehl Pulver 200 Mesh\n\n<br>\n\nMagnesiumchlorid-Flocken\n\n<br>\n\nMagnesiumnitrat-Perlen\n\n<br>\n\nMagnesiumnitrat-Kristall\n\n<br>\n\nMagnesiumsulfat 9,8 % Heptahydrat\n\n<br>\n\nMagnesiumsulfat wasserfrei Granulat\n\n<br>\n\nMagnesiumsulfat wasserfrei Pulver\n\n<br>\n\nMagnesiumsulfat-Trihydrat\n\n<br>\n\nMagnesiumsulfat-Monohydrat Pulver\n\n<br>\n\nMangancarbonat 44 % \n\n<br>\n\nManganoxid 60 %\n\n<br>\n\nMangansulfat Granulat 31,5 %\n\n<br>\n\nMangansulfat Pulver 32 %\n\n<br>\n\nMonoammoniumphosphat\n\n<br>\n\nMonoethanolamin\n\n<br>\n\nMGDA Trinatrium 40 %\n\n<br>\n\nMikro-Prill-Harnstoff\n\n<br>\n\nNBPT\n\n<br>\n\np-Aminobenzoes\u00e4ure\n\n<br>\n\nPara-Hydroxybenzoes\u00e4ure\n\n<br>\n\nPhosphors\u00e4ure 75 %\n\n<br>\n\nPhosphors\u00e4ure 85 %\n\n<br>\n\nPhosphorige S\u00e4ure 98,5 %\n\n<br>\n\nPhosphorige S\u00e4ure 99 %\n\n<br>\n\nPolyphosphors\u00e4ure 105%\n\n<br>\n\nKaliumacetat\n\n<br>\n\nKaliumbicarbonat\n\n<br>\n\nKaliumcarbonat\n\n<br>\n\nKaliumformiat 75% Fl\u00fcssigkeit\n\n<br>\n\nKaliumformiat 97 % Flocken\n\n<br>\n\nKaliumhydroxid 90% Flocken\n\n<br>\n\nKaliumnitrat\n\n<br>\n\nKaliumsulfat\n\n<br>\n\nPropylencarbonat\n\n<br>\n\nProteinhydrolysat 90 %\n\n<br>\n\nSalicyls\u00e4ure\n\n<br>\n\nNatriumcitrat\n\n<br>\n\nNatriumformiat\n\n<br>\n\nNatriumgluconat\n\n<br>\n\nL\u00f6sliches Bor (Dinatriumoctaborat)\n\n<br>\n\nHarnstoffphosphat\n\n<br>\n\nZinkcarbonat\n\n<br>\n\nZinkchlorid 98 %\n\n<br>\n\nZinkoxid 72 %\n\n<br>\n\nZinkoxid Gold Seal 99,5 %\n\n<br>\n\nZinksulfat Granulat 35,5 %\n\n<br>\n\nZinksulfat-Monohydrat 35,5 % Pulver \n\n<br>\n<\/h2>\t\t\t\t<\/div>\n\t\t\t\t<\/div>\n\t\t\t\t\t<\/div>\n\t\t<\/div>\n\t\t\t\t\t<\/div>\n\t\t<\/section>\n\t\t\t\t<section class=\"elementor-section elementor-top-section elementor-element elementor-element-bd17656 elementor-section-boxed elementor-section-height-default elementor-section-height-default\" data-id=\"bd17656\" data-element_type=\"section\" data-e-type=\"section\">\n\t\t\t\t\t\t<div class=\"elementor-container elementor-column-gap-default\">\n\t\t\t\t\t<div class=\"elementor-column elementor-col-100 elementor-top-column elementor-element elementor-element-0ca3451\" data-id=\"0ca3451\" data-element_type=\"column\" data-e-type=\"column\">\n\t\t\t<div class=\"elementor-widget-wrap\">\n\t\t\t\t\t\t\t<\/div>\n\t\t<\/div>\n\t\t\t\t\t<\/div>\n\t\t<\/section>\n\t\t\t\t<\/div>\n\t\t","protected":false},"excerpt":{"rendered":"<p>D\u00fcngemittel-Inhaltsstoffe Eisessig Ammoniumchlorid Bors\u00e4ure Calciumchlorid 77 % Flocken Calciumchlorid 94% Pulver Calciumchlorid 94 % Prills Calciumformiat Calciumnitrat-Perlen Calciumnitrat-Kristalle (Ammoniumfrei) \u00c4tznatronperlen Wasserfreie Zitronens\u00e4ure Kupfercarbonat Kupferhydroxid Kupferoxychlorid Kupfersulfat-Pentahydrat Diammoniumphosphat Dicyandiamid DTPA-S\u00e4ure DTPA Fe 11 % DTPA Mn 10 % DTPA Zn EDDHA Fe 6 % &#8211; 4,8 % ortho-ortho EDDHA Fe 6 % &#8211; 5,2 % ortho-ortho [&hellip;]<\/p>\n","protected":false},"author":1,"featured_media":0,"parent":0,"menu_order":0,"comment_status":"closed","ping_status":"closed","template":"","meta":{"_acf_changed":false,"footnotes":""},"class_list":["post-9031","page","type-page","status-publish","hentry"],"acf":[],"_links":{"self":[{"href":"https:\/\/alvosinternational.com\/de\/wp-json\/wp\/v2\/pages\/9031","targetHints":{"allow":["GET"]}}],"collection":[{"href":"https:\/\/alvosinternational.com\/de\/wp-json\/wp\/v2\/pages"}],"about":[{"href":"https:\/\/alvosinternational.com\/de\/wp-json\/wp\/v2\/types\/page"}],"author":[{"embeddable":true,"href":"https:\/\/alvosinternational.com\/de\/wp-json\/wp\/v2\/users\/1"}],"replies":[{"embeddable":true,"href":"https:\/\/alvosinternational.com\/de\/wp-json\/wp\/v2\/comments?post=9031"}],"version-history":[{"count":1,"href":"https:\/\/alvosinternational.com\/de\/wp-json\/wp\/v2\/pages\/9031\/revisions"}],"predecessor-version":[{"id":9033,"href":"https:\/\/alvosinternational.com\/de\/wp-json\/wp\/v2\/pages\/9031\/revisions\/9033"}],"wp:attachment":[{"href":"https:\/\/alvosinternational.com\/de\/wp-json\/wp\/v2\/media?parent=9031"}],"curies":[{"name":"wp","href":"https:\/\/api.w.org\/{rel}","templated":true}]}}