{"id":8943,"date":"2025-11-30T14:59:41","date_gmt":"2025-11-30T14:59:41","guid":{"rendered":"https:\/\/alvosinternational.com\/oel-und-gas\/"},"modified":"2025-12-01T04:06:34","modified_gmt":"2025-12-01T04:06:34","slug":"oel-und-gas","status":"publish","type":"page","link":"https:\/\/alvosinternational.com\/de\/oel-und-gas\/","title":{"rendered":"\u00d6L UND GAS"},"content":{"rendered":"\t\t<div data-elementor-type=\"wp-page\" data-elementor-id=\"8943\" class=\"elementor elementor-8943 elementor-8692\" data-elementor-post-type=\"page\">\n\t\t\t\t\t\t<section class=\"elementor-section elementor-top-section elementor-element elementor-element-7b76f4f elementor-hidden-mobile elementor-section-boxed elementor-section-height-default elementor-section-height-default\" data-id=\"7b76f4f\" data-element_type=\"section\" data-e-type=\"section\" data-settings=\"{&quot;background_background&quot;:&quot;classic&quot;}\">\n\t\t\t\t\t\t\t<div class=\"elementor-background-overlay\"><\/div>\n\t\t\t\t\t\t\t<div class=\"elementor-container elementor-column-gap-default\">\n\t\t\t\t\t<div class=\"elementor-column elementor-col-100 elementor-top-column elementor-element elementor-element-2413d14\" data-id=\"2413d14\" data-element_type=\"column\" data-e-type=\"column\">\n\t\t\t<div class=\"elementor-widget-wrap\">\n\t\t\t\t\t\t\t<\/div>\n\t\t<\/div>\n\t\t\t\t\t<\/div>\n\t\t<\/section>\n\t\t\t\t<section class=\"elementor-section elementor-top-section elementor-element elementor-element-a3bf638 elementor-section-boxed elementor-section-height-default elementor-section-height-default\" data-id=\"a3bf638\" data-element_type=\"section\" data-e-type=\"section\">\n\t\t\t\t\t\t<div class=\"elementor-container elementor-column-gap-default\">\n\t\t\t\t\t<div class=\"elementor-column elementor-col-100 elementor-top-column elementor-element elementor-element-f3ba3d6\" data-id=\"f3ba3d6\" data-element_type=\"column\" data-e-type=\"column\">\n\t\t\t<div class=\"elementor-widget-wrap elementor-element-populated\">\n\t\t\t\t\t\t<div class=\"elementor-element elementor-element-3f28c2a elementor-widget elementor-widget-heading\" data-id=\"3f28c2a\" data-element_type=\"widget\" data-e-type=\"widget\" data-widget_type=\"heading.default\">\n\t\t\t\t<div class=\"elementor-widget-container\">\n\t\t\t\t\t<h2 class=\"elementor-heading-title elementor-size-default\">\u00d6l und Gas<\/h2>\t\t\t\t<\/div>\n\t\t\t\t<\/div>\n\t\t\t\t\t<\/div>\n\t\t<\/div>\n\t\t\t\t\t<\/div>\n\t\t<\/section>\n\t\t\t\t<section class=\"elementor-section elementor-top-section elementor-element elementor-element-9462451 elementor-section-boxed elementor-section-height-default elementor-section-height-default\" data-id=\"9462451\" data-element_type=\"section\" data-e-type=\"section\">\n\t\t\t\t\t\t<div class=\"elementor-container elementor-column-gap-default\">\n\t\t\t\t\t<div class=\"elementor-column elementor-col-100 elementor-top-column elementor-element elementor-element-5209b56\" data-id=\"5209b56\" data-element_type=\"column\" data-e-type=\"column\">\n\t\t\t<div class=\"elementor-widget-wrap elementor-element-populated\">\n\t\t\t\t\t\t<div class=\"elementor-element elementor-element-fc53e67 elementor-widget elementor-widget-heading\" data-id=\"fc53e67\" data-element_type=\"widget\" data-e-type=\"widget\" data-widget_type=\"heading.default\">\n\t\t\t\t<div class=\"elementor-widget-container\">\n\t\t\t\t\t<h2 class=\"elementor-heading-title elementor-size-default\">Ammoniumpersulfat\n<br>ATMP 50%\n<br>Calciumchlorid 94% Pulver\n<br>Calciumformiat\n<br>Calciumnitrat\n<br>\u00c4tznatronperlen\n<br>Cholinchlorid 70% fl\u00fcssig\n<br>Wasserfreie Zitronens\u00e4ure\n<br>Guarkernmehl 35-40\n<br>Guarkernmehl 40-45\n<br>Monoethanolamin\n<br>PBTC 50%\n<br>Polyacrylamid\n<br>Polyanionische Zellulose PAC LV\n<br>Polyanionische Zellulose PAC R\n<br>Polyphosphors\u00e4ure 105%\n<br>Kaliumformiat 75% Fl\u00fcssigkeit\n<br>Kaliumformiat 97%\n<br>Kaliumhydroxid 90% Flocken\n<br>SAPP\n<br>Natriumerythorbat\n<br>Natriumformiat\n<br>Natriumgluconat\n<br>Natriumperoxodisulfat\n<br>Sulfamins\u00e4ure\n<br>Sulfoniertes Asphalt\n<br>THPS 75%\n<br>Xanthangummi API-Qualit\u00e4t\n<br>Zinkcarbonat\n<br><\/h2>\t\t\t\t<\/div>\n\t\t\t\t<\/div>\n\t\t\t\t\t<\/div>\n\t\t<\/div>\n\t\t\t\t\t<\/div>\n\t\t<\/section>\n\t\t\t\t<section class=\"elementor-section elementor-top-section elementor-element elementor-element-bd17656 elementor-section-boxed elementor-section-height-default elementor-section-height-default\" data-id=\"bd17656\" data-element_type=\"section\" data-e-type=\"section\">\n\t\t\t\t\t\t<div class=\"elementor-container elementor-column-gap-default\">\n\t\t\t\t\t<div class=\"elementor-column elementor-col-100 elementor-top-column elementor-element elementor-element-0ca3451\" data-id=\"0ca3451\" data-element_type=\"column\" data-e-type=\"column\">\n\t\t\t<div class=\"elementor-widget-wrap\">\n\t\t\t\t\t\t\t<\/div>\n\t\t<\/div>\n\t\t\t\t\t<\/div>\n\t\t<\/section>\n\t\t\t\t<\/div>\n\t\t","protected":false},"excerpt":{"rendered":"<p>\u00d6l und Gas Ammoniumpersulfat ATMP 50% Calciumchlorid 94% Pulver Calciumformiat Calciumnitrat \u00c4tznatronperlen Cholinchlorid 70% fl\u00fcssig Wasserfreie Zitronens\u00e4ure Guarkernmehl 35-40 Guarkernmehl 40-45 Monoethanolamin PBTC 50% Polyacrylamid Polyanionische Zellulose PAC LV Polyanionische Zellulose PAC R Polyphosphors\u00e4ure 105% Kaliumformiat 75% Fl\u00fcssigkeit Kaliumformiat 97% Kaliumhydroxid 90% Flocken SAPP Natriumerythorbat Natriumformiat Natriumgluconat Natriumperoxodisulfat Sulfamins\u00e4ure Sulfoniertes Asphalt THPS 75% Xanthangummi API-Qualit\u00e4t [&hellip;]<\/p>\n","protected":false},"author":1,"featured_media":0,"parent":0,"menu_order":0,"comment_status":"closed","ping_status":"closed","template":"","meta":{"_acf_changed":false,"footnotes":""},"class_list":["post-8943","page","type-page","status-publish","hentry"],"acf":[],"_links":{"self":[{"href":"https:\/\/alvosinternational.com\/de\/wp-json\/wp\/v2\/pages\/8943","targetHints":{"allow":["GET"]}}],"collection":[{"href":"https:\/\/alvosinternational.com\/de\/wp-json\/wp\/v2\/pages"}],"about":[{"href":"https:\/\/alvosinternational.com\/de\/wp-json\/wp\/v2\/types\/page"}],"author":[{"embeddable":true,"href":"https:\/\/alvosinternational.com\/de\/wp-json\/wp\/v2\/users\/1"}],"replies":[{"embeddable":true,"href":"https:\/\/alvosinternational.com\/de\/wp-json\/wp\/v2\/comments?post=8943"}],"version-history":[{"count":6,"href":"https:\/\/alvosinternational.com\/de\/wp-json\/wp\/v2\/pages\/8943\/revisions"}],"predecessor-version":[{"id":9531,"href":"https:\/\/alvosinternational.com\/de\/wp-json\/wp\/v2\/pages\/8943\/revisions\/9531"}],"wp:attachment":[{"href":"https:\/\/alvosinternational.com\/de\/wp-json\/wp\/v2\/media?parent=8943"}],"curies":[{"name":"wp","href":"https:\/\/api.w.org\/{rel}","templated":true}]}}