{"id":8844,"date":"2025-11-30T17:03:21","date_gmt":"2025-11-30T17:03:21","guid":{"rendered":"https:\/\/alvosinternational.com\/reinigungsmittel-und-reiniger\/"},"modified":"2025-12-01T04:11:46","modified_gmt":"2025-12-01T04:11:46","slug":"reinigungsmittel-und-reiniger","status":"publish","type":"page","link":"https:\/\/alvosinternational.com\/de\/reinigungsmittel-und-reiniger\/","title":{"rendered":"REINIGUNGSMITTEL UND REINIGER"},"content":{"rendered":"\t\t<div data-elementor-type=\"wp-page\" data-elementor-id=\"8844\" class=\"elementor elementor-8844 elementor-8784\" data-elementor-post-type=\"page\">\n\t\t\t\t\t\t<section class=\"elementor-section elementor-top-section elementor-element elementor-element-7b76f4f elementor-hidden-mobile elementor-section-boxed elementor-section-height-default elementor-section-height-default\" data-id=\"7b76f4f\" data-element_type=\"section\" data-e-type=\"section\" data-settings=\"{&quot;background_background&quot;:&quot;classic&quot;}\">\n\t\t\t\t\t\t\t<div class=\"elementor-background-overlay\"><\/div>\n\t\t\t\t\t\t\t<div class=\"elementor-container elementor-column-gap-default\">\n\t\t\t\t\t<div class=\"elementor-column elementor-col-100 elementor-top-column elementor-element elementor-element-2413d14\" data-id=\"2413d14\" data-element_type=\"column\" data-e-type=\"column\">\n\t\t\t<div class=\"elementor-widget-wrap\">\n\t\t\t\t\t\t\t<\/div>\n\t\t<\/div>\n\t\t\t\t\t<\/div>\n\t\t<\/section>\n\t\t\t\t<section class=\"elementor-section elementor-top-section elementor-element elementor-element-a3bf638 elementor-section-boxed elementor-section-height-default elementor-section-height-default\" data-id=\"a3bf638\" data-element_type=\"section\" data-e-type=\"section\">\n\t\t\t\t\t\t<div class=\"elementor-container elementor-column-gap-default\">\n\t\t\t\t\t<div class=\"elementor-column elementor-col-100 elementor-top-column elementor-element elementor-element-f3ba3d6\" data-id=\"f3ba3d6\" data-element_type=\"column\" data-e-type=\"column\">\n\t\t\t<div class=\"elementor-widget-wrap elementor-element-populated\">\n\t\t\t\t\t\t<div class=\"elementor-element elementor-element-3f28c2a elementor-widget elementor-widget-heading\" data-id=\"3f28c2a\" data-element_type=\"widget\" data-e-type=\"widget\" data-widget_type=\"heading.default\">\n\t\t\t\t<div class=\"elementor-widget-container\">\n\t\t\t\t\t<h2 class=\"elementor-heading-title elementor-size-default\">Reinigungsmittel und Reiniger<\/h2>\t\t\t\t<\/div>\n\t\t\t\t<\/div>\n\t\t\t\t\t<\/div>\n\t\t<\/div>\n\t\t\t\t\t<\/div>\n\t\t<\/section>\n\t\t\t\t<section class=\"elementor-section elementor-top-section elementor-element elementor-element-9462451 elementor-section-boxed elementor-section-height-default elementor-section-height-default\" data-id=\"9462451\" data-element_type=\"section\" data-e-type=\"section\">\n\t\t\t\t\t\t<div class=\"elementor-container elementor-column-gap-default\">\n\t\t\t\t\t<div class=\"elementor-column elementor-col-100 elementor-top-column elementor-element elementor-element-5209b56\" data-id=\"5209b56\" data-element_type=\"column\" data-e-type=\"column\">\n\t\t\t<div class=\"elementor-widget-wrap elementor-element-populated\">\n\t\t\t\t\t\t<div class=\"elementor-element elementor-element-fc53e67 elementor-widget elementor-widget-heading\" data-id=\"fc53e67\" data-element_type=\"widget\" data-e-type=\"widget\" data-widget_type=\"heading.default\">\n\t\t\t\t<div class=\"elementor-widget-container\">\n\t\t\t\t\t<h2 class=\"elementor-heading-title elementor-size-default\">Ammoniumbifluorid\n<br>\u00c4tznatronperlen\n<br>Wasserfreie Zitronens\u00e4ure\n<br>EDTA Tetranatrium 40% fl\u00fcssig\n<br>EDTA Tetranatrium Pulver\n<br>Monoethanolamin\n<br>NTA Trinatrium\n<br>Oxals\u00e4ure\n<br>Phosphors\u00e4ure 75 %\n<br>Phosphors\u00e4ure 85 %\n<br>Polysorbat 80 \u2013 Sorbitanmonooleat ethoxyliert\n<br>Kaliumhydroxid 90% Flocken\n<br>SAPP\n<br>Natriumcitrat\n<br>Natriumgluconat\n<br>Natriummetasilikat Pentahydrat\n<br>Natriumperborat Tetrahydrat\n<br>STPP Dicht\n<br>STPP Leicht\n<br>STPP Mittel\n<br>Sulfamins\u00e4ure\n<br>Sulfatiertes Rizinus\u00f6l 75 %\n<br>Trinatriumphosphat Dodecahydrat\n<br><\/h2>\t\t\t\t<\/div>\n\t\t\t\t<\/div>\n\t\t\t\t\t<\/div>\n\t\t<\/div>\n\t\t\t\t\t<\/div>\n\t\t<\/section>\n\t\t\t\t<section class=\"elementor-section elementor-top-section elementor-element elementor-element-bd17656 elementor-section-boxed elementor-section-height-default elementor-section-height-default\" data-id=\"bd17656\" data-element_type=\"section\" data-e-type=\"section\">\n\t\t\t\t\t\t<div class=\"elementor-container elementor-column-gap-default\">\n\t\t\t\t\t<div class=\"elementor-column elementor-col-100 elementor-top-column elementor-element elementor-element-0ca3451\" data-id=\"0ca3451\" data-element_type=\"column\" data-e-type=\"column\">\n\t\t\t<div class=\"elementor-widget-wrap\">\n\t\t\t\t\t\t\t<\/div>\n\t\t<\/div>\n\t\t\t\t\t<\/div>\n\t\t<\/section>\n\t\t\t\t<\/div>\n\t\t","protected":false},"excerpt":{"rendered":"<p>Reinigungsmittel und Reiniger Ammoniumbifluorid \u00c4tznatronperlen Wasserfreie Zitronens\u00e4ure EDTA Tetranatrium 40% fl\u00fcssig EDTA Tetranatrium Pulver Monoethanolamin NTA Trinatrium Oxals\u00e4ure Phosphors\u00e4ure 75 % Phosphors\u00e4ure 85 % Polysorbat 80 \u2013 Sorbitanmonooleat ethoxyliert Kaliumhydroxid 90% Flocken SAPP Natriumcitrat Natriumgluconat Natriummetasilikat Pentahydrat Natriumperborat Tetrahydrat STPP Dicht STPP Leicht STPP Mittel Sulfamins\u00e4ure Sulfatiertes Rizinus\u00f6l 75 % Trinatriumphosphat Dodecahydrat<\/p>\n","protected":false},"author":1,"featured_media":0,"parent":0,"menu_order":0,"comment_status":"closed","ping_status":"closed","template":"","meta":{"_acf_changed":false,"footnotes":""},"class_list":["post-8844","page","type-page","status-publish","hentry"],"acf":[],"_links":{"self":[{"href":"https:\/\/alvosinternational.com\/de\/wp-json\/wp\/v2\/pages\/8844","targetHints":{"allow":["GET"]}}],"collection":[{"href":"https:\/\/alvosinternational.com\/de\/wp-json\/wp\/v2\/pages"}],"about":[{"href":"https:\/\/alvosinternational.com\/de\/wp-json\/wp\/v2\/types\/page"}],"author":[{"embeddable":true,"href":"https:\/\/alvosinternational.com\/de\/wp-json\/wp\/v2\/users\/1"}],"replies":[{"embeddable":true,"href":"https:\/\/alvosinternational.com\/de\/wp-json\/wp\/v2\/comments?post=8844"}],"version-history":[{"count":5,"href":"https:\/\/alvosinternational.com\/de\/wp-json\/wp\/v2\/pages\/8844\/revisions"}],"predecessor-version":[{"id":9558,"href":"https:\/\/alvosinternational.com\/de\/wp-json\/wp\/v2\/pages\/8844\/revisions\/9558"}],"wp:attachment":[{"href":"https:\/\/alvosinternational.com\/de\/wp-json\/wp\/v2\/media?parent=8844"}],"curies":[{"name":"wp","href":"https:\/\/api.w.org\/{rel}","templated":true}]}}